{"id":746875,"date":"2025-08-28T02:53:18","date_gmt":"2025-08-27T23:53:18","guid":{"rendered":"https:\/\/roveyayinevi.com.tr\/index.php\/urun\/bu-defteri-kimse-okumasin\/"},"modified":"2026-04-08T03:06:29","modified_gmt":"2026-04-08T00:06:29","slug":"bu-defteri-kimse-okumasin","status":"publish","type":"product","link":"https:\/\/roveyayinevi.com.tr\/index.php\/urun\/bu-defteri-kimse-okumasin\/","title":{"rendered":"Bu Defteri Kimse Okumas\u0131n"},"content":{"rendered":"<p>Ge\u00e7mi\u015fin g\u00f6lgeleriyle, alt\u0131 kaynayan \u00fcst\u00fc donan bir ada \u00fclkesine yolculuk!Jessica Scott Kerrin&#8217;in imzas\u0131n\u0131 ta\u015f\u0131yan Bu Defteri Kimse Okumas\u0131n, &#8221;Ate\u015f ve Buz \u00dclkesi&#8221; olarak an\u0131lan \u0130zlanda&#8217;n\u0131n vah\u015fi ama bir o kadar da b\u00fcy\u00fcleyici atmosferinde ge\u00e7en derinlikli bir kendini aray\u0131\u015f roman\u0131.Usta bir \u015fairin dizelerinden ve ya\u015fam\u0131ndan esinle dokunakl\u0131 bir dede-torun hik\u00e2yesi anlatan kitap, kay\u0131p ve yas gibi, \u00e7ocuklar\u0131n d\u00fcnyas\u0131n\u0131 sarsabilecek hassas konulara e\u011filiyor.     Kimi ebeveynlerin tak\u0131nt\u0131 h\u00e2line d\u00f6n\u00fc\u015ft\u00fcrd\u00fc\u011f\u00fc &#8221;m\u00fckemmellik&#8221; alg\u0131s\u0131n\u0131 usulca ele\u015ftiren yazar; ba\u015far\u0131ya ve devaml\u0131 \u00f6v\u00fclmeye al\u0131\u015fan \u00e7ocuklar\u0131n y\u00fczle\u015fmek zorunda kalabilecekleri olas\u0131 hayal k\u0131r\u0131kl\u0131klar\u0131n\u0131 duyarl\u0131l\u0131kla yans\u0131t\u0131yor. Bu kitab\u0131n sayfalar\u0131n\u0131n aras\u0131nda; bir \u00e7at\u0131 dolusu yarasa, patlayan volkanlar, a\u00e7\u0131k hava kapl\u0131calar\u0131, bitimsiz k\u0131rlarda gezinen koyunlar, bir bavul dolusu \u00e7orap, duman\u0131 \u00fcst\u00fcnde t\u00fcten g\u00fcve\u00e7ler, \u015fa\u015faal\u0131 bir madalya ve atalar\u0131 Vikinglere dayanan bir dolu iyi insan var. Ama belki de en \u00f6nemlisi, ge\u00e7mi\u015f g\u00fczel an\u0131lar\u0131n\u0131 hi\u00e7 unut(a)mayan bir dede ile torunu var&#8230; Owen, ailesinin deyimiyle &#8221;m\u00fckemmel&#8221; bir \u00e7ocuk. Derslerinde \u00e7ok ba\u015far\u0131l\u0131, harika foto\u011fraflar \u00e7ekiyor ve hatta \u015fiir bile yaz\u0131yor! Derken bir g\u00fcn, h\u0131rs\u0131na yenilerek kendisinden hi\u00e7 beklenmeyecek bir hata yap\u0131yor. Ba\u015flang\u0131\u00e7ta kimselerin fark etmedi\u011fi bu hata, son g\u00fcnlerde unutkanl\u0131\u011f\u0131 artan b\u00fcy\u00fckbabas\u0131n\u0131n d\u00fc\u015ft\u00fc\u011f\u00fc bir yan\u0131lg\u0131yla b\u00fcy\u00fcyor, b\u00fcy\u00fcyor ve gen\u00e7 adam\u0131n omuzlar\u0131na y\u00fck oluyor. Bir yanda pi\u015fmanl\u0131k, di\u011fer yanda i\u015flerin kontrolden \u00e7\u0131kmas\u0131 derken Owen \u00e7\u00f6z\u00fcm\u00fc \u0130zlanda&#8217;ya gitmekte buluyor. Lakin planlar\u0131 hi\u00e7 de umdu\u011fu gibi ilerlemiyor. B\u00fcy\u00fckbabas\u0131 Neville&#8217;\u0131n daha u\u00e7a\u011fa binmeden sergiledi\u011fi tuhaf davran\u0131\u015flar, seyahatlerinin seyrini bamba\u015fka bir istikamete \u00e7eviriyor ve macera ba\u015fl\u0131yor!     Gizemini sonuna kadar korumay\u0131 ba\u015faran Bu Defteri Kimse Okumas\u0131n, ge\u00e7mi\u015fin g\u00f6lgelerinden s\u0131yr\u0131lmaya \u00e7al\u0131\u015fan bir dede ile torununun, kendilerini bulmak i\u00e7in \u00e7\u0131kt\u0131klar\u0131 \u015fiir tad\u0131nda bir yolculu\u011fa ortak ediyor okurlar\u0131.   \u0130zlanda&#8217;n\u0131n do\u011fal g\u00fczelliklerini enfes betimlemeler e\u015fli\u011finde g\u00f6zlerimizde canland\u0131ran bu \u00e7ok katmanl\u0131 roman, gen\u00e7 okurlar\u0131 Owen&#8217;\u0131n izinden giderek \u015fiire, foto\u011fraf\u00e7\u0131l\u0131\u011fa ya da ar\u015fivcili\u011fe merak sarmalar\u0131 i\u00e7in heveslendiriyor.  <\/p>\n","protected":false},"excerpt":{"rendered":"<p>Ge\u00e7mi\u015fin g\u00f6lgeleriyle, alt\u0131 kaynayan \u00fcst\u00fc donan bir ada \u00fclkesine yolculuk!Jessica Scott Kerrin&#8217;in imzas\u0131n\u0131 ta\u015f\u0131yan Bu Defteri Kimse Okumas\u0131n, &#8221;Ate\u015f ve Buz \u00dclkesi&#8221; olarak an\u0131lan \u0130zlanda&#8217;n\u0131n vah\u015fi<span class=\"excerpt-hellip\"> [\u2026]<\/span><\/p>\n","protected":false},"featured_media":0,"template":"","meta":{"_monsterinsights_skip_tracking":false,"_monsterinsights_sitenote_active":false,"_monsterinsights_sitenote_note":"","_monsterinsights_sitenote_category":0},"product_brand":[],"product_cat":[12274,12284],"product_tag":[],"class_list":{"0":"post-746875","1":"product","2":"type-product","3":"status-publish","5":"product_cat-cocuk-ve-genclik-kitaplari","6":"product_cat-hikayeler","7":"pa_cilt-ciltsiz","8":"pa_tur-kitap","9":"pa_yayinevi-tudem-yayinlari","10":"pa_yazar-jessica-scott-kerrin","12":"first","13":"instock","14":"sale","15":"shipping-taxable","16":"purchasable","17":"product-type-simple"},"_links":{"self":[{"href":"https:\/\/roveyayinevi.com.tr\/index.php\/wp-json\/wp\/v2\/product\/746875","targetHints":{"allow":["GET"]}}],"collection":[{"href":"https:\/\/roveyayinevi.com.tr\/index.php\/wp-json\/wp\/v2\/product"}],"about":[{"href":"https:\/\/roveyayinevi.com.tr\/index.php\/wp-json\/wp\/v2\/types\/product"}],"wp:attachment":[{"href":"https:\/\/roveyayinevi.com.tr\/index.php\/wp-json\/wp\/v2\/media?parent=746875"}],"wp:term":[{"taxonomy":"product_brand","embeddable":true,"href":"https:\/\/roveyayinevi.com.tr\/index.php\/wp-json\/wp\/v2\/product_brand?post=746875"},{"taxonomy":"product_cat","embeddable":true,"href":"https:\/\/roveyayinevi.com.tr\/index.php\/wp-json\/wp\/v2\/product_cat?post=746875"},{"taxonomy":"product_tag","embeddable":true,"href":"https:\/\/roveyayinevi.com.tr\/index.php\/wp-json\/wp\/v2\/product_tag?post=746875"}],"curies":[{"name":"wp","href":"https:\/\/api.w.org\/{rel}","templated":true}]}}