{"id":746874,"date":"2025-08-28T02:53:17","date_gmt":"2025-08-27T23:53:17","guid":{"rendered":"https:\/\/roveyayinevi.com.tr\/index.php\/urun\/evrenin-tarihine-yolculuk\/"},"modified":"2026-04-16T02:59:36","modified_gmt":"2026-04-15T23:59:36","slug":"evrenin-tarihine-yolculuk","status":"publish","type":"product","link":"https:\/\/roveyayinevi.com.tr\/index.php\/urun\/evrenin-tarihine-yolculuk\/","title":{"rendered":"Evrenin Tarihine Yolculuk"},"content":{"rendered":"<p>ZAMAN ne zaman ba\u015flad\u0131?   G\u00fcne\u015fimiz g\u00f6ky\u00fcz\u00fcnde daha ne kadar parlayacak?   UZAYLILAR ger\u00e7ekten var m\u0131?   Big Bang ile ba\u015flayan, y\u0131ld\u0131zlar\u0131n, gezegenlerin, karadeliklerin ve daha fazlas\u0131n\u0131n olu\u015fumuyla h\u0131zla ilerleyen EVREN\u2019in bu destans\u0131 hik\u00e2yesinde, ak\u0131llara durgunluk veren sorular\u0131, yan\u0131tlar\u0131n\u0131 ve daha fazlas\u0131n\u0131 ke\u015ffetmeye haz\u0131r m\u0131s\u0131n\u0131z?   \u00c7ILGIN ROKET YOLCULU\u011eU i\u00e7in kemerlerinizi ba\u011flay\u0131n!<\/p>\n","protected":false},"excerpt":{"rendered":"<p>ZAMAN ne zaman ba\u015flad\u0131? G\u00fcne\u015fimiz g\u00f6ky\u00fcz\u00fcnde daha ne kadar parlayacak? UZAYLILAR ger\u00e7ekten var m\u0131? Big Bang ile ba\u015flayan, y\u0131ld\u0131zlar\u0131n, gezegenlerin, karadeliklerin ve daha fazlas\u0131n\u0131n olu\u015fumuyla h\u0131zla<span class=\"excerpt-hellip\"> [\u2026]<\/span><\/p>\n","protected":false},"featured_media":0,"template":"","meta":{"_monsterinsights_skip_tracking":false,"_monsterinsights_sitenote_active":false,"_monsterinsights_sitenote_note":"","_monsterinsights_sitenote_category":0},"product_brand":[],"product_cat":[13829,12274],"product_tag":[],"class_list":{"0":"post-746874","1":"product","2":"type-product","3":"status-publish","5":"product_cat-bilimsel-kitaplar","6":"product_cat-cocuk-ve-genclik-kitaplari","7":"pa_cilt-ciltsiz","8":"pa_tur-kitap","9":"pa_yayinevi-orenda","10":"pa_yazar-clive-gifford-rob-flowers","12":"first","13":"instock","14":"sale","15":"shipping-taxable","16":"purchasable","17":"product-type-simple"},"_links":{"self":[{"href":"https:\/\/roveyayinevi.com.tr\/index.php\/wp-json\/wp\/v2\/product\/746874","targetHints":{"allow":["GET"]}}],"collection":[{"href":"https:\/\/roveyayinevi.com.tr\/index.php\/wp-json\/wp\/v2\/product"}],"about":[{"href":"https:\/\/roveyayinevi.com.tr\/index.php\/wp-json\/wp\/v2\/types\/product"}],"wp:attachment":[{"href":"https:\/\/roveyayinevi.com.tr\/index.php\/wp-json\/wp\/v2\/media?parent=746874"}],"wp:term":[{"taxonomy":"product_brand","embeddable":true,"href":"https:\/\/roveyayinevi.com.tr\/index.php\/wp-json\/wp\/v2\/product_brand?post=746874"},{"taxonomy":"product_cat","embeddable":true,"href":"https:\/\/roveyayinevi.com.tr\/index.php\/wp-json\/wp\/v2\/product_cat?post=746874"},{"taxonomy":"product_tag","embeddable":true,"href":"https:\/\/roveyayinevi.com.tr\/index.php\/wp-json\/wp\/v2\/product_tag?post=746874"}],"curies":[{"name":"wp","href":"https:\/\/api.w.org\/{rel}","templated":true}]}}