{"id":746872,"date":"2025-08-28T02:53:14","date_gmt":"2025-08-27T23:53:14","guid":{"rendered":"https:\/\/roveyayinevi.com.tr\/index.php\/urun\/t-s-eliot-butun-siirleri-ciltli\/"},"modified":"2026-04-16T02:59:36","modified_gmt":"2026-04-15T23:59:36","slug":"t-s-eliot-butun-siirleri-ciltli","status":"publish","type":"product","link":"https:\/\/roveyayinevi.com.tr\/index.php\/urun\/t-s-eliot-butun-siirleri-ciltli\/","title":{"rendered":"T.S. Eliot B\u00fct\u00fcn \u015eiirleri (Ciltli)"},"content":{"rendered":"<p>19. y\u00fczy\u0131l\u0131n sonlar\u0131nda Mississippi\u2019nin kollar\u0131ndan Missouri Nehri\u2019nin besledi\u011fi \u015fiir \u00e7a\u011f\u0131lt\u0131s\u0131n\u0131 1948 y\u0131l\u0131nda Nobel Edebiyat \u00d6d\u00fcl\u00fc\u2019yle a\u00e7\u0131k denize kavu\u015fturan Thomas Stearns Eliot, yetkin bir \u015fair, edebiyat ele\u015ftirmeni ve oyun yazar\u0131 olarak modern edebiyat\u0131n devleri aras\u0131ndaki yerini bug\u00fcn de korumakta. London Times\u2019taki \u00f6l\u00fcm ilan\u0131nda (6 Ocak 1965) belirtildi\u011fi gibi, \u201c\u0130ngiliz dilinin modern d\u00f6nemdeki en etkili \u015fairi Eliot, her \u015feyden \u00f6nce m\u00fctevaz\u0131, zaman zaman inat\u00e7\u0131 ve kararl\u0131 ama kesinlikle \u015f\u00f6hretle zehirlenmemi\u015f, manevi veya entelekt\u00fcel kibirden uzak bir insand\u0131. Hi\u00e7 ku\u015fku yok ki \u00e7a\u011f\u0131m\u0131z Eliot \u00c7a\u011f\u0131 olmu\u015ftur ve olmaya da devam edecektir\u2026\u201d   Hem \u015fimdi hem ge\u00e7mi\u015f Gelecekte s\u00fcr\u00fcyor belki de, Ve gelecek de ge\u00e7mi\u015fin i\u00e7inde. Ebediyen mevcutsa c\u00fcmle zaman Hi\u00e7biri geri d\u00f6nd\u00fcr\u00fclemez. Bir soyutlamad\u0131r \u201colabilirdi\u201d denen Sadece bir varsay\u0131m \u00e2leminde S\u00fcre\u011fen bir ihtimal olarak kalan. \u201cOlabilirdi\u201d ve \u201colmu\u015f\u201d denen \u015fey Tek bir sona \u00e7\u0131kar, her dem var olan\u2026 <\/p>\n","protected":false},"excerpt":{"rendered":"<p>19. y\u00fczy\u0131l\u0131n sonlar\u0131nda Mississippi\u2019nin kollar\u0131ndan Missouri Nehri\u2019nin besledi\u011fi \u015fiir \u00e7a\u011f\u0131lt\u0131s\u0131n\u0131 1948 y\u0131l\u0131nda Nobel Edebiyat \u00d6d\u00fcl\u00fc\u2019yle a\u00e7\u0131k denize kavu\u015fturan Thomas Stearns Eliot, yetkin bir \u015fair, edebiyat ele\u015ftirmeni<span class=\"excerpt-hellip\"> [\u2026]<\/span><\/p>\n","protected":false},"featured_media":0,"template":"","meta":{"_monsterinsights_skip_tracking":false,"_monsterinsights_sitenote_active":false,"_monsterinsights_sitenote_note":"","_monsterinsights_sitenote_category":0},"product_brand":[],"product_cat":[12291,12509],"product_tag":[],"class_list":{"0":"post-746872","1":"product","2":"type-product","3":"status-publish","5":"product_cat-edebiyat","6":"product_cat-siir","7":"pa_cilt-ciltli","8":"pa_tur-kitap","9":"pa_yayinevi-everest-yayinlari","10":"pa_yazar-t-s-eliot","12":"first","13":"instock","14":"sale","15":"shipping-taxable","16":"purchasable","17":"product-type-simple"},"_links":{"self":[{"href":"https:\/\/roveyayinevi.com.tr\/index.php\/wp-json\/wp\/v2\/product\/746872","targetHints":{"allow":["GET"]}}],"collection":[{"href":"https:\/\/roveyayinevi.com.tr\/index.php\/wp-json\/wp\/v2\/product"}],"about":[{"href":"https:\/\/roveyayinevi.com.tr\/index.php\/wp-json\/wp\/v2\/types\/product"}],"wp:attachment":[{"href":"https:\/\/roveyayinevi.com.tr\/index.php\/wp-json\/wp\/v2\/media?parent=746872"}],"wp:term":[{"taxonomy":"product_brand","embeddable":true,"href":"https:\/\/roveyayinevi.com.tr\/index.php\/wp-json\/wp\/v2\/product_brand?post=746872"},{"taxonomy":"product_cat","embeddable":true,"href":"https:\/\/roveyayinevi.com.tr\/index.php\/wp-json\/wp\/v2\/product_cat?post=746872"},{"taxonomy":"product_tag","embeddable":true,"href":"https:\/\/roveyayinevi.com.tr\/index.php\/wp-json\/wp\/v2\/product_tag?post=746872"}],"curies":[{"name":"wp","href":"https:\/\/api.w.org\/{rel}","templated":true}]}}