{"id":746871,"date":"2025-08-28T02:53:13","date_gmt":"2025-08-27T23:53:13","guid":{"rendered":"https:\/\/roveyayinevi.com.tr\/index.php\/urun\/iktisat-ve-toplum-dergisi-147-sayi-tarim-ve-gida-enflasyonu\/"},"modified":"2026-04-16T02:59:36","modified_gmt":"2026-04-15T23:59:36","slug":"iktisat-ve-toplum-dergisi-147-sayi-tarim-ve-gida-enflasyonu","status":"publish","type":"product","link":"https:\/\/roveyayinevi.com.tr\/index.php\/urun\/iktisat-ve-toplum-dergisi-147-sayi-tarim-ve-gida-enflasyonu\/","title":{"rendered":"\u0130ktisat ve Toplum Dergisi 147. Say\u0131: Tar\u0131m ve G\u0131da Enflasyonu"},"content":{"rendered":"<p>G\u0131da Enflasyonu, G\u0131da Enflasyonu mudur? Ya\u015far Uysal   T\u00fcrkiye\u2019ye Yepyeni Bir Tar\u0131msal Destekleme Politikas\u0131 Gereklidir Osman Aydo\u011fu\u015f   Uluslararas\u0131 Yeni \u0130\u015f B\u00f6l\u00fcm\u00fc ve Uzmanla\u015fma: T\u00fcrkiye\u2019nin Konumu Seren Savac\u0131 , Dilek Aykut Seymen   Bili\u015fim ve Enformasyon \u00c7a\u011f\u0131na Oskar Lange\u2019yle Bakmak Ercan Eren   \u0130catlar\u0131n Tarihsel D\u00f6nemlerini Yeniden D\u00fc\u015f\u00fcnmek Ergun T\u00fcrkcan   Borcun Soyk\u00fct\u00fc\u011f\u00fc: Su\u00e7\/Kusur\/G\u00fcnah Leyla F. Arda \u00d6zalp   Mitolojik Tanr\u0131lar: Piyasa \u00dczerine Notlar Bayram Ali E\u015fiyok   B\u00f6lgesel E\u015fitsizlikler: Yenilik\u00e7ilik, Firma ve Mek\u00e2n Burhan Can Karahasan   Cumhuriyet D\u00f6nemi Ekonomi Bas\u0131n\u0131 Osman S. Arolat   \u00d6l\u00fcms\u00fcz Don Ki\u015fot G\u00fcl\u00e7in Elif Y\u00fccel<\/p>\n","protected":false},"excerpt":{"rendered":"<p>G\u0131da Enflasyonu, G\u0131da Enflasyonu mudur? Ya\u015far Uysal T\u00fcrkiye\u2019ye Yepyeni Bir Tar\u0131msal Destekleme Politikas\u0131 Gereklidir Osman Aydo\u011fu\u015f Uluslararas\u0131 Yeni \u0130\u015f B\u00f6l\u00fcm\u00fc ve Uzmanla\u015fma: T\u00fcrkiye\u2019nin Konumu Seren Savac\u0131<span class=\"excerpt-hellip\"> [\u2026]<\/span><\/p>\n","protected":false},"featured_media":0,"template":"","meta":{"_monsterinsights_skip_tracking":false,"_monsterinsights_sitenote_active":false,"_monsterinsights_sitenote_note":"","_monsterinsights_sitenote_category":0},"product_brand":[],"product_cat":[13527],"product_tag":[],"class_list":{"0":"post-746871","1":"product","2":"type-product","3":"status-publish","5":"product_cat-sureli-yayinlar","6":"pa_cilt-ciltsiz","7":"pa_tur-dergi","8":"pa_yayinevi-efil-yayinevi-dergi","9":"pa_yazar-kolektif","11":"first","12":"instock","13":"sale","14":"shipping-taxable","15":"purchasable","16":"product-type-simple"},"_links":{"self":[{"href":"https:\/\/roveyayinevi.com.tr\/index.php\/wp-json\/wp\/v2\/product\/746871","targetHints":{"allow":["GET"]}}],"collection":[{"href":"https:\/\/roveyayinevi.com.tr\/index.php\/wp-json\/wp\/v2\/product"}],"about":[{"href":"https:\/\/roveyayinevi.com.tr\/index.php\/wp-json\/wp\/v2\/types\/product"}],"wp:attachment":[{"href":"https:\/\/roveyayinevi.com.tr\/index.php\/wp-json\/wp\/v2\/media?parent=746871"}],"wp:term":[{"taxonomy":"product_brand","embeddable":true,"href":"https:\/\/roveyayinevi.com.tr\/index.php\/wp-json\/wp\/v2\/product_brand?post=746871"},{"taxonomy":"product_cat","embeddable":true,"href":"https:\/\/roveyayinevi.com.tr\/index.php\/wp-json\/wp\/v2\/product_cat?post=746871"},{"taxonomy":"product_tag","embeddable":true,"href":"https:\/\/roveyayinevi.com.tr\/index.php\/wp-json\/wp\/v2\/product_tag?post=746871"}],"curies":[{"name":"wp","href":"https:\/\/api.w.org\/{rel}","templated":true}]}}