{"id":746861,"date":"2025-08-28T02:52:58","date_gmt":"2025-08-27T23:52:58","guid":{"rendered":"https:\/\/roveyayinevi.com.tr\/index.php\/urun\/365-gunde-peygamberler-tarihi\/"},"modified":"2026-04-16T02:59:35","modified_gmt":"2026-04-15T23:59:35","slug":"365-gunde-peygamberler-tarihi","status":"publish","type":"product","link":"https:\/\/roveyayinevi.com.tr\/index.php\/urun\/365-gunde-peygamberler-tarihi\/","title":{"rendered":"365 G\u00fcnde Peygamberler Tarihi"},"content":{"rendered":"<p>\u0130lkokula yeni ba\u015flayan bir \u00f6\u011frenci olsak harfleri \u00f6\u011frenmek, rakamlar\u0131 tan\u0131mak i\u00e7in \u00f6\u011fretmene ihtiya\u00e7 duyar\u0131z. S\u00f6zgelimi bir elektronik cihaz ald\u0131\u011f\u0131m\u0131zda nas\u0131l kullan\u0131laca\u011f\u0131n\u0131 bilmedi\u011finiz i\u00e7in bir bilene dan\u0131\u015f\u0131r\u0131z. \u00d6nemli bir tarihi geziye \u00e7\u0131kt\u0131\u011f\u0131m\u0131zda bir rehber arar\u0131z.Peygamberler t\u00fcm insanlara Cennete giden yolu g\u00f6stermek i\u00e7in g\u00f6revlendirilmi\u015ftir ve \u00fcst\u00fcn kabiliyetlerle donat\u0131lm\u0131\u015ft\u0131r.Allah; onlar\u0131 ahlak\u0131 ve ya\u015fant\u0131s\u0131 y\u00f6n\u00fcnden insanlara \u00f6rnek olmas\u0131 i\u00e7in g\u00f6revlendirmi\u015ftir. \u0130nsanlar, onlar\u0131n anlatt\u0131\u011f\u0131 bu g\u00fczel kurallara her zaman ihtiya\u00e7 duymu\u015ftur. Ge\u00e7mi\u015fte oldu\u011fu gibi g\u00fcn\u00fcm\u00fczde de onlar\u0131n anlatt\u0131klar\u0131 biz insanlar i\u00e7in \u00e7ok \u00f6nemlidir. Bu sebeple onlar\u0131 daha yak\u0131ndan tan\u0131mal\u0131y\u0131z.Unutmayal\u0131m ki o se\u00e7kin insanlar\u0131 tan\u0131y\u0131p, onlar gibi ya\u015fad\u0131k\u00e7a \u00e7ok mutlu olaca\u011f\u0131z.<\/p>\n","protected":false},"excerpt":{"rendered":"<p>\u0130lkokula yeni ba\u015flayan bir \u00f6\u011frenci olsak harfleri \u00f6\u011frenmek, rakamlar\u0131 tan\u0131mak i\u00e7in \u00f6\u011fretmene ihtiya\u00e7 duyar\u0131z. S\u00f6zgelimi bir elektronik cihaz ald\u0131\u011f\u0131m\u0131zda nas\u0131l kullan\u0131laca\u011f\u0131n\u0131 bilmedi\u011finiz i\u00e7in bir bilene dan\u0131\u015f\u0131r\u0131z.<span class=\"excerpt-hellip\"> [\u2026]<\/span><\/p>\n","protected":false},"featured_media":0,"template":"","meta":{"_monsterinsights_skip_tracking":false,"_monsterinsights_sitenote_active":false,"_monsterinsights_sitenote_note":"","_monsterinsights_sitenote_category":0},"product_brand":[],"product_cat":[12274],"product_tag":[],"class_list":{"0":"post-746861","1":"product","2":"type-product","3":"status-publish","5":"product_cat-cocuk-ve-genclik-kitaplari","6":"pa_cilt-ciltsiz","7":"pa_tur-kitap","8":"pa_yayinevi-gulce-kitap","9":"pa_yazar-nurdan-damla","11":"first","12":"instock","13":"sale","14":"shipping-taxable","15":"purchasable","16":"product-type-simple"},"_links":{"self":[{"href":"https:\/\/roveyayinevi.com.tr\/index.php\/wp-json\/wp\/v2\/product\/746861","targetHints":{"allow":["GET"]}}],"collection":[{"href":"https:\/\/roveyayinevi.com.tr\/index.php\/wp-json\/wp\/v2\/product"}],"about":[{"href":"https:\/\/roveyayinevi.com.tr\/index.php\/wp-json\/wp\/v2\/types\/product"}],"wp:attachment":[{"href":"https:\/\/roveyayinevi.com.tr\/index.php\/wp-json\/wp\/v2\/media?parent=746861"}],"wp:term":[{"taxonomy":"product_brand","embeddable":true,"href":"https:\/\/roveyayinevi.com.tr\/index.php\/wp-json\/wp\/v2\/product_brand?post=746861"},{"taxonomy":"product_cat","embeddable":true,"href":"https:\/\/roveyayinevi.com.tr\/index.php\/wp-json\/wp\/v2\/product_cat?post=746861"},{"taxonomy":"product_tag","embeddable":true,"href":"https:\/\/roveyayinevi.com.tr\/index.php\/wp-json\/wp\/v2\/product_tag?post=746861"}],"curies":[{"name":"wp","href":"https:\/\/api.w.org\/{rel}","templated":true}]}}