{"id":746855,"date":"2025-08-28T02:52:49","date_gmt":"2025-08-27T23:52:49","guid":{"rendered":"https:\/\/roveyayinevi.com.tr\/index.php\/urun\/dualarla-super-oluyorum\/"},"modified":"2026-04-16T02:59:35","modified_gmt":"2026-04-15T23:59:35","slug":"dualarla-super-oluyorum","status":"publish","type":"product","link":"https:\/\/roveyayinevi.com.tr\/index.php\/urun\/dualarla-super-oluyorum\/","title":{"rendered":"Dualarla S\u00fcper Oluyorum"},"content":{"rendered":"<p>Merhaba arkada\u015f\u0131m,Dualarla s\u00fcper olup benimle maceral\u0131 bir seyahate \u00e7\u0131kmaya ne dersin? Ah bir bilsen ba\u015f\u0131ma neler geldi neler! H\u0131rs\u0131z maymunlarla bo\u011fu\u015ftum, konu\u015fan \u00e7ama\u015f\u0131r makinesiyle \u00e7at\u0131\u015ft\u0131m, vampir sineklerle g\u00fcre\u015ftim.  Allah&#8217;tan dedem vard\u0131 da hep ona dan\u0131\u015ft\u0131m. Bazen g\u00fcld\u00fcm, \u00e7i\u00e7ek gibi oldu yanaklar\u0131m bazen d\u00fc\u015f\u00fcnd\u00fcm kara hindiler gibi. Ama sonu\u00e7ta \u00f6yle bir s\u0131r \u00f6\u011frendim ki bilmeyeni l\u00f6ml\u00f6m ku\u015fu gibi \u00e7\u00f6kt\u00fcr\u00fcr bileni kanat vurup g\u00f6\u011fe u\u00e7turur. O s\u0131r ne mi?  Haydi gel pe\u015fimden de anlatay\u0131m.<\/p>\n","protected":false},"excerpt":{"rendered":"<p>Merhaba arkada\u015f\u0131m,Dualarla s\u00fcper olup benimle maceral\u0131 bir seyahate \u00e7\u0131kmaya ne dersin? Ah bir bilsen ba\u015f\u0131ma neler geldi neler! H\u0131rs\u0131z maymunlarla bo\u011fu\u015ftum, konu\u015fan \u00e7ama\u015f\u0131r makinesiyle \u00e7at\u0131\u015ft\u0131m, vampir<span class=\"excerpt-hellip\"> [\u2026]<\/span><\/p>\n","protected":false},"featured_media":0,"template":"","meta":{"_monsterinsights_skip_tracking":false,"_monsterinsights_sitenote_active":false,"_monsterinsights_sitenote_note":"","_monsterinsights_sitenote_category":0},"product_brand":[],"product_cat":[12274,12284],"product_tag":[],"class_list":{"0":"post-746855","1":"product","2":"type-product","3":"status-publish","5":"product_cat-cocuk-ve-genclik-kitaplari","6":"product_cat-hikayeler","7":"pa_cilt-ciltsiz","8":"pa_tur-kitap","9":"pa_yayinevi-gulce-kitap","10":"pa_yazar-emrah-bilge-merdivan","12":"first","13":"instock","14":"sale","15":"shipping-taxable","16":"purchasable","17":"product-type-simple"},"_links":{"self":[{"href":"https:\/\/roveyayinevi.com.tr\/index.php\/wp-json\/wp\/v2\/product\/746855","targetHints":{"allow":["GET"]}}],"collection":[{"href":"https:\/\/roveyayinevi.com.tr\/index.php\/wp-json\/wp\/v2\/product"}],"about":[{"href":"https:\/\/roveyayinevi.com.tr\/index.php\/wp-json\/wp\/v2\/types\/product"}],"wp:attachment":[{"href":"https:\/\/roveyayinevi.com.tr\/index.php\/wp-json\/wp\/v2\/media?parent=746855"}],"wp:term":[{"taxonomy":"product_brand","embeddable":true,"href":"https:\/\/roveyayinevi.com.tr\/index.php\/wp-json\/wp\/v2\/product_brand?post=746855"},{"taxonomy":"product_cat","embeddable":true,"href":"https:\/\/roveyayinevi.com.tr\/index.php\/wp-json\/wp\/v2\/product_cat?post=746855"},{"taxonomy":"product_tag","embeddable":true,"href":"https:\/\/roveyayinevi.com.tr\/index.php\/wp-json\/wp\/v2\/product_tag?post=746855"}],"curies":[{"name":"wp","href":"https:\/\/api.w.org\/{rel}","templated":true}]}}