{"id":746854,"date":"2025-08-28T02:52:48","date_gmt":"2025-08-27T23:52:48","guid":{"rendered":"https:\/\/roveyayinevi.com.tr\/index.php\/urun\/kakanin-pandanin-ve-senin-yasaminda-bir-gun\/"},"modified":"2026-04-16T02:59:35","modified_gmt":"2026-04-15T23:59:35","slug":"kakanin-pandanin-ve-senin-yasaminda-bir-gun","status":"publish","type":"product","link":"https:\/\/roveyayinevi.com.tr\/index.php\/urun\/kakanin-pandanin-ve-senin-yasaminda-bir-gun\/","title":{"rendered":"Kakan\u0131n, Pandan\u0131n ve Senin Ya\u015fam\u0131nda Bir G\u00fcn"},"content":{"rendered":"<p>\u0130NSAN V\u00dcCUDU nas\u0131l \u00e7al\u0131\u015f\u0131yor? HAYVANLAR \u00c2LEM\u0130NDE neler oluyor? DO\u011eANIN i\u015fleyi\u015finin ard\u0131ndaki B\u0130L\u0130M nedir? \u00c7izgi roman ve \u00e7izgi bilim senin i\u00e7in g\u00fc\u00e7lerini birle\u015ftirdi. \u00d6ks\u00fcr\u00fckten buluta, balinadan g\u00f6kku\u015fa\u011f\u0131na g\u00fcndelik YA\u015eAMIN s\u0131ra d\u0131\u015f\u0131 kahramanlar\u0131, B\u0130R G\u00dcNLER\u0130N\u0130N nas\u0131l ge\u00e7ti\u011fini ilk kez bu kitapta anlatt\u0131. \u00d6ylesine e\u011flenceli ki, d\u00fcnya hakk\u0131nda bunca \u015feyi ne ara \u00f6\u011frendi\u011fini anlamayacaks\u0131n! G\u00dcN\u00dcN\u00dc renklendirmenin EN \u015eAHANE yolu!Blue Peter Kitap \u00d6d\u00fcl\u00fc&#8217;n\u00fc kazanan ve 21 dile \u00e7evrilen Kakan\u0131n, Pandan\u0131n ve Senin Ya\u015fam\u0131nda Bir G\u00fcn, may\u0131s sine\u011finden ay\u00e7i\u00e7e\u011fine, sivilceden tornadoya onlarca \u201c\u015fey\u201d ya da \u201cvarl\u0131k\u201d\u0131n ya\u015famlar\u0131ndan bir g\u00fcn\u00fc, bir \u00e7izgi roman kadar komik ve bir ansiklopedi kadar bilgilendirici \u015fekilde sunuyor. En kokulusundan en b\u00fcy\u00fcleyicisine, ya\u015fam\u0131n her yan\u0131ndan bilgilerle dolu bir hazine sand\u0131\u011f\u0131.<\/p>\n","protected":false},"excerpt":{"rendered":"<p>\u0130NSAN V\u00dcCUDU nas\u0131l \u00e7al\u0131\u015f\u0131yor? HAYVANLAR \u00c2LEM\u0130NDE neler oluyor? DO\u011eANIN i\u015fleyi\u015finin ard\u0131ndaki B\u0130L\u0130M nedir? \u00c7izgi roman ve \u00e7izgi bilim senin i\u00e7in g\u00fc\u00e7lerini birle\u015ftirdi. \u00d6ks\u00fcr\u00fckten buluta, balinadan g\u00f6kku\u015fa\u011f\u0131na<span class=\"excerpt-hellip\"> [\u2026]<\/span><\/p>\n","protected":false},"featured_media":0,"template":"","meta":{"_monsterinsights_skip_tracking":false,"_monsterinsights_sitenote_active":false,"_monsterinsights_sitenote_note":"","_monsterinsights_sitenote_category":0},"product_brand":[],"product_cat":[13829,12274],"product_tag":[],"class_list":{"0":"post-746854","1":"product","2":"type-product","3":"status-publish","5":"product_cat-bilimsel-kitaplar","6":"product_cat-cocuk-ve-genclik-kitaplari","7":"pa_cilt-ciltsiz","8":"pa_tur-kitap","9":"pa_yayinevi-domingo-yayinevi","10":"pa_yazar-mike-barfield","12":"first","13":"instock","14":"sale","15":"shipping-taxable","16":"purchasable","17":"product-type-simple"},"_links":{"self":[{"href":"https:\/\/roveyayinevi.com.tr\/index.php\/wp-json\/wp\/v2\/product\/746854","targetHints":{"allow":["GET"]}}],"collection":[{"href":"https:\/\/roveyayinevi.com.tr\/index.php\/wp-json\/wp\/v2\/product"}],"about":[{"href":"https:\/\/roveyayinevi.com.tr\/index.php\/wp-json\/wp\/v2\/types\/product"}],"wp:attachment":[{"href":"https:\/\/roveyayinevi.com.tr\/index.php\/wp-json\/wp\/v2\/media?parent=746854"}],"wp:term":[{"taxonomy":"product_brand","embeddable":true,"href":"https:\/\/roveyayinevi.com.tr\/index.php\/wp-json\/wp\/v2\/product_brand?post=746854"},{"taxonomy":"product_cat","embeddable":true,"href":"https:\/\/roveyayinevi.com.tr\/index.php\/wp-json\/wp\/v2\/product_cat?post=746854"},{"taxonomy":"product_tag","embeddable":true,"href":"https:\/\/roveyayinevi.com.tr\/index.php\/wp-json\/wp\/v2\/product_tag?post=746854"}],"curies":[{"name":"wp","href":"https:\/\/api.w.org\/{rel}","templated":true}]}}