{"id":746853,"date":"2025-08-28T02:52:46","date_gmt":"2025-08-27T23:52:46","guid":{"rendered":"https:\/\/roveyayinevi.com.tr\/index.php\/urun\/tarihin-en-zeki-adami\/"},"modified":"2026-04-16T02:59:35","modified_gmt":"2026-04-15T23:59:35","slug":"tarihin-en-zeki-adami","status":"publish","type":"product","link":"https:\/\/roveyayinevi.com.tr\/index.php\/urun\/tarihin-en-zeki-adami\/","title":{"rendered":"Tarihin En Zeki Adam\u0131"},"content":{"rendered":"<p>D\u00fcnya genelinde kitaplar\u0131 28 milyon satan, son on y\u0131l\u0131n en \u00e7ok okunan Brezilyal\u0131 yazar\u0131 Augusto Cury\u2019denmuhte\u015fem bir kitap daha&#8230; Psikiyatr Marco Polo, \u00e7ok sayg\u0131 duyulan bir biliminsan\u0131, zihnin i\u015fleyi\u015fi konusunda uzman ve d\u00fcnyan\u0131n ilk duygu y\u00f6netimi program\u0131n\u0131n yazar\u0131d\u0131r. Bir Birle\u015fmi\u015f Milletler toplant\u0131s\u0131na kat\u0131lmak i\u00e7in Kud\u00fcs\u2019e gitti\u011finde tarihteki en \u00fcnl\u00fc adam\u0131n zek\u00e2s\u0131n\u0131 ara\u015ft\u0131rmas\u0131 istenir: Hz. \u0130sa. Ancak Marco Polo g\u00fc\u00e7l\u00fc bir ateisttir ve bunu yapmay\u0131 reddeder. Ancak dinleyiciler bunu yapmas\u0131 konusunda te\u015fvik eder. Uzun bir direni\u015fin ard\u0131ndan Marco Polo, meydan okumay\u0131 kabul eder. Hz. \u0130sa&#8217;n\u0131n zihnini din a\u00e7\u0131s\u0131ndan de\u011fil bilim a\u00e7\u0131s\u0131ndan analiz etmek i\u00e7in son derece zeki profesyonellerden olu\u015fan bir yuvarlak masa kurar. B\u00f6ylece Hz. \u0130sa&#8217;n\u0131n \u00f6zdenetim sahibi olma, duygular\u0131n\u0131 y\u00f6netme, kay\u0131plar ve hayal k\u0131r\u0131kl\u0131klar\u0131yla ba\u015f etme, yarat\u0131c\u0131l\u0131\u011f\u0131n\u0131 serbest b\u0131rakma ve g\u00fczellik \u00fczerine tefekk\u00fcr etme konular\u0131nda usta olup olmad\u0131\u011f\u0131n\u0131 \u00f6\u011frenmek i\u00e7in destans\u0131 bir yolculu\u011fa \u00e7\u0131kar. Marco Polo, b\u00fcy\u00fck entelekt\u00fcel yeteneklere sahip olmayan s\u0131radan bir adam bulmay\u0131 beklerken kar\u015f\u0131la\u015ft\u0131\u011f\u0131 ger\u00e7ekle yava\u015f yava\u015f sars\u0131l\u0131r ve insanl\u0131\u011f\u0131n en iyi bilinen karakterinin zihninin ona hayran olan milyarlarca insan i\u00e7in bile bir s\u0131r olarak kald\u0131\u011f\u0131 sonucuna var\u0131r. Hem \u00fcniversiteler hem de dinler tarihin en zeki adam\u0131n\u0131 ara\u015ft\u0131rmay\u0131 maalesef ba\u015faramam\u0131\u015ft\u0131r&#8230;<\/p>\n","protected":false},"excerpt":{"rendered":"<p>D\u00fcnya genelinde kitaplar\u0131 28 milyon satan, son on y\u0131l\u0131n en \u00e7ok okunan Brezilyal\u0131 yazar\u0131 Augusto Cury\u2019denmuhte\u015fem bir kitap daha&#8230; Psikiyatr Marco Polo, \u00e7ok sayg\u0131 duyulan bir<span class=\"excerpt-hellip\"> [\u2026]<\/span><\/p>\n","protected":false},"featured_media":0,"template":"","meta":{"_monsterinsights_skip_tracking":false,"_monsterinsights_sitenote_active":false,"_monsterinsights_sitenote_note":"","_monsterinsights_sitenote_category":0},"product_brand":[],"product_cat":[12291,50487],"product_tag":[],"class_list":{"0":"post-746853","1":"product","2":"type-product","3":"status-publish","5":"product_cat-edebiyat","6":"product_cat-kurgu","7":"pa_cilt-ciltsiz","8":"pa_tur-kitap","9":"pa_yayinevi-epsilon-yayinlari","10":"pa_yazar-augusto-cury","12":"first","13":"instock","14":"sale","15":"shipping-taxable","16":"purchasable","17":"product-type-simple"},"_links":{"self":[{"href":"https:\/\/roveyayinevi.com.tr\/index.php\/wp-json\/wp\/v2\/product\/746853","targetHints":{"allow":["GET"]}}],"collection":[{"href":"https:\/\/roveyayinevi.com.tr\/index.php\/wp-json\/wp\/v2\/product"}],"about":[{"href":"https:\/\/roveyayinevi.com.tr\/index.php\/wp-json\/wp\/v2\/types\/product"}],"wp:attachment":[{"href":"https:\/\/roveyayinevi.com.tr\/index.php\/wp-json\/wp\/v2\/media?parent=746853"}],"wp:term":[{"taxonomy":"product_brand","embeddable":true,"href":"https:\/\/roveyayinevi.com.tr\/index.php\/wp-json\/wp\/v2\/product_brand?post=746853"},{"taxonomy":"product_cat","embeddable":true,"href":"https:\/\/roveyayinevi.com.tr\/index.php\/wp-json\/wp\/v2\/product_cat?post=746853"},{"taxonomy":"product_tag","embeddable":true,"href":"https:\/\/roveyayinevi.com.tr\/index.php\/wp-json\/wp\/v2\/product_tag?post=746853"}],"curies":[{"name":"wp","href":"https:\/\/api.w.org\/{rel}","templated":true}]}}