{"id":746852,"date":"2025-08-28T02:52:45","date_gmt":"2025-08-27T23:52:45","guid":{"rendered":"https:\/\/roveyayinevi.com.tr\/index.php\/urun\/osmanli-ic-borclanma-sisteminde-modernlesme-1839-1881\/"},"modified":"2026-04-16T02:59:35","modified_gmt":"2026-04-15T23:59:35","slug":"osmanli-ic-borclanma-sisteminde-modernlesme-1839-1881","status":"publish","type":"product","link":"https:\/\/roveyayinevi.com.tr\/index.php\/urun\/osmanli-ic-borclanma-sisteminde-modernlesme-1839-1881\/","title":{"rendered":"Osmanl\u0131 \u0130\u00e7 Bor\u00e7lanma Sisteminde Modernle\u015fme 1839-1881"},"content":{"rendered":"<p>XIX. y\u00fczy\u0131lda Osmanl\u0131 Devleti b\u00fcy\u00fck \u00e7apl\u0131 siyasi, askeri ve toplumsal de\u011fi\u015fimler ya\u015fad\u0131. \u0130\u00e7 bor\u00e7lanma sisteminde menkul k\u0131ymetlere dayal\u0131 finansal ara\u00e7lar da bu devirde ortaya \u00e7\u0131km\u0131\u015ft\u0131. Devlet bor\u00e7lanmas\u0131n\u0131n modern \u00e7a\u011fda ge\u00e7irdi\u011fi de\u011fi\u015fim ve d\u00f6n\u00fc\u015f\u00fcmler kamu maliyesi tarihinin temellerini olu\u015fturur. Bu y\u00fczden de iktisadi modernle\u015fmemizin ve toplumsal de\u011fi\u015fimlerin ihmal edilmi\u015f olsa bile dikkat \u00e7ekici ba\u015fl\u0131klar\u0131ndan biri de i\u00e7 bor\u00e7lanma enstr\u00fcmanlar\u0131d\u0131r. Tanzimat Ferman\u0131\u2019ndan mali iflasla beraber kurulan D\u00fcy\u00fbn-\u0131 Um\u00fbmiyye \u0130daresi\u2019ne kadar ge\u00e7en s\u00fcre elinizdeki kitab\u0131n tarihsel \u00e7er\u00e7evesini \u00e7izer. Bir\u00e7ok devlet kurumunun yeniden \u015fekillendi\u011fi, K\u0131r\u0131m Sava\u015f\u0131\u2019yla birlikte Avrupa devletleriyle yeni bor\u00e7 ili\u015fkilerinin kuruldu\u011fu bu d\u00f6nemde menkul k\u0131ymetlere dayal\u0131 i\u00e7 bor\u00e7lanma sisteminin geli\u015fimi bu eserde iktisat biliminin y\u00f6ntemleriyle incelenmektedir. Finansal modernle\u015fmeyle beraber gelen tahvil ihra\u00e7lar\u0131, modern sava\u015flar\u0131n a\u015f\u0131r\u0131 maliyetlerine kar\u015f\u0131 k\u00e2\u011f\u0131t para emisyonundaki de\u011fi\u015fimler, bunlara ba\u011fl\u0131 yeniden olu\u015fturulan b\u00fct\u00e7e yap\u0131lar\u0131 rakamsal analizlerle ele al\u0131nm\u0131\u015ft\u0131r. Osmanl\u0131 \u0130\u00e7 Bor\u00e7lanma Sisteminde Modernle\u015fme, 1839-1881 T\u00fcrk modernle\u015fme tarihinin finansal bir panoramas\u0131n\u0131 \u00e7izerek ve ar\u015fiv verilerini ilk kez b\u00fct\u00fcnc\u00fcl bir veri olarak kullanarak iktisat tarihimizde \u00f6nemli bir pencereyi a\u00e7\u0131yor. <\/p>\n","protected":false},"excerpt":{"rendered":"<p>XIX. y\u00fczy\u0131lda Osmanl\u0131 Devleti b\u00fcy\u00fck \u00e7apl\u0131 siyasi, askeri ve toplumsal de\u011fi\u015fimler ya\u015fad\u0131. \u0130\u00e7 bor\u00e7lanma sisteminde menkul k\u0131ymetlere dayal\u0131 finansal ara\u00e7lar da bu devirde ortaya \u00e7\u0131km\u0131\u015ft\u0131. Devlet<span class=\"excerpt-hellip\"> [\u2026]<\/span><\/p>\n","protected":false},"featured_media":0,"template":"","meta":{"_monsterinsights_skip_tracking":false,"_monsterinsights_sitenote_active":false,"_monsterinsights_sitenote_note":"","_monsterinsights_sitenote_category":0},"product_brand":[],"product_cat":[13517,12304],"product_tag":[],"class_list":{"0":"post-746852","1":"product","2":"type-product","3":"status-publish","5":"product_cat-osmanli-tarihi","6":"product_cat-tarih","7":"pa_cilt-ciltsiz","8":"pa_tur-kitap","9":"pa_yayinevi-vakifbank-kultur-yayinlari","10":"pa_yazar-esma-gul-yetis-dogan","12":"first","13":"instock","14":"sale","15":"shipping-taxable","16":"purchasable","17":"product-type-simple"},"_links":{"self":[{"href":"https:\/\/roveyayinevi.com.tr\/index.php\/wp-json\/wp\/v2\/product\/746852","targetHints":{"allow":["GET"]}}],"collection":[{"href":"https:\/\/roveyayinevi.com.tr\/index.php\/wp-json\/wp\/v2\/product"}],"about":[{"href":"https:\/\/roveyayinevi.com.tr\/index.php\/wp-json\/wp\/v2\/types\/product"}],"wp:attachment":[{"href":"https:\/\/roveyayinevi.com.tr\/index.php\/wp-json\/wp\/v2\/media?parent=746852"}],"wp:term":[{"taxonomy":"product_brand","embeddable":true,"href":"https:\/\/roveyayinevi.com.tr\/index.php\/wp-json\/wp\/v2\/product_brand?post=746852"},{"taxonomy":"product_cat","embeddable":true,"href":"https:\/\/roveyayinevi.com.tr\/index.php\/wp-json\/wp\/v2\/product_cat?post=746852"},{"taxonomy":"product_tag","embeddable":true,"href":"https:\/\/roveyayinevi.com.tr\/index.php\/wp-json\/wp\/v2\/product_tag?post=746852"}],"curies":[{"name":"wp","href":"https:\/\/api.w.org\/{rel}","templated":true}]}}