{"id":746851,"date":"2025-08-28T02:52:45","date_gmt":"2025-08-27T23:52:45","guid":{"rendered":"https:\/\/roveyayinevi.com.tr\/index.php\/urun\/terapi-gunlugum\/"},"modified":"2026-04-16T02:59:35","modified_gmt":"2026-04-15T23:59:35","slug":"terapi-gunlugum","status":"publish","type":"product","link":"https:\/\/roveyayinevi.com.tr\/index.php\/urun\/terapi-gunlugum\/","title":{"rendered":"Terapi G\u00fcnl\u00fc\u011f\u00fcm"},"content":{"rendered":"<p>Terapilerde \u00f6\u011frenebilece\u011fimiz ve hayat\u0131m\u0131z\u0131 de\u011fi\u015ftirebilecek en \u00f6nemli bilgi \u015fudur: D\u00fc\u015f\u00fcnceler asla hakikatin kendisi de\u011fildir! Yani sen d\u00fc\u015f\u00fcncelerin de\u011filsin! Belki \u015fa\u015f\u0131rt\u0131c\u0131 bulacaks\u0131n ama duygular\u0131n da de\u011filsin. \u00c7\u00fcnk\u00fc onlar\u0131n da kayna\u011f\u0131 \u00e7o\u011funlukla zihnin \u00fcr\u00fcn\u00fc olan bir yorum. Ben ile ben sand\u0131\u011f\u0131m\u0131z \u015fey aras\u0131ndaki fark\u0131 fark etmenin yolu ise \u00f6z fark\u0131ndal\u0131k kas\u0131m\u0131z\u0131 geli\u015ftirmekten ge\u00e7iyor. Peki nedir \u00f6z fark\u0131ndal\u0131k? \u00d6z fark\u0131ndal\u0131k d\u00fc\u015f\u00fcncelerimizi, duygular\u0131m\u0131z\u0131, davran\u0131\u015flar\u0131m\u0131z\u0131 daha iyi anlamam\u0131za yard\u0131mc\u0131 olan en \u00f6nemli yetkinlik. Kendinin fark\u0131nda olmak demek, g\u00fc\u00e7l\u00fc ve zay\u0131f y\u00f6nlerimizin fark\u0131nda olmak, d\u00fc\u015f\u00fcnce ve eylemlerimizin ba\u015fkalar\u0131n\u0131 nas\u0131l etkiledi\u011fini de fark etmek demek. Bu da daha iyi ileti\u015fime, geli\u015fmi\u015f ili\u015fkilere, genel anlamda psikolojik esnekli\u011fe kavu\u015fmam\u0131z\u0131 sa\u011fl\u0131yor. \u015eimdi yeniden ba\u015fa d\u00f6nelim. Sen d\u00fc\u015f\u00fcncelerin de\u011filsin. Peki ama kimsin? Kim olmak isterdin? Hayalindeki o ki\u015fi olmaman i\u00e7in seni engelleyen ne? Cevab\u0131 \u00f6\u011frenmeye haz\u0131rsan bu kitap kendini bulma, kim oldu\u011funa dair ger\u00e7ek bir fark\u0131ndal\u0131k kazanma yolunda en \u00f6nemli rehberin olacak. <\/p>\n","protected":false},"excerpt":{"rendered":"<p>Terapilerde \u00f6\u011frenebilece\u011fimiz ve hayat\u0131m\u0131z\u0131 de\u011fi\u015ftirebilecek en \u00f6nemli bilgi \u015fudur: D\u00fc\u015f\u00fcnceler asla hakikatin kendisi de\u011fildir! Yani sen d\u00fc\u015f\u00fcncelerin de\u011filsin! Belki \u015fa\u015f\u0131rt\u0131c\u0131 bulacaks\u0131n ama duygular\u0131n da de\u011filsin. \u00c7\u00fcnk\u00fc<span class=\"excerpt-hellip\"> [\u2026]<\/span><\/p>\n","protected":false},"featured_media":0,"template":"","meta":{"_monsterinsights_skip_tracking":false,"_monsterinsights_sitenote_active":false,"_monsterinsights_sitenote_note":"","_monsterinsights_sitenote_category":0},"product_brand":[],"product_cat":[12357],"product_tag":[],"class_list":{"0":"post-746851","1":"product","2":"type-product","3":"status-publish","5":"product_cat-psikoloji","6":"pa_cilt-ciltsiz","7":"pa_tur-kitap","8":"pa_yayinevi-butik-yayinlari","9":"pa_yazar-bugra-misri","11":"first","12":"instock","13":"sale","14":"shipping-taxable","15":"purchasable","16":"product-type-simple"},"_links":{"self":[{"href":"https:\/\/roveyayinevi.com.tr\/index.php\/wp-json\/wp\/v2\/product\/746851","targetHints":{"allow":["GET"]}}],"collection":[{"href":"https:\/\/roveyayinevi.com.tr\/index.php\/wp-json\/wp\/v2\/product"}],"about":[{"href":"https:\/\/roveyayinevi.com.tr\/index.php\/wp-json\/wp\/v2\/types\/product"}],"wp:attachment":[{"href":"https:\/\/roveyayinevi.com.tr\/index.php\/wp-json\/wp\/v2\/media?parent=746851"}],"wp:term":[{"taxonomy":"product_brand","embeddable":true,"href":"https:\/\/roveyayinevi.com.tr\/index.php\/wp-json\/wp\/v2\/product_brand?post=746851"},{"taxonomy":"product_cat","embeddable":true,"href":"https:\/\/roveyayinevi.com.tr\/index.php\/wp-json\/wp\/v2\/product_cat?post=746851"},{"taxonomy":"product_tag","embeddable":true,"href":"https:\/\/roveyayinevi.com.tr\/index.php\/wp-json\/wp\/v2\/product_tag?post=746851"}],"curies":[{"name":"wp","href":"https:\/\/api.w.org\/{rel}","templated":true}]}}