{"id":746845,"date":"2025-08-28T02:52:35","date_gmt":"2025-08-27T23:52:35","guid":{"rendered":"https:\/\/roveyayinevi.com.tr\/index.php\/urun\/geleneksel-ve-elestirel-kuram\/"},"modified":"2026-04-16T02:59:34","modified_gmt":"2026-04-15T23:59:34","slug":"geleneksel-ve-elestirel-kuram","status":"publish","type":"product","link":"https:\/\/roveyayinevi.com.tr\/index.php\/urun\/geleneksel-ve-elestirel-kuram\/","title":{"rendered":"Geleneksel ve Ele\u015ftirel Kuram"},"content":{"rendered":"<p>Geleneksel ve Ele\u015ftirel Kuram, 1920&#8217;li y\u0131llardan itibaren a\u011f\u0131rl\u0131kl\u0131 olarak Karl Marx&#8217;\u0131n d\u00fc\u015f\u00fcnce sisteminin izinde \u015fekillenmeye ba\u015flayan Frankfurt Okulu&#8217;nun temsilcilerinden Max Horkheimer&#8217;in, se\u00e7me makalelerini bir araya getiriyor. Horkheimer&#8217;in, dogmatizmin tuza\u011f\u0131na d\u00fc\u015fmeden yeni bir Marksist kuram olu\u015fturma \u00e7abalar\u0131n\u0131n \u00fcr\u00fcn\u00fc olarak de\u011ferlendirilebilecek bu makalelerde, hakikat arzusunu k\u0131lavuz edinen Bat\u0131 felsefesinin ana kavramlar\u0131 \u00fczerinden, felsefe ile toplum bilimleri nas\u0131l b\u00fct\u00fcnle\u015febilece\u011fine ili\u015fkin yan\u0131tlar bulmam m\u00fcmk\u00fcn&#8230;.<\/p>\n","protected":false},"excerpt":{"rendered":"<p>Geleneksel ve Ele\u015ftirel Kuram, 1920&#8217;li y\u0131llardan itibaren a\u011f\u0131rl\u0131kl\u0131 olarak Karl Marx&#8217;\u0131n d\u00fc\u015f\u00fcnce sisteminin izinde \u015fekillenmeye ba\u015flayan Frankfurt Okulu&#8217;nun temsilcilerinden Max Horkheimer&#8217;in, se\u00e7me makalelerini bir araya getiriyor.<span class=\"excerpt-hellip\"> [\u2026]<\/span><\/p>\n","protected":false},"featured_media":0,"template":"","meta":{"_monsterinsights_skip_tracking":false,"_monsterinsights_sitenote_active":false,"_monsterinsights_sitenote_note":"","_monsterinsights_sitenote_category":0},"product_brand":[],"product_cat":[12388,13555],"product_tag":[],"class_list":{"0":"post-746845","1":"product","2":"type-product","3":"status-publish","5":"product_cat-felsefe","6":"product_cat-genel-felsefe","7":"pa_cilt-ciltsiz","8":"pa_tur-kitap","9":"pa_yayinevi-yapi-kredi-yayinlari","10":"pa_yazar-max-horkheimer","12":"first","13":"instock","14":"sale","15":"shipping-taxable","16":"purchasable","17":"product-type-simple"},"_links":{"self":[{"href":"https:\/\/roveyayinevi.com.tr\/index.php\/wp-json\/wp\/v2\/product\/746845","targetHints":{"allow":["GET"]}}],"collection":[{"href":"https:\/\/roveyayinevi.com.tr\/index.php\/wp-json\/wp\/v2\/product"}],"about":[{"href":"https:\/\/roveyayinevi.com.tr\/index.php\/wp-json\/wp\/v2\/types\/product"}],"wp:attachment":[{"href":"https:\/\/roveyayinevi.com.tr\/index.php\/wp-json\/wp\/v2\/media?parent=746845"}],"wp:term":[{"taxonomy":"product_brand","embeddable":true,"href":"https:\/\/roveyayinevi.com.tr\/index.php\/wp-json\/wp\/v2\/product_brand?post=746845"},{"taxonomy":"product_cat","embeddable":true,"href":"https:\/\/roveyayinevi.com.tr\/index.php\/wp-json\/wp\/v2\/product_cat?post=746845"},{"taxonomy":"product_tag","embeddable":true,"href":"https:\/\/roveyayinevi.com.tr\/index.php\/wp-json\/wp\/v2\/product_tag?post=746845"}],"curies":[{"name":"wp","href":"https:\/\/api.w.org\/{rel}","templated":true}]}}