{"id":746843,"date":"2025-08-28T02:52:33","date_gmt":"2025-08-27T23:52:33","guid":{"rendered":"https:\/\/roveyayinevi.com.tr\/index.php\/urun\/bizden-onceki-dunya\/"},"modified":"2026-04-16T02:59:34","modified_gmt":"2026-04-15T23:59:34","slug":"bizden-onceki-dunya","status":"publish","type":"product","link":"https:\/\/roveyayinevi.com.tr\/index.php\/urun\/bizden-onceki-dunya\/","title":{"rendered":"Bizden \u00d6nceki D\u00fcnya"},"content":{"rendered":"<p>Bundan 50 bin y\u0131l \u00f6nce, yery\u00fcz\u00fcndeki tek insan t\u00fcr\u00fc biz de\u011fildik. Neandertaller, Hobbitler (H. floresiensis), Denisoval\u0131lar ve H. Luzonensis\u2019in de dahil oldu\u011fu en az d\u00f6rt t\u00fcr daha vard\u0131.   Bizden \u00d6nceki D\u00fcnya\u2019da, Denisoval\u0131lar\u0131n ke\u015ffinde olduk\u00e7a \u00f6nemli bir rol oynayan arkeoloji profes\u00f6r\u00fc Tom Higham, bu ke\u015fiflerin yap\u0131lmas\u0131na olanak tan\u0131yan bilimsel ve teknolojik geli\u015fmeleri anlat\u0131yor. Hem bu di\u011fer insan t\u00fcrlerinin tam olarak ne kadar zaman \u00f6nce ya\u015fad\u0131klar\u0131na hem de nas\u0131l ya\u015fay\u0131p birbirleriyle nas\u0131l etkile\u015fimler kurduklar\u0131na ili\u015fkin ger\u00e7ekleri g\u00f6zler \u00f6n\u00fcne seriyor. Dahas\u0131, bu t\u00fcrlerin sa\u011f kalan tek t\u00fcr Homo sapiens ile, yani bizim t\u00fcr\u00fcm\u00fczle olan genetik ba\u011flar\u0131n\u0131 g\u00fcn y\u00fcz\u00fcne \u00e7\u0131kar\u0131yor.   Bu bizim hik\u00e2yemiz! Ve ilk kez, t\u00fcm karakterleriyle birlikte eksiksiz anlat\u0131l\u0131yor!   \u201c\u0130nsanl\u0131\u011f\u0131n erken tarihine yeni bak\u0131\u015f a\u00e7\u0131lar\u0131 getiren bu heyecan verici kitap, art\u0131k insan ge\u00e7mi\u015fini yeniden in\u015fa etmek i\u00e7in devrim niteli\u011finde bir araca sahip oldu\u011fumuzu g\u00f6steriyor.\u201d \u2015B\u00fcy\u00fck Deniz kitab\u0131n\u0131n yazar\u0131 David Abulafia   \u201cB\u00fcy\u00fcleyici ve e\u011flenceli. \u0130nsan\u0131n k\u00f6keni \u00fczerine bir kitap okuyacaksan\u0131z o, bu olmal\u0131.\u201d \u2015D\u00fcnyaya Neden Bat\u0131 H\u00fckmediyor kitab\u0131n\u0131n yazar\u0131 Ian Morris   \u201cTarih\u00f6ncesi fosilleri tarihlendirme konusunda d\u00fcnyan\u0131n en iyi uzmanlar\u0131ndan biri, insan evrimi konusundaki kim, ne, nerede, nas\u0131l ve ne zaman sorular\u0131na cevap veriyor!\u201d \u2015Dinozorlar\u0131n Y\u00fckseli\u015fi ve \u00c7\u00f6k\u00fc\u015f\u00fc kitab\u0131n\u0131n yazar\u0131 Steve Brusatte<\/p>\n","protected":false},"excerpt":{"rendered":"<p>Bundan 50 bin y\u0131l \u00f6nce, yery\u00fcz\u00fcndeki tek insan t\u00fcr\u00fc biz de\u011fildik. Neandertaller, Hobbitler (H. floresiensis), Denisoval\u0131lar ve H. Luzonensis\u2019in de dahil oldu\u011fu en az d\u00f6rt t\u00fcr<span class=\"excerpt-hellip\"> [\u2026]<\/span><\/p>\n","protected":false},"featured_media":0,"template":"","meta":{"_monsterinsights_skip_tracking":false,"_monsterinsights_sitenote_active":false,"_monsterinsights_sitenote_note":"","_monsterinsights_sitenote_category":0},"product_brand":[],"product_cat":[12389,12388],"product_tag":[],"class_list":{"0":"post-746843","1":"product","2":"type-product","3":"status-publish","5":"product_cat-diger-felsefe","6":"product_cat-felsefe","7":"pa_cilt-ciltsiz","8":"pa_tur-kitap","9":"pa_yayinevi-nova-kitap","10":"pa_yazar-tom-higham","12":"first","13":"instock","14":"sale","15":"shipping-taxable","16":"purchasable","17":"product-type-simple"},"_links":{"self":[{"href":"https:\/\/roveyayinevi.com.tr\/index.php\/wp-json\/wp\/v2\/product\/746843","targetHints":{"allow":["GET"]}}],"collection":[{"href":"https:\/\/roveyayinevi.com.tr\/index.php\/wp-json\/wp\/v2\/product"}],"about":[{"href":"https:\/\/roveyayinevi.com.tr\/index.php\/wp-json\/wp\/v2\/types\/product"}],"wp:attachment":[{"href":"https:\/\/roveyayinevi.com.tr\/index.php\/wp-json\/wp\/v2\/media?parent=746843"}],"wp:term":[{"taxonomy":"product_brand","embeddable":true,"href":"https:\/\/roveyayinevi.com.tr\/index.php\/wp-json\/wp\/v2\/product_brand?post=746843"},{"taxonomy":"product_cat","embeddable":true,"href":"https:\/\/roveyayinevi.com.tr\/index.php\/wp-json\/wp\/v2\/product_cat?post=746843"},{"taxonomy":"product_tag","embeddable":true,"href":"https:\/\/roveyayinevi.com.tr\/index.php\/wp-json\/wp\/v2\/product_tag?post=746843"}],"curies":[{"name":"wp","href":"https:\/\/api.w.org\/{rel}","templated":true}]}}