{"id":746841,"date":"2025-08-28T02:52:31","date_gmt":"2025-08-27T23:52:31","guid":{"rendered":"https:\/\/roveyayinevi.com.tr\/index.php\/urun\/bambu-coook-yavas\/"},"modified":"2026-04-16T02:59:34","modified_gmt":"2026-04-15T23:59:34","slug":"bambu-coook-yavas","status":"publish","type":"product","link":"https:\/\/roveyayinevi.com.tr\/index.php\/urun\/bambu-coook-yavas\/","title":{"rendered":"Bambu \u00c7oook Yava\u015f"},"content":{"rendered":"<p>Ko\u015fucular biti\u015f \u00e7izgisinde Panda BAMBU\u2019yu bekliyordu. Genellikle g\u00fcnler onun i\u00e7in yava\u015f ge\u00e7erdi, t\u0131pk\u0131 kendisi gibi\u2026 Ancak bu kez, beklenmedik bir \u015feyle kar\u015f\u0131la\u015fmak \u00fczereydi.   Peki bu beklenmedik \u015fey ne mi? \u015eimdi bu sorunun cevab\u0131n\u0131 \u00f6\u011frenmek i\u00e7in kitab\u0131n kapa\u011f\u0131n\u0131 YAVAAA\u015e\u00c7A a\u00e7\u0131n. <\/p>\n","protected":false},"excerpt":{"rendered":"<p>Ko\u015fucular biti\u015f \u00e7izgisinde Panda BAMBU\u2019yu bekliyordu. Genellikle g\u00fcnler onun i\u00e7in yava\u015f ge\u00e7erdi, t\u0131pk\u0131 kendisi gibi\u2026 Ancak bu kez, beklenmedik bir \u015feyle kar\u015f\u0131la\u015fmak \u00fczereydi. Peki bu beklenmedik<span class=\"excerpt-hellip\"> [\u2026]<\/span><\/p>\n","protected":false},"featured_media":0,"template":"","meta":{"_monsterinsights_skip_tracking":false,"_monsterinsights_sitenote_active":false,"_monsterinsights_sitenote_note":"","_monsterinsights_sitenote_category":0},"product_brand":[],"product_cat":[12274,12284],"product_tag":[],"class_list":{"0":"post-746841","1":"product","2":"type-product","3":"status-publish","5":"product_cat-cocuk-ve-genclik-kitaplari","6":"product_cat-hikayeler","7":"pa_cilt-ciltsiz","8":"pa_tur-kitap","9":"pa_yayinevi-ithaki-yayinlari","10":"pa_yazar-benas-berantas","12":"first","13":"instock","14":"sale","15":"shipping-taxable","16":"purchasable","17":"product-type-simple"},"_links":{"self":[{"href":"https:\/\/roveyayinevi.com.tr\/index.php\/wp-json\/wp\/v2\/product\/746841","targetHints":{"allow":["GET"]}}],"collection":[{"href":"https:\/\/roveyayinevi.com.tr\/index.php\/wp-json\/wp\/v2\/product"}],"about":[{"href":"https:\/\/roveyayinevi.com.tr\/index.php\/wp-json\/wp\/v2\/types\/product"}],"wp:attachment":[{"href":"https:\/\/roveyayinevi.com.tr\/index.php\/wp-json\/wp\/v2\/media?parent=746841"}],"wp:term":[{"taxonomy":"product_brand","embeddable":true,"href":"https:\/\/roveyayinevi.com.tr\/index.php\/wp-json\/wp\/v2\/product_brand?post=746841"},{"taxonomy":"product_cat","embeddable":true,"href":"https:\/\/roveyayinevi.com.tr\/index.php\/wp-json\/wp\/v2\/product_cat?post=746841"},{"taxonomy":"product_tag","embeddable":true,"href":"https:\/\/roveyayinevi.com.tr\/index.php\/wp-json\/wp\/v2\/product_tag?post=746841"}],"curies":[{"name":"wp","href":"https:\/\/api.w.org\/{rel}","templated":true}]}}