{"id":746840,"date":"2025-08-28T02:52:29","date_gmt":"2025-08-27T23:52:29","guid":{"rendered":"https:\/\/roveyayinevi.com.tr\/index.php\/urun\/aru-shah-ve-altin-sehir\/"},"modified":"2026-04-16T02:59:34","modified_gmt":"2026-04-15T23:59:34","slug":"aru-shah-ve-altin-sehir","status":"publish","type":"product","link":"https:\/\/roveyayinevi.com.tr\/index.php\/urun\/aru-shah-ve-altin-sehir\/","title":{"rendered":"Aru Shah ve Alt\u0131n \u015eehir"},"content":{"rendered":"<p>Pandavalar\u0131n \u0131\u015f\u0131lt\u0131l\u0131 maceras\u0131 nefes kesmeye devam ediyor!   Aru Shah ve Pandava k\u0131z karde\u015fleri, deva\u2019lar ve asura\u2019lar aras\u0131nda sava\u015f \u00e7\u0131kmadan \u00f6nce Alt\u0131n \u015eehir Lanka\u2019daki ak\u0131l hocalar\u0131n\u0131 bulmak \u00fczere yola \u00e7\u0131k\u0131yorlar. Ve yanlar\u0131nda biri daha var: Uyuyan\u2019\u0131n k\u0131z\u0131 oldu\u011funu iddia eden Kara. Aru, Dilek A\u011fac\u0131\u2019nda tuttu\u011fu dile\u011fi hat\u0131rlamasa da garip bir \u015fekilde tan\u0131d\u0131k g\u00f6r\u00fcnen bu yeni k\u0131z karde\u015fi dilemedi\u011finden olduk\u00e7a emin. Ge\u00e7mi\u015fte ya\u015fad\u0131\u011f\u0131 hayal k\u0131r\u0131kl\u0131klar\u0131ndan sonra yakla\u015fan sava\u015fta tanr\u0131lar\u0131n taraf\u0131nda durmas\u0131 gerekti\u011findense \u015f\u00fcpheli. \u00dcstelik g\u00f6r\u00fcnen o ki tanr\u0131lar bazen son derece kurnaz olabiliyor&#8230; \u0130\u015fte size bir \u00f6rnek: Alt\u0131n \u015eehir\u2019in h\u00fck\u00fcmdar\u0131 Kubera, Pandavalara iki g\u00fc\u00e7l\u00fc silah vermeyi vadediyor, tabii haz\u0131rlad\u0131\u011f\u0131 \u00fc\u00e7 testi ba\u015far\u0131yla ge\u00e7ebilirlerse&#8230; E\u011fer kaybederlerse Uyuyan\u2019\u0131n kar\u015f\u0131s\u0131nda hi\u00e7bir \u015fanslar\u0131 kalmayacak ve Di\u011ferd\u00fcnya tamamen ele ge\u00e7irilecek! Pandava serisinin muhte\u015fem bir sihir, unutulmaz yarat\u0131klar, \u00e7\u0131karc\u0131 tanr\u0131lar ve kahkaha att\u0131racak diyaloglarla dolu bu d\u00f6rd\u00fcnc\u00fc kitab\u0131nda Aru, hayat\u0131n\u0131n sava\u015f\u0131n\u0131 vermek zorunda kalmadan \u00f6nce ge\u00e7mi\u015fiyle bar\u0131\u015fabilecek mi?   <\/p>\n","protected":false},"excerpt":{"rendered":"<p>Pandavalar\u0131n \u0131\u015f\u0131lt\u0131l\u0131 maceras\u0131 nefes kesmeye devam ediyor! Aru Shah ve Pandava k\u0131z karde\u015fleri, deva\u2019lar ve asura\u2019lar aras\u0131nda sava\u015f \u00e7\u0131kmadan \u00f6nce Alt\u0131n \u015eehir Lanka\u2019daki ak\u0131l hocalar\u0131n\u0131 bulmak<span class=\"excerpt-hellip\"> [\u2026]<\/span><\/p>\n","protected":false},"featured_media":0,"template":"","meta":{"_monsterinsights_skip_tracking":false,"_monsterinsights_sitenote_active":false,"_monsterinsights_sitenote_note":"","_monsterinsights_sitenote_category":0},"product_brand":[],"product_cat":[12689,12274],"product_tag":[],"class_list":{"0":"post-746840","1":"product","2":"type-product","3":"status-publish","5":"product_cat-cizgi-roman-cocuk-ve-genclik-kitaplari","6":"product_cat-cocuk-ve-genclik-kitaplari","7":"pa_cilt-ciltsiz","8":"pa_tur-kitap","9":"pa_yayinevi-ithaki-yayinlari","10":"pa_yazar-roshani-chokshi","12":"first","13":"instock","14":"sale","15":"shipping-taxable","16":"purchasable","17":"product-type-simple"},"_links":{"self":[{"href":"https:\/\/roveyayinevi.com.tr\/index.php\/wp-json\/wp\/v2\/product\/746840","targetHints":{"allow":["GET"]}}],"collection":[{"href":"https:\/\/roveyayinevi.com.tr\/index.php\/wp-json\/wp\/v2\/product"}],"about":[{"href":"https:\/\/roveyayinevi.com.tr\/index.php\/wp-json\/wp\/v2\/types\/product"}],"wp:attachment":[{"href":"https:\/\/roveyayinevi.com.tr\/index.php\/wp-json\/wp\/v2\/media?parent=746840"}],"wp:term":[{"taxonomy":"product_brand","embeddable":true,"href":"https:\/\/roveyayinevi.com.tr\/index.php\/wp-json\/wp\/v2\/product_brand?post=746840"},{"taxonomy":"product_cat","embeddable":true,"href":"https:\/\/roveyayinevi.com.tr\/index.php\/wp-json\/wp\/v2\/product_cat?post=746840"},{"taxonomy":"product_tag","embeddable":true,"href":"https:\/\/roveyayinevi.com.tr\/index.php\/wp-json\/wp\/v2\/product_tag?post=746840"}],"curies":[{"name":"wp","href":"https:\/\/api.w.org\/{rel}","templated":true}]}}