{"id":746839,"date":"2025-08-28T02:52:27","date_gmt":"2025-08-27T23:52:27","guid":{"rendered":"https:\/\/roveyayinevi.com.tr\/index.php\/urun\/baska-dilde-ask\/"},"modified":"2026-04-16T02:59:34","modified_gmt":"2026-04-15T23:59:34","slug":"baska-dilde-ask","status":"publish","type":"product","link":"https:\/\/roveyayinevi.com.tr\/index.php\/urun\/baska-dilde-ask\/","title":{"rendered":"Ba\u015fka Dilde A\u015fk"},"content":{"rendered":"<p>Bree Prescott, Maine\u2019in k\u00fc\u00e7\u00fck bir kasabas\u0131 olan Pelion\u2019a geldi\u011finde tek arzusu ya\u015fad\u0131\u011f\u0131 her \u015feyi ard\u0131nda b\u0131rakmakt\u0131. Ya\u011fmurun sesini. Kan\u0131. Teninde hissetti\u011fi o buz gibi namluyu. Alt\u0131 ayd\u0131r ald\u0131\u011f\u0131 her soluk ona kendisinin hayatta kald\u0131\u011f\u0131n\u0131, babas\u0131n\u0131nsa \u00f6ld\u00fc\u011f\u00fcn\u00fc hat\u0131rlat\u0131yordu. \u015eimdiyse kendini yeniden g\u00fcvende hissetmeye ba\u015flam\u0131\u015ft\u0131. Ama Archer Hale\u2019le tan\u0131\u015ft\u0131\u011f\u0131 an d\u00fcnyas\u0131n\u0131n de\u011fi\u015fece\u011finden ve bir daha asla eski h\u00e2line d\u00f6nmeyece\u011finden habersizdi.   Bree onun d\u00fcnyas\u0131na bodoslama dalana kadar Archer kimseyle ileti\u015fim kurmuyordu. Ancak yak\u0131\u015f\u0131kl\u0131 y\u00fcz\u00fc, etkileyici bak\u0131\u015flar\u0131 ve i\u015faret diliyle kurdu\u011fu ileti\u015fimle Bree\u2019nin \u00fczerinde kendisinin bile tahmin edemeyece\u011fi bir etki b\u0131rakacakt\u0131. Ama Pelion s\u0131rlarla ve ihanetlerle dolu bir kasabayd\u0131 ve t\u00fcm bunlar\u0131n merkezinde de Archer vard\u0131.   Kendi ac\u0131lar\u0131n\u0131n kozas\u0131nda ya\u015fayan tutkulu ve yaral\u0131 bu iki insan, iyile\u015fmenin ve ya\u015famaya devam etmenin yolunu belki de Archer\u2019\u0131n sessizli\u011finde bulacaklard\u0131.   \u201cGer\u00e7ek\u00e7i bir a\u015fk hik\u00e2yesinin nas\u0131l yaz\u0131laca\u011f\u0131n\u0131n en g\u00fc\u00e7l\u00fc \u00f6rne\u011fi.\u201d \u2014L.J. Shen   \u201cKusursuz ve dokunakl\u0131 anlat\u0131m\u0131yla, Bree ile Archer\u2019\u0131n y\u00fcrek burkan ama ger\u00e7ekten b\u00fcy\u00fcleyici a\u015fk hik\u00e2yesi i\u00e7inizi \u0131s\u0131tacak.\u201d \u2014Natasha is a Book Junkie   \u201cDuygusal, etkileyici ve \u00e7ok farkl\u0131\u2026 Kesinlikle ka\u00e7\u0131r\u0131lmamas\u0131 gerekiyor!\u201d \u2014Aestas Book Blog   \u201cAyaklar\u0131n\u0131z\u0131 yerden kesecek, duygusal ve romantik bir hik\u00e2ye.\u201d \u2014Totallybooked Blog <\/p>\n","protected":false},"excerpt":{"rendered":"<p>Bree Prescott, Maine\u2019in k\u00fc\u00e7\u00fck bir kasabas\u0131 olan Pelion\u2019a geldi\u011finde tek arzusu ya\u015fad\u0131\u011f\u0131 her \u015feyi ard\u0131nda b\u0131rakmakt\u0131. Ya\u011fmurun sesini. Kan\u0131. Teninde hissetti\u011fi o buz gibi namluyu. Alt\u0131<span class=\"excerpt-hellip\"> [\u2026]<\/span><\/p>\n","protected":false},"featured_media":0,"template":"","meta":{"_monsterinsights_skip_tracking":false,"_monsterinsights_sitenote_active":false,"_monsterinsights_sitenote_note":"","_monsterinsights_sitenote_category":0},"product_brand":[],"product_cat":[12291,12711],"product_tag":[],"class_list":{"0":"post-746839","1":"product","2":"type-product","3":"status-publish","5":"product_cat-edebiyat","6":"product_cat-roman-oyku","7":"pa_cilt-ciltsiz","8":"pa_tur-kitap","9":"pa_yayinevi-yabanci-yayinevi","10":"pa_yazar-mia-sheridan","12":"first","13":"instock","14":"sale","15":"shipping-taxable","16":"purchasable","17":"product-type-simple"},"_links":{"self":[{"href":"https:\/\/roveyayinevi.com.tr\/index.php\/wp-json\/wp\/v2\/product\/746839","targetHints":{"allow":["GET"]}}],"collection":[{"href":"https:\/\/roveyayinevi.com.tr\/index.php\/wp-json\/wp\/v2\/product"}],"about":[{"href":"https:\/\/roveyayinevi.com.tr\/index.php\/wp-json\/wp\/v2\/types\/product"}],"wp:attachment":[{"href":"https:\/\/roveyayinevi.com.tr\/index.php\/wp-json\/wp\/v2\/media?parent=746839"}],"wp:term":[{"taxonomy":"product_brand","embeddable":true,"href":"https:\/\/roveyayinevi.com.tr\/index.php\/wp-json\/wp\/v2\/product_brand?post=746839"},{"taxonomy":"product_cat","embeddable":true,"href":"https:\/\/roveyayinevi.com.tr\/index.php\/wp-json\/wp\/v2\/product_cat?post=746839"},{"taxonomy":"product_tag","embeddable":true,"href":"https:\/\/roveyayinevi.com.tr\/index.php\/wp-json\/wp\/v2\/product_tag?post=746839"}],"curies":[{"name":"wp","href":"https:\/\/api.w.org\/{rel}","templated":true}]}}