{"id":746838,"date":"2025-08-28T02:52:26","date_gmt":"2025-08-27T23:52:26","guid":{"rendered":"https:\/\/roveyayinevi.com.tr\/index.php\/urun\/sonsuz-kis\/"},"modified":"2026-04-16T02:59:34","modified_gmt":"2026-04-15T23:59:34","slug":"sonsuz-kis","status":"publish","type":"product","link":"https:\/\/roveyayinevi.com.tr\/index.php\/urun\/sonsuz-kis\/","title":{"rendered":"Sonsuz K\u0131\u015f"},"content":{"rendered":"<p>Mila ve karde\u015fleri, orman\u0131n k\u0131y\u0131s\u0131ndaki bir kul\u00fcbede ya\u015f\u0131yorlard\u0131. Babalar\u0131n\u0131n ortadan kaybolu\u015fu ve y\u0131llard\u0131r bitmek bilmeyen k\u0131\u015f onlar\u0131 tekd\u00fcze bir hayata mahk\u00fbm etmi\u015fti. Derken bir gece kap\u0131lar\u0131nda bir yabanc\u0131 belirdi. Tuhaf bir yabanc\u0131yd\u0131 bu. Ama tuhafl\u0131\u011f\u0131 fark eden yaln\u0131zca Mila\u2019yd\u0131 ve o da g\u00f6rd\u00fcklerine kimseyi inand\u0131ramam\u0131\u015ft\u0131.   Ertesi g\u00fcn uyand\u0131klar\u0131nda ortada ne yabanc\u0131 vard\u0131 ne de abisi Oskar.   Abisinin asla kendi iste\u011fiyle gitmeyece\u011finden ad\u0131 gibi emin olan Mila, ablas\u0131n\u0131n itirazlar\u0131na ra\u011fmen Oskar\u2019\u0131 geri getirmeye kararl\u0131yd\u0131. Kuzeye do\u011fru \u00e7\u0131kaca\u011f\u0131 yolculukta her t\u00fcrden yard\u0131ma ihtiyac\u0131 olacakt\u0131, herkesin korktu\u011fu b\u00fcy\u00fcc\u00fcn\u00fcn ve daha isim g\u00fcn\u00fc gelmemi\u015f k\u00fc\u00e7\u00fck karde\u015finin sunabileceklerine bile.   Bilinmeze do\u011fru giderlerken, orman\u0131n en b\u00fcy\u00fck s\u0131rr\u0131 ve sonsuz k\u0131\u015f\u0131n gizemi onlar\u0131 bekliyordu.   \u201cKusursuz bir hik\u00e2ye anlat\u0131m\u0131.\u201d \u2014CATHERINE DOYLE   \u201c\u0130lmek ilmek i\u015flenmi\u015f m\u00fcthi\u015f bir atmosfer.\u201d \u2014ABI ELPHINSTONE   \u201cCesarete, karde\u015fli\u011fe, vedalara ve ba\u015flang\u0131\u00e7lara dair bu m\u00fcthi\u015f hik\u00e2yeyi herkes mutlaka okumal\u0131.\u201d \u2014JESSIE BURTON   \u201cYazar\u0131n kesinlikle en iyi kitab\u0131.\u201d \u2014ROBIN STEVENS   \u201cG\u00f6z kama\u015ft\u0131r\u0131c\u0131! Sonsuz bir k\u0131\u015f\u0131 bile eritecek kadar s\u0131cak, t\u00fcyleri diken diken eden bir macera.\u201d \u2014SOPHIE ANDERSON \u201cKiran Millwood Hargrave, klasikler aras\u0131na girmeye aday bir kitap yazm\u0131\u015f.\u201d \u2014SAMANTHA SHANNON   \u201cKelimeler \u00e2deta ak\u0131p gidiyor, her c\u00fcmle bir \u015fiir sanki.\u201d \u2014CERRIE BURNELL   \u201cEn so\u011fuk kalbi bile eritecek gerilim dolu bir k\u0131\u015f ser\u00fcveni.\u201d \u2014PIERS TORDAY   \u201cCesur kad\u0131n kahramanlar\u0131 ve Hansel ile Gratel gibi masallar\u0131n o zamans\u0131z hissini sevenler bu kitab\u0131 elinden b\u0131rakamayacak.\u201d \u2014TUI T. SUTHERLAND   \u201cHem destans\u0131 bir macera hem de aileye dair i\u00e7ten bir hik\u00e2ye.\u201d \u2014SOMAN CHAINANI   \u201cBuz gibi kuzeye, karde\u015f sevgisine ve maceran\u0131n \u00e7a\u011fr\u0131s\u0131na dair bir destan.\u201d \u2014The Guardian   \u201cAksiyon dolu maceralar, insan\u0131 hemen saran bu folklorik anlat\u0131ya lezzet kat\u0131yor.\u201d \u2014Horn Book Magazine   \u201cHargrave\u2019in duyulara hitap eden dili ve imgeleri, okurlar\u0131 efsanelerin ger\u00e7eklikle kar\u0131\u015ft\u0131\u011f\u0131 \u0130skandinav esintili bir d\u00fcnyan\u0131n i\u00e7ine \u00e7ekiyor.\u201d \u2014School Library Journal   \u201cSonsuz K\u0131\u015f, klasik fantazi ve \u00e7evre aktivizmine \u00e7a\u011fr\u0131n\u0131n unutulmaz bir birle\u015fimi.\u201d \u2014BookPage   \u201cGrimm Karde\u015fler\u2019in masallar\u0131n\u0131 and\u0131ran sahnelerle \u00f6r\u00fcl\u00fc bir masal.\u201d \u2014Kirkus   \u201cMatilda Wood ya da Katherine Rundell seven okurlar bu k\u0131\u015f maceras\u0131na bay\u0131lacak.\u201d \u2014Booklist, starred review   \u201cSonsuz K\u0131\u015f, \u00f6z\u00fcn\u00fc masallardan alan gerilim dolu bir yolculu\u011fun hik\u00e2yesi.\u201d \u2014Publishers Weekly   <\/p>\n","protected":false},"excerpt":{"rendered":"<p>Mila ve karde\u015fleri, orman\u0131n k\u0131y\u0131s\u0131ndaki bir kul\u00fcbede ya\u015f\u0131yorlard\u0131. Babalar\u0131n\u0131n ortadan kaybolu\u015fu ve y\u0131llard\u0131r bitmek bilmeyen k\u0131\u015f onlar\u0131 tekd\u00fcze bir hayata mahk\u00fbm etmi\u015fti. Derken bir gece kap\u0131lar\u0131nda<span class=\"excerpt-hellip\"> [\u2026]<\/span><\/p>\n","protected":false},"featured_media":0,"template":"","meta":{"_monsterinsights_skip_tracking":false,"_monsterinsights_sitenote_active":false,"_monsterinsights_sitenote_note":"","_monsterinsights_sitenote_category":0},"product_brand":[],"product_cat":[12291,14777],"product_tag":[],"class_list":{"0":"post-746838","1":"product","2":"type-product","3":"status-publish","5":"product_cat-edebiyat","6":"product_cat-fantastik","7":"pa_cilt-ciltsiz","8":"pa_tur-kitap","9":"pa_yayinevi-yabanci-yayinevi","10":"pa_yazar-kiran-millwood-hargrave","12":"first","13":"instock","14":"sale","15":"shipping-taxable","16":"purchasable","17":"product-type-simple"},"_links":{"self":[{"href":"https:\/\/roveyayinevi.com.tr\/index.php\/wp-json\/wp\/v2\/product\/746838","targetHints":{"allow":["GET"]}}],"collection":[{"href":"https:\/\/roveyayinevi.com.tr\/index.php\/wp-json\/wp\/v2\/product"}],"about":[{"href":"https:\/\/roveyayinevi.com.tr\/index.php\/wp-json\/wp\/v2\/types\/product"}],"wp:attachment":[{"href":"https:\/\/roveyayinevi.com.tr\/index.php\/wp-json\/wp\/v2\/media?parent=746838"}],"wp:term":[{"taxonomy":"product_brand","embeddable":true,"href":"https:\/\/roveyayinevi.com.tr\/index.php\/wp-json\/wp\/v2\/product_brand?post=746838"},{"taxonomy":"product_cat","embeddable":true,"href":"https:\/\/roveyayinevi.com.tr\/index.php\/wp-json\/wp\/v2\/product_cat?post=746838"},{"taxonomy":"product_tag","embeddable":true,"href":"https:\/\/roveyayinevi.com.tr\/index.php\/wp-json\/wp\/v2\/product_tag?post=746838"}],"curies":[{"name":"wp","href":"https:\/\/api.w.org\/{rel}","templated":true}]}}