{"id":746835,"date":"2025-08-28T02:52:22","date_gmt":"2025-08-27T23:52:22","guid":{"rendered":"https:\/\/roveyayinevi.com.tr\/index.php\/urun\/ii-kambises-taktigi\/"},"modified":"2026-04-16T02:59:03","modified_gmt":"2026-04-15T23:59:03","slug":"ii-kambises-taktigi","status":"publish","type":"product","link":"https:\/\/roveyayinevi.com.tr\/index.php\/urun\/ii-kambises-taktigi\/","title":{"rendered":"II. Kambises Takti\u011fi"},"content":{"rendered":"<p>simetri ve e\u015fitlik talep ediyor parazitsiz dola\u015fan bilgiyle camla\u015fan insan\u0131n \u015fiddeti sana ge\u00e7sin istiyor a\u00e7\u0131lm\u0131\u015f bir oyu\u011fa de\u011fil organik bo\u015fluklar\u0131na n\u00fcfuz bi\u00e7iminde gizemle ve d\u0131\u015fardal\u0131\u011f\u0131mla kurcalan s\u0131n\u0131rs\u0131z ileti\u015fime uygun olmamamla bir yabanc\u0131 bir yeni bir risk olmamla <\/p>\n","protected":false},"excerpt":{"rendered":"<p>simetri ve e\u015fitlik talep ediyor parazitsiz dola\u015fan bilgiyle camla\u015fan insan\u0131n \u015fiddeti sana ge\u00e7sin istiyor a\u00e7\u0131lm\u0131\u015f bir oyu\u011fa de\u011fil organik bo\u015fluklar\u0131na n\u00fcfuz bi\u00e7iminde gizemle ve d\u0131\u015fardal\u0131\u011f\u0131mla kurcalan<span class=\"excerpt-hellip\"> [\u2026]<\/span><\/p>\n","protected":false},"featured_media":0,"template":"","meta":{"_monsterinsights_skip_tracking":false,"_monsterinsights_sitenote_active":false,"_monsterinsights_sitenote_note":"","_monsterinsights_sitenote_category":0},"product_brand":[],"product_cat":[12291,12509],"product_tag":[],"class_list":{"0":"post-746835","1":"product","2":"type-product","3":"status-publish","5":"product_cat-edebiyat","6":"product_cat-siir","7":"pa_cilt-ciltsiz","8":"pa_tur-kitap","9":"pa_yayinevi-ithaki-yayinlari","10":"pa_yazar-sena-turkmen","12":"first","13":"instock","14":"sale","15":"shipping-taxable","16":"purchasable","17":"product-type-simple"},"_links":{"self":[{"href":"https:\/\/roveyayinevi.com.tr\/index.php\/wp-json\/wp\/v2\/product\/746835","targetHints":{"allow":["GET"]}}],"collection":[{"href":"https:\/\/roveyayinevi.com.tr\/index.php\/wp-json\/wp\/v2\/product"}],"about":[{"href":"https:\/\/roveyayinevi.com.tr\/index.php\/wp-json\/wp\/v2\/types\/product"}],"wp:attachment":[{"href":"https:\/\/roveyayinevi.com.tr\/index.php\/wp-json\/wp\/v2\/media?parent=746835"}],"wp:term":[{"taxonomy":"product_brand","embeddable":true,"href":"https:\/\/roveyayinevi.com.tr\/index.php\/wp-json\/wp\/v2\/product_brand?post=746835"},{"taxonomy":"product_cat","embeddable":true,"href":"https:\/\/roveyayinevi.com.tr\/index.php\/wp-json\/wp\/v2\/product_cat?post=746835"},{"taxonomy":"product_tag","embeddable":true,"href":"https:\/\/roveyayinevi.com.tr\/index.php\/wp-json\/wp\/v2\/product_tag?post=746835"}],"curies":[{"name":"wp","href":"https:\/\/api.w.org\/{rel}","templated":true}]}}