{"id":746834,"date":"2025-08-28T02:52:21","date_gmt":"2025-08-27T23:52:21","guid":{"rendered":"https:\/\/roveyayinevi.com.tr\/index.php\/urun\/cinayet-teorisi\/"},"modified":"2026-04-16T02:59:03","modified_gmt":"2026-04-15T23:59:03","slug":"cinayet-teorisi","status":"publish","type":"product","link":"https:\/\/roveyayinevi.com.tr\/index.php\/urun\/cinayet-teorisi\/","title":{"rendered":"Cinayet Teorisi"},"content":{"rendered":"<p>\u00d6LD\u00dcRME ARZUSU BULA\u015eICI OLAB\u0130L\u0130R M\u0130?   FBI, esrarengiz bir cinayetin ayd\u0131nl\u0131\u011fa kavu\u015fturulmas\u0131 i\u00e7in seri katil avc\u0131s\u0131 Profes\u00f6r Theo Cray\u2019e ba\u015fvurur. Cinayet mahalli, Cray\u2019in yak\u0131ndan tan\u0131d\u0131\u011f\u0131 bir katilin kurbanlar\u0131n\u0131n kal\u0131nt\u0131lar\u0131n\u0131 g\u00f6md\u00fc\u011f\u00fc kaz\u0131 alan\u0131d\u0131r ve g\u00f6zalt\u0131nda, sald\u0131rganl\u0131k ge\u00e7mi\u015fi olmayan bir adli t\u0131p uzman\u0131 vard\u0131r. Acaba onu cinayet i\u015flemeye iten ne olabilir?   Gizemli bir adam\u0131n cinayet mahallerini sinsice g\u00f6zetledi\u011fini ve adli t\u0131p verilerini \u00e7ald\u0131\u011f\u0131n\u0131 ke\u015ffeden Cray\u2019in akl\u0131na \u00fcrk\u00fct\u00fcc\u00fc bir teori gelir. Kar\u015f\u0131s\u0131nda, dehas\u0131n\u0131 katil yaratmak i\u00e7in kullanan bir biliminsan\u0131 m\u0131 vard\u0131r?   Andrew Mayne, Profes\u00f6r Theo Cray serisinin \u00fc\u00e7\u00fcnc\u00fc roman\u0131 Cinayet Teorisi\u2019nde bizi yine bilim ile \u00e7\u0131lg\u0131nl\u0131\u011f\u0131n bulu\u015ftu\u011fu noktalara g\u00f6t\u00fcr\u00fcyor.   \u201cG\u00f6steri\u015fli bir gerilim.\u201d \u2013Gumshoe Review   <\/p>\n","protected":false},"excerpt":{"rendered":"<p>\u00d6LD\u00dcRME ARZUSU BULA\u015eICI OLAB\u0130L\u0130R M\u0130? FBI, esrarengiz bir cinayetin ayd\u0131nl\u0131\u011fa kavu\u015fturulmas\u0131 i\u00e7in seri katil avc\u0131s\u0131 Profes\u00f6r Theo Cray\u2019e ba\u015fvurur. Cinayet mahalli, Cray\u2019in yak\u0131ndan tan\u0131d\u0131\u011f\u0131 bir katilin<span class=\"excerpt-hellip\"> [\u2026]<\/span><\/p>\n","protected":false},"featured_media":0,"template":"","meta":{"_monsterinsights_skip_tracking":false,"_monsterinsights_sitenote_active":false,"_monsterinsights_sitenote_note":"","_monsterinsights_sitenote_category":0},"product_brand":[],"product_cat":[12291,15445],"product_tag":[],"class_list":{"0":"post-746834","1":"product","2":"type-product","3":"status-publish","5":"product_cat-edebiyat","6":"product_cat-polisiye","7":"pa_cilt-ciltsiz","8":"pa_tur-kitap","9":"pa_yayinevi-ithaki-yayinlari","10":"pa_yazar-andrew-mayne","12":"first","13":"instock","14":"sale","15":"shipping-taxable","16":"purchasable","17":"product-type-simple"},"_links":{"self":[{"href":"https:\/\/roveyayinevi.com.tr\/index.php\/wp-json\/wp\/v2\/product\/746834","targetHints":{"allow":["GET"]}}],"collection":[{"href":"https:\/\/roveyayinevi.com.tr\/index.php\/wp-json\/wp\/v2\/product"}],"about":[{"href":"https:\/\/roveyayinevi.com.tr\/index.php\/wp-json\/wp\/v2\/types\/product"}],"wp:attachment":[{"href":"https:\/\/roveyayinevi.com.tr\/index.php\/wp-json\/wp\/v2\/media?parent=746834"}],"wp:term":[{"taxonomy":"product_brand","embeddable":true,"href":"https:\/\/roveyayinevi.com.tr\/index.php\/wp-json\/wp\/v2\/product_brand?post=746834"},{"taxonomy":"product_cat","embeddable":true,"href":"https:\/\/roveyayinevi.com.tr\/index.php\/wp-json\/wp\/v2\/product_cat?post=746834"},{"taxonomy":"product_tag","embeddable":true,"href":"https:\/\/roveyayinevi.com.tr\/index.php\/wp-json\/wp\/v2\/product_tag?post=746834"}],"curies":[{"name":"wp","href":"https:\/\/api.w.org\/{rel}","templated":true}]}}