{"id":746833,"date":"2025-08-28T02:52:19","date_gmt":"2025-08-27T23:52:19","guid":{"rendered":"https:\/\/roveyayinevi.com.tr\/index.php\/urun\/aynadan-iceri\/"},"modified":"2026-04-16T02:59:03","modified_gmt":"2026-04-15T23:59:03","slug":"aynadan-iceri","status":"publish","type":"product","link":"https:\/\/roveyayinevi.com.tr\/index.php\/urun\/aynadan-iceri\/","title":{"rendered":"Aynadan \u0130\u00e7eri"},"content":{"rendered":"<p>OYUNCAK\u00c7I SEN\u0130 \u0130ZL\u0130YOR.   \u00c7\u0131\u011f\u0131r a\u00e7\u0131c\u0131 bilimsel y\u00f6ntemler sayesinde tarihin en az\u0131l\u0131 seri katillerinden birini yakalayan Profes\u00f6r Theo Cray, eski \u00f6\u011frencisinin \u00f6l\u00fcm\u00fc ve av\u0131n\u0131 yakalamas\u0131n\u0131n ard\u0131ndan akademik d\u00fcnyadan kopar. Hayat\u0131n\u0131 yeniden in\u015fa etmeye \u00e7al\u0131\u015f\u0131rken kendisini ba\u015fka bir esrarengiz vakan\u0131n i\u00e7inde bulur. Kay\u0131p bir \u00e7ocu\u011fun \u00e7aresiz babas\u0131 yard\u0131m i\u00e7in Theo Cray\u2019e ba\u015fvurur. Onun elindeyse birka\u00e7 \u00e7ocu\u011fun \u00e7izimi ile Oyuncak\u00e7\u0131 adl\u0131 biriyle ilgili \u015fehir efsanesinden ba\u015fka bir ipucu yoktur.   Theo Cray, Oyuncak\u00e7\u0131\u2019n\u0131n ard\u0131ndaki gizemi \u00e7\u00f6zmek i\u00e7in bilimsel \u00f6nyarg\u0131lar\u0131n\u0131 bir kenara b\u0131rak\u0131p d\u00fc\u015fler ile k\u00e2buslar\u0131n g\u00fcndelik ger\u00e7eklik kadar yer kaplad\u0131\u011f\u0131 bir d\u00fcnyayla y\u00fczle\u015fmelidir. Vakan\u0131n girdab\u0131na s\u00fcr\u00fcklendik\u00e7e u\u00e7suz bucaks\u0131z bir a\u011f\u0131n i\u00e7inde bulur kendini, hen\u00fcz son kurban\u0131n\u0131 ele ge\u00e7irmemi\u015f bir a\u011f\u0131n.   Andrew Mayne\u2019in Nat\u00fcralist roman\u0131yla tan\u0131\u015ft\u0131\u011f\u0131m\u0131z kahraman\u0131 Theo Cray, ikinci maceras\u0131 Aynadan \u0130\u00e7eri\u2019de de yine t\u00fcm bilimsel yakla\u015f\u0131m\u0131yla bilinmezli\u011fin ortas\u0131na at\u0131l\u0131yor.   \u201cBilim, spek\u00fclasyon ve gerilimin s\u00fcr\u00fckleyici kesi\u015fimi.\u201d \u2013Omnivoracious <\/p>\n","protected":false},"excerpt":{"rendered":"<p>OYUNCAK\u00c7I SEN\u0130 \u0130ZL\u0130YOR. \u00c7\u0131\u011f\u0131r a\u00e7\u0131c\u0131 bilimsel y\u00f6ntemler sayesinde tarihin en az\u0131l\u0131 seri katillerinden birini yakalayan Profes\u00f6r Theo Cray, eski \u00f6\u011frencisinin \u00f6l\u00fcm\u00fc ve av\u0131n\u0131 yakalamas\u0131n\u0131n ard\u0131ndan akademik<span class=\"excerpt-hellip\"> [\u2026]<\/span><\/p>\n","protected":false},"featured_media":0,"template":"","meta":{"_monsterinsights_skip_tracking":false,"_monsterinsights_sitenote_active":false,"_monsterinsights_sitenote_note":"","_monsterinsights_sitenote_category":0},"product_brand":[],"product_cat":[12291,15445],"product_tag":[],"class_list":{"0":"post-746833","1":"product","2":"type-product","3":"status-publish","5":"product_cat-edebiyat","6":"product_cat-polisiye","7":"pa_cilt-ciltsiz","8":"pa_tur-kitap","9":"pa_yayinevi-ithaki-yayinlari","10":"pa_yazar-andrew-mayne","12":"first","13":"instock","14":"sale","15":"shipping-taxable","16":"purchasable","17":"product-type-simple"},"_links":{"self":[{"href":"https:\/\/roveyayinevi.com.tr\/index.php\/wp-json\/wp\/v2\/product\/746833","targetHints":{"allow":["GET"]}}],"collection":[{"href":"https:\/\/roveyayinevi.com.tr\/index.php\/wp-json\/wp\/v2\/product"}],"about":[{"href":"https:\/\/roveyayinevi.com.tr\/index.php\/wp-json\/wp\/v2\/types\/product"}],"wp:attachment":[{"href":"https:\/\/roveyayinevi.com.tr\/index.php\/wp-json\/wp\/v2\/media?parent=746833"}],"wp:term":[{"taxonomy":"product_brand","embeddable":true,"href":"https:\/\/roveyayinevi.com.tr\/index.php\/wp-json\/wp\/v2\/product_brand?post=746833"},{"taxonomy":"product_cat","embeddable":true,"href":"https:\/\/roveyayinevi.com.tr\/index.php\/wp-json\/wp\/v2\/product_cat?post=746833"},{"taxonomy":"product_tag","embeddable":true,"href":"https:\/\/roveyayinevi.com.tr\/index.php\/wp-json\/wp\/v2\/product_tag?post=746833"}],"curies":[{"name":"wp","href":"https:\/\/api.w.org\/{rel}","templated":true}]}}