{"id":746829,"date":"2025-08-28T02:51:41","date_gmt":"2025-08-27T23:51:41","guid":{"rendered":"https:\/\/roveyayinevi.com.tr\/index.php\/urun\/kizim-hakkinda-her-sey\/"},"modified":"2026-04-16T02:59:03","modified_gmt":"2026-04-15T23:59:03","slug":"kizim-hakkinda-her-sey","status":"publish","type":"product","link":"https:\/\/roveyayinevi.com.tr\/index.php\/urun\/kizim-hakkinda-her-sey\/","title":{"rendered":"K\u0131z\u0131m Hakk\u0131nda Her \u015eey"},"content":{"rendered":"<p>2018 SH\u0130N DONG-YUP EDEB\u0130YAT \u00d6D\u00dcL\u00dc KAZANANI   Anne bir huzurevinde hem\u015firelik yapan altm\u0131\u015fl\u0131 ya\u015flar\u0131n\u0131n ortas\u0131nda bir kad\u0131n, g\u00f6ze \u00e7arpmayan ve m\u00fctevaz\u0131 bir hayat s\u00fcr\u00fcyor. K\u0131z\u0131 \u00fcniversitede akademisyen, sabit bir geliri yok ve annesinin onaylamad\u0131\u011f\u0131 bir k\u0131z arkada\u015f\u0131 var. Green sevgilisiyle beraber annesinin yan\u0131na ta\u015f\u0131nmak zorunda kal\u0131nca birbirine tamamen z\u0131t iki hayat g\u00f6r\u00fc\u015f\u00fc \u00e7arp\u0131\u015f\u0131yor.   K\u0131z\u0131m Hakk\u0131nda Her \u015eey\u2019de Koreli yazar Kim Hye-jin, \u00e7ocuklar\u0131n\u0131n kendi kaderini tayin etme arzular\u0131n\u0131n \u00f6n\u00fcnde inatla duran bir neslin \u00f6nyarg\u0131lar\u0131na yak\u0131ndan bak\u0131yor, ya\u015fl\u0131l\u0131k, \u00f6l\u00fcm ve yaln\u0131zl\u0131k \u00fczerine korkular\u0131m\u0131z\u0131 ortaya \u00e7\u0131kar\u0131yor.   \u201cKad\u0131nlar\u0131n m\u00fccadele etmeleriyle, birbirlerine destek olmalar\u0131yla, birbirlerini kollamalar\u0131yla ve maruz kald\u0131klar\u0131 \u00f6nyarg\u0131 ve ele\u015ftirilere kar\u015f\u0131 seslerini y\u00fckseltmeleriyle ilgili bir hik\u00e2yeden etkilenmeden edemiyorum.\u201d \u2013Cho Nam-joo, Kim Jiyeong, Do\u011fum: 1982\u2019nin yazar\u0131   \u201cS\u00fcr\u00fckleyici ve duygu y\u00fckl\u00fc\u2026 Okurlar bu yeni yazar\u0131 ke\u015ffettiklerine minnettar kalacak.\u201d \u2013Publishers Weekly   <\/p>\n","protected":false},"excerpt":{"rendered":"<p>2018 SH\u0130N DONG-YUP EDEB\u0130YAT \u00d6D\u00dcL\u00dc KAZANANI Anne bir huzurevinde hem\u015firelik yapan altm\u0131\u015fl\u0131 ya\u015flar\u0131n\u0131n ortas\u0131nda bir kad\u0131n, g\u00f6ze \u00e7arpmayan ve m\u00fctevaz\u0131 bir hayat s\u00fcr\u00fcyor. K\u0131z\u0131 \u00fcniversitede akademisyen,<span class=\"excerpt-hellip\"> [\u2026]<\/span><\/p>\n","protected":false},"featured_media":0,"template":"","meta":{"_monsterinsights_skip_tracking":false,"_monsterinsights_sitenote_active":false,"_monsterinsights_sitenote_note":"","_monsterinsights_sitenote_category":0},"product_brand":[],"product_cat":[12291,12711],"product_tag":[],"class_list":{"0":"post-746829","1":"product","2":"type-product","3":"status-publish","5":"product_cat-edebiyat","6":"product_cat-roman-oyku","7":"pa_cilt-ciltsiz","8":"pa_tur-kitap","9":"pa_yayinevi-ithaki-yayinlari","10":"pa_yazar-kim-hye-jin","12":"first","13":"instock","14":"sale","15":"shipping-taxable","16":"purchasable","17":"product-type-simple"},"_links":{"self":[{"href":"https:\/\/roveyayinevi.com.tr\/index.php\/wp-json\/wp\/v2\/product\/746829","targetHints":{"allow":["GET"]}}],"collection":[{"href":"https:\/\/roveyayinevi.com.tr\/index.php\/wp-json\/wp\/v2\/product"}],"about":[{"href":"https:\/\/roveyayinevi.com.tr\/index.php\/wp-json\/wp\/v2\/types\/product"}],"wp:attachment":[{"href":"https:\/\/roveyayinevi.com.tr\/index.php\/wp-json\/wp\/v2\/media?parent=746829"}],"wp:term":[{"taxonomy":"product_brand","embeddable":true,"href":"https:\/\/roveyayinevi.com.tr\/index.php\/wp-json\/wp\/v2\/product_brand?post=746829"},{"taxonomy":"product_cat","embeddable":true,"href":"https:\/\/roveyayinevi.com.tr\/index.php\/wp-json\/wp\/v2\/product_cat?post=746829"},{"taxonomy":"product_tag","embeddable":true,"href":"https:\/\/roveyayinevi.com.tr\/index.php\/wp-json\/wp\/v2\/product_tag?post=746829"}],"curies":[{"name":"wp","href":"https:\/\/api.w.org\/{rel}","templated":true}]}}