{"id":746827,"date":"2025-08-28T02:51:40","date_gmt":"2025-08-27T23:51:40","guid":{"rendered":"https:\/\/roveyayinevi.com.tr\/index.php\/urun\/cin-dunyayi-ele-mi-geciriyor\/"},"modified":"2026-04-16T02:59:03","modified_gmt":"2026-04-15T23:59:03","slug":"cin-dunyayi-ele-mi-geciriyor","status":"publish","type":"product","link":"https:\/\/roveyayinevi.com.tr\/index.php\/urun\/cin-dunyayi-ele-mi-geciriyor\/","title":{"rendered":"\u00c7in D\u00fcnyay\u0131 Ele mi Ge\u00e7iriyor?"},"content":{"rendered":"<p>\u00c7in, k\u0131rk y\u0131ld\u0131r nas\u0131l h\u0131zla kalk\u0131n\u0131p y\u00fckseliyor? Bu kalk\u0131nmaya \u00c7in k\u00fclt\u00fcr\u00fcn\u00fcn ve tarihinin katk\u0131s\u0131 var m\u0131?Elinizdeki kitapta bu sorular\u0131n cevaplar\u0131n\u0131 bulacaks\u0131n\u0131z. Yazarlar, \u00c7in\u2019i derinlemesine inceleyerek \u00c7in ile ilgili daha \u00f6nce yaz\u0131lmam\u0131\u015f bir\u00e7ok ger\u00e7e\u011fi anlat\u0131yorlar. \u00c7in\u2019le ilgili duymaya al\u0131\u015ft\u0131\u011f\u0131n\u0131z genel ge\u00e7er ezberler yerine, \u00c7in\u2019in i\u00e7 yap\u0131s\u0131 ve d\u00fc\u015f\u00fcncesini ayr\u0131nt\u0131s\u0131yla analiz ediyorlar. Bu sayede, \u00c7in\u2019in \u00f6zellikle son on y\u0131ll\u0131k geli\u015fimini ad\u0131m ad\u0131m takip etme imk\u00e2n\u0131n\u0131 sunuyorlar.<\/p>\n","protected":false},"excerpt":{"rendered":"<p>\u00c7in, k\u0131rk y\u0131ld\u0131r nas\u0131l h\u0131zla kalk\u0131n\u0131p y\u00fckseliyor? Bu kalk\u0131nmaya \u00c7in k\u00fclt\u00fcr\u00fcn\u00fcn ve tarihinin katk\u0131s\u0131 var m\u0131?Elinizdeki kitapta bu sorular\u0131n cevaplar\u0131n\u0131 bulacaks\u0131n\u0131z. Yazarlar, \u00c7in\u2019i derinlemesine inceleyerek \u00c7in<span class=\"excerpt-hellip\"> [\u2026]<\/span><\/p>\n","protected":false},"featured_media":0,"template":"","meta":{"_monsterinsights_skip_tracking":false,"_monsterinsights_sitenote_active":false,"_monsterinsights_sitenote_note":"","_monsterinsights_sitenote_category":0},"product_brand":[],"product_cat":[13590,12337],"product_tag":[],"class_list":{"0":"post-746827","1":"product","2":"type-product","3":"status-publish","5":"product_cat-arastirma-inceleme-politika-siyaset","6":"product_cat-politika-siyaset","7":"pa_cilt-ciltsiz","8":"pa_tur-kitap","9":"pa_yayinevi-panama-yayincilik","10":"pa_yazar-iskender-oksuz-konuralp-ercilasun","12":"first","13":"instock","14":"sale","15":"shipping-taxable","16":"purchasable","17":"product-type-simple"},"_links":{"self":[{"href":"https:\/\/roveyayinevi.com.tr\/index.php\/wp-json\/wp\/v2\/product\/746827","targetHints":{"allow":["GET"]}}],"collection":[{"href":"https:\/\/roveyayinevi.com.tr\/index.php\/wp-json\/wp\/v2\/product"}],"about":[{"href":"https:\/\/roveyayinevi.com.tr\/index.php\/wp-json\/wp\/v2\/types\/product"}],"wp:attachment":[{"href":"https:\/\/roveyayinevi.com.tr\/index.php\/wp-json\/wp\/v2\/media?parent=746827"}],"wp:term":[{"taxonomy":"product_brand","embeddable":true,"href":"https:\/\/roveyayinevi.com.tr\/index.php\/wp-json\/wp\/v2\/product_brand?post=746827"},{"taxonomy":"product_cat","embeddable":true,"href":"https:\/\/roveyayinevi.com.tr\/index.php\/wp-json\/wp\/v2\/product_cat?post=746827"},{"taxonomy":"product_tag","embeddable":true,"href":"https:\/\/roveyayinevi.com.tr\/index.php\/wp-json\/wp\/v2\/product_tag?post=746827"}],"curies":[{"name":"wp","href":"https:\/\/api.w.org\/{rel}","templated":true}]}}