{"id":746822,"date":"2025-08-28T02:51:34","date_gmt":"2025-08-27T23:51:34","guid":{"rendered":"https:\/\/roveyayinevi.com.tr\/index.php\/urun\/sosyal-beyin-evrim-ve-patoloji\/"},"modified":"2026-04-16T02:59:03","modified_gmt":"2026-04-15T23:59:03","slug":"sosyal-beyin-evrim-ve-patoloji","status":"publish","type":"product","link":"https:\/\/roveyayinevi.com.tr\/index.php\/urun\/sosyal-beyin-evrim-ve-patoloji\/","title":{"rendered":"Sosyal Beyin &#8211; Evrim ve Patoloji"},"content":{"rendered":"<p>\u0130nsan beyni hi\u00e7 \u015f\u00fcphesiz \u015fimdiye kadar evrimle\u015fmi\u015f en kompleks organd\u0131r. Son ara\u015ft\u0131rmalar giderek karma\u015f\u0131kla\u015fan sosyal \u00e7evreyle ba\u015fa \u00e7\u0131kma gereksiniminden dolay\u0131 bir\u00e7ok beyin i\u015flevinin evrimle\u015fti\u011fini \u00f6ne s\u00fcr\u00fcyor. \u201cSosyal Beyin\u201d denilen bu becerinin baz\u0131 avantajlar\u0131 vard\u0131r. \u00d6rne\u011fin, sosyal zeka ve yetenek bireyin sosyal ba\u015far\u0131 \u015fans\u0131n\u0131 artt\u0131r\u0131r. Jestleri, mimikleri, seslendirmeleri ve davran\u0131\u015flar\u0131 \u2018\u2018okumam\u0131z\u2019\u2019, di\u011ferlerinin nas\u0131l tepki verece\u011fini veya davranaca\u011f\u0131n\u0131 \u00f6ng\u00f6rmemize olanak tan\u0131r.  Bununla beraber insans\u0131 maymunlarda ve insanlarda genellikle \u201czihin kuram\u0131\u201d olarak bilinen di\u011ferlerinin zihnini okuyabilme yetisi evrimle\u015fmi\u015ftir.  B\u00f6ylesi kompleks beyin fonksiyonlar\u0131n\u0131n avantajlar\u0131 oldu\u011fu kadar dezavantajlar\u0131 da bulunur. \u00d6rne\u011fin, insanlarda sosyal taleplerin etkin y\u00f6netilmesi i\u00e7in gerekli t\u00fcm sosyal bilginin, stratejinin ve kurallar\u0131n edinilmesi y\u0131llar s\u00fcrebilir. Bu kitap insan\u0131n sosyal beyninin evrimine, geli\u015fimine ve patolojisine k\u0131sa ve \u00f6z bir bak\u0131\u015f sa\u011flamakta, ayr\u0131ca sosyal beynin zay\u0131fl\u0131\u011f\u0131nda ortaya \u00e7\u0131kabilecek psikiyatrik bozukluklar\u0131 incelemektedir. <\/p>\n","protected":false},"excerpt":{"rendered":"<p>\u0130nsan beyni hi\u00e7 \u015f\u00fcphesiz \u015fimdiye kadar evrimle\u015fmi\u015f en kompleks organd\u0131r. Son ara\u015ft\u0131rmalar giderek karma\u015f\u0131kla\u015fan sosyal \u00e7evreyle ba\u015fa \u00e7\u0131kma gereksiniminden dolay\u0131 bir\u00e7ok beyin i\u015flevinin evrimle\u015fti\u011fini \u00f6ne s\u00fcr\u00fcyor.<span class=\"excerpt-hellip\"> [\u2026]<\/span><\/p>\n","protected":false},"featured_media":0,"template":"","meta":{"_monsterinsights_skip_tracking":false,"_monsterinsights_sitenote_active":false,"_monsterinsights_sitenote_note":"","_monsterinsights_sitenote_category":0},"product_brand":[],"product_cat":[20502,12357],"product_tag":[],"class_list":{"0":"post-746822","1":"product","2":"type-product","3":"status-publish","5":"product_cat-basvuru-kitaplari-psikoloji","6":"product_cat-psikoloji","7":"pa_cilt-ciltsiz","8":"pa_tur-kitap","9":"pa_yayinevi-psikonet-yayinlari","10":"pa_yazar-martin-brune-hedda-ribbert-wulf-schiefenhovel","12":"first","13":"instock","14":"sale","15":"shipping-taxable","16":"purchasable","17":"product-type-simple"},"_links":{"self":[{"href":"https:\/\/roveyayinevi.com.tr\/index.php\/wp-json\/wp\/v2\/product\/746822","targetHints":{"allow":["GET"]}}],"collection":[{"href":"https:\/\/roveyayinevi.com.tr\/index.php\/wp-json\/wp\/v2\/product"}],"about":[{"href":"https:\/\/roveyayinevi.com.tr\/index.php\/wp-json\/wp\/v2\/types\/product"}],"wp:attachment":[{"href":"https:\/\/roveyayinevi.com.tr\/index.php\/wp-json\/wp\/v2\/media?parent=746822"}],"wp:term":[{"taxonomy":"product_brand","embeddable":true,"href":"https:\/\/roveyayinevi.com.tr\/index.php\/wp-json\/wp\/v2\/product_brand?post=746822"},{"taxonomy":"product_cat","embeddable":true,"href":"https:\/\/roveyayinevi.com.tr\/index.php\/wp-json\/wp\/v2\/product_cat?post=746822"},{"taxonomy":"product_tag","embeddable":true,"href":"https:\/\/roveyayinevi.com.tr\/index.php\/wp-json\/wp\/v2\/product_tag?post=746822"}],"curies":[{"name":"wp","href":"https:\/\/api.w.org\/{rel}","templated":true}]}}