{"id":746821,"date":"2025-08-28T02:51:33","date_gmt":"2025-08-27T23:51:33","guid":{"rendered":"https:\/\/roveyayinevi.com.tr\/index.php\/urun\/araziyi-duzlestirmek\/"},"modified":"2026-04-16T02:59:03","modified_gmt":"2026-04-15T23:59:03","slug":"araziyi-duzlestirmek","status":"publish","type":"product","link":"https:\/\/roveyayinevi.com.tr\/index.php\/urun\/araziyi-duzlestirmek\/","title":{"rendered":"Araziyi D\u00fczle\u015ftirmek"},"content":{"rendered":"<p>Hasan Turgut G\u00fclten Ak\u0131n\u2019\u0131n \u015fiiri \u00fcst\u00fcne bu kapsaml\u0131 incelemesine, ortadan, \u201caktivizm d\u00f6nemi\u201d olarak d\u00fc\u015f\u00fcn\u00fclebilecek orta d\u00f6neminden ba\u015fl\u0131yor ve \u201cke\u015fif d\u00f6nemi\u201d denebilecek ilk d\u00f6nemi ile \u201cmelez d\u00f6nem\u201d denebilecek son d\u00f6nemini bu ortaya referansla anlamland\u0131rmaya \u00e7al\u0131\u015f\u0131yor. \u201cD\u00f6nemsel aray\u0131\u015flar\u0131n y\u00f6n vermesiyle ald\u0131\u011f\u0131 formlar de\u011fi\u015fse de daima acil ve me\u015fru bir talep olarak g\u00fcndeme ta\u015f\u0131nan e\u015fitlik, g\u00fcc\u00fcn\u00fc art\u0131r\u0131r ve bu g\u00fcc\u00fcn\u00fc muhafaza etmeyi s\u00fcrd\u00fcr\u00fcr. Buradan bak\u0131ld\u0131\u011f\u0131nda, Ak\u0131n \u015fiiri, herkes ve her \u015fey i\u00e7in e\u015fitlik kurmaya \u00e7al\u0131\u015fan bir sistem u\u011fruna verilen m\u00fccadelenin ve bu m\u00fccadeleye e\u015flik eden ka\u00e7\u0131n\u0131lmaz zorluklar\u0131n izd\u00fc\u015f\u00fcm\u00fcne d\u00f6n\u00fc\u015fmektedir,\u201d diyen Turgut, G\u00fclten Ak\u0131n\u2019\u0131n \u015fiirindeki e\u015fitlik ve ortakl\u0131k aray\u0131\u015f\u0131n\u0131 Bruno Latour\u2019un akt\u00f6r-a\u011f teorisi ve Kojin Karatani\u2019nin izonomi kavram\u0131ndan yola \u00e7\u0131karak okuyor. \u015eairin ana g\u00fczerg\u00e2hlar\u0131n\u0131n yan\u0131 s\u0131ra sapaklar\u0131n\u0131 da dikkate alan kitap ortakl\u0131k alan\u0131 olarak ilk b\u00f6l\u00fcmde \u015fehre, ikinci b\u00f6l\u00fcmde do\u011faya, \u00fc\u00e7\u00fcnc\u00fc b\u00f6l\u00fcmde anneli\u011fe, d\u00f6rd\u00fcnc\u00fc b\u00f6l\u00fcmde kanona ve zeyil b\u00f6l\u00fcm\u00fcnde ise \u00f6zel olarak Mara\u015f\u2019\u0131n ve \u00d6kke\u015f\u2019in Destan\u0131\u2019na odaklan\u0131yor.   G\u00fclten Ak\u0131n \u015fiirine oldu\u011fu kadar genel olarak edebiyat inceleme ve ele\u015ftirisine de ilgi duyan okurlar\u0131m\u0131z\u0131n zevkle okuyaca\u011f\u0131na inan\u0131yoruz.  <\/p>\n","protected":false},"excerpt":{"rendered":"<p>Hasan Turgut G\u00fclten Ak\u0131n\u2019\u0131n \u015fiiri \u00fcst\u00fcne bu kapsaml\u0131 incelemesine, ortadan, \u201caktivizm d\u00f6nemi\u201d olarak d\u00fc\u015f\u00fcn\u00fclebilecek orta d\u00f6neminden ba\u015fl\u0131yor ve \u201cke\u015fif d\u00f6nemi\u201d denebilecek ilk d\u00f6nemi ile \u201cmelez d\u00f6nem\u201d<span class=\"excerpt-hellip\"> [\u2026]<\/span><\/p>\n","protected":false},"featured_media":0,"template":"","meta":{"_monsterinsights_skip_tracking":false,"_monsterinsights_sitenote_active":false,"_monsterinsights_sitenote_note":"","_monsterinsights_sitenote_category":0},"product_brand":[],"product_cat":[12291,12610],"product_tag":[],"class_list":{"0":"post-746821","1":"product","2":"type-product","3":"status-publish","5":"product_cat-edebiyat","6":"product_cat-elestiri-inceleme-kuram","7":"pa_cilt-ciltsiz","8":"pa_tur-kitap","9":"pa_yayinevi-metis-yayinlari","10":"pa_yazar-hasan-turgut","12":"first","13":"instock","14":"sale","15":"shipping-taxable","16":"purchasable","17":"product-type-simple"},"_links":{"self":[{"href":"https:\/\/roveyayinevi.com.tr\/index.php\/wp-json\/wp\/v2\/product\/746821","targetHints":{"allow":["GET"]}}],"collection":[{"href":"https:\/\/roveyayinevi.com.tr\/index.php\/wp-json\/wp\/v2\/product"}],"about":[{"href":"https:\/\/roveyayinevi.com.tr\/index.php\/wp-json\/wp\/v2\/types\/product"}],"wp:attachment":[{"href":"https:\/\/roveyayinevi.com.tr\/index.php\/wp-json\/wp\/v2\/media?parent=746821"}],"wp:term":[{"taxonomy":"product_brand","embeddable":true,"href":"https:\/\/roveyayinevi.com.tr\/index.php\/wp-json\/wp\/v2\/product_brand?post=746821"},{"taxonomy":"product_cat","embeddable":true,"href":"https:\/\/roveyayinevi.com.tr\/index.php\/wp-json\/wp\/v2\/product_cat?post=746821"},{"taxonomy":"product_tag","embeddable":true,"href":"https:\/\/roveyayinevi.com.tr\/index.php\/wp-json\/wp\/v2\/product_tag?post=746821"}],"curies":[{"name":"wp","href":"https:\/\/api.w.org\/{rel}","templated":true}]}}