{"id":746820,"date":"2025-08-28T02:51:32","date_gmt":"2025-08-27T23:51:32","guid":{"rendered":"https:\/\/roveyayinevi.com.tr\/index.php\/urun\/astrolojinin-mitolojisi\/"},"modified":"2026-04-16T02:59:03","modified_gmt":"2026-04-15T23:59:03","slug":"astrolojinin-mitolojisi","status":"publish","type":"product","link":"https:\/\/roveyayinevi.com.tr\/index.php\/urun\/astrolojinin-mitolojisi\/","title":{"rendered":"Astrolojinin Mitolojisi"},"content":{"rendered":"<p>\u0130nsan bilmek ister. D\u00fcnyay\u0131, kendini, gelece\u011fi, her \u015feyi. Yakla\u015f\u0131k 5 milyon y\u0131l \u00f6nceleri, kuzenlerinin aksine ayakta durmaya ve iki ayakla y\u00fcr\u00fcmeye karar veren uzak atalar\u0131m\u0131z Homo Sapiens\u2019e do\u011fru evrilirken, geli\u015fen ve b\u00fcy\u00fcyen beyinleriyle d\u00fc\u015f\u00fcnme yeteneklerini de geli\u015ftirdiler. Beyin k\u0131vr\u0131mlar\u0131nda dola\u015fan sorular\u0131n\u0131n cevaplar\u0131n\u0131 ararken, ba\u015flar\u0131n\u0131n \u00fcst\u00fcnde dola\u015fan parlak \u0131\u015f\u0131klar\u0131 fark etmekte gecikmediler. Sorular\u0131n cevaplar\u0131 bu parlayan nesnelerde olabilir miydi? Baka baka, d\u00fc\u015f\u00fcne d\u00fc\u015f\u00fcne bu cisimlerin belirli bir d\u00fczen i\u00e7inde de\u011fi\u015ftiklerini anlad\u0131lar. D\u00fc\u015f\u00fcnen insanlar bu de\u011fi\u015fikliklerin bir nedeni ve hik\u00e2yeleri olmas\u0131 gerekti\u011fini d\u00fc\u015f\u00fcnd\u00fcler, sonra da bunlar\u0131 birbirlerine anlatmaya ba\u015flad\u0131lar ve anlat\u0131lar g\u00fcn\u00fcm\u00fcze kadar ula\u015ft\u0131. Astrolojinin Mitolojisi ya da Mitolojk Astroloji, bu anlat\u0131lar\u0131n k\u0131sa bir \u00f6zetidir<\/p>\n","protected":false},"excerpt":{"rendered":"<p>\u0130nsan bilmek ister. D\u00fcnyay\u0131, kendini, gelece\u011fi, her \u015feyi. Yakla\u015f\u0131k 5 milyon y\u0131l \u00f6nceleri, kuzenlerinin aksine ayakta durmaya ve iki ayakla y\u00fcr\u00fcmeye karar veren uzak atalar\u0131m\u0131z Homo<span class=\"excerpt-hellip\"> [\u2026]<\/span><\/p>\n","protected":false},"featured_media":0,"template":"","meta":{"_monsterinsights_skip_tracking":false,"_monsterinsights_sitenote_active":false,"_monsterinsights_sitenote_note":"","_monsterinsights_sitenote_category":0},"product_brand":[],"product_cat":[18082,15563],"product_tag":[],"class_list":{"0":"post-746820","1":"product","2":"type-product","3":"status-publish","5":"product_cat-astroloji-fal-ruya","6":"product_cat-hobi","7":"pa_cilt-ciltsiz","8":"pa_tur-kitap","9":"pa_yayinevi-yitik-ulke-yayinlari","10":"pa_yazar-bulent-akgezer","12":"first","13":"instock","14":"sale","15":"shipping-taxable","16":"purchasable","17":"product-type-simple"},"_links":{"self":[{"href":"https:\/\/roveyayinevi.com.tr\/index.php\/wp-json\/wp\/v2\/product\/746820","targetHints":{"allow":["GET"]}}],"collection":[{"href":"https:\/\/roveyayinevi.com.tr\/index.php\/wp-json\/wp\/v2\/product"}],"about":[{"href":"https:\/\/roveyayinevi.com.tr\/index.php\/wp-json\/wp\/v2\/types\/product"}],"wp:attachment":[{"href":"https:\/\/roveyayinevi.com.tr\/index.php\/wp-json\/wp\/v2\/media?parent=746820"}],"wp:term":[{"taxonomy":"product_brand","embeddable":true,"href":"https:\/\/roveyayinevi.com.tr\/index.php\/wp-json\/wp\/v2\/product_brand?post=746820"},{"taxonomy":"product_cat","embeddable":true,"href":"https:\/\/roveyayinevi.com.tr\/index.php\/wp-json\/wp\/v2\/product_cat?post=746820"},{"taxonomy":"product_tag","embeddable":true,"href":"https:\/\/roveyayinevi.com.tr\/index.php\/wp-json\/wp\/v2\/product_tag?post=746820"}],"curies":[{"name":"wp","href":"https:\/\/api.w.org\/{rel}","templated":true}]}}