{"id":746819,"date":"2025-08-28T02:51:31","date_gmt":"2025-08-27T23:51:31","guid":{"rendered":"https:\/\/roveyayinevi.com.tr\/index.php\/urun\/okumayi-sevdirme-yollari\/"},"modified":"2026-04-15T03:09:28","modified_gmt":"2026-04-15T00:09:28","slug":"okumayi-sevdirme-yollari","status":"publish","type":"product","link":"https:\/\/roveyayinevi.com.tr\/index.php\/urun\/okumayi-sevdirme-yollari\/","title":{"rendered":"Okumay\u0131 Sevdirme Yollar\u0131"},"content":{"rendered":"<p>Okumak hayat\u0131m\u0131z\u0131n neresinde? Bu soruya i\u00e7 a\u00e7\u0131c\u0131 cevaplar veremeyen bir toplumun gelece\u011fe g\u00fcvenle bakmas\u0131 zordur. \u0130ster aile \u00f6zelinde d\u00fc\u015f\u00fcnelim, ister okul ve e\u011fitim hayat\u0131 oda\u011f\u0131nda, istersek de toplum d\u00fczeyinde, b\u00fct\u00fcn insanlar\u0131n okumay\u0131 sevdirme yollar\u0131n\u0131 bilmeye ihtiyac\u0131 var. Bu ihtiyaca bir kar\u015f\u0131l\u0131k olmas\u0131 amac\u0131yla kaleme al\u0131nan ve ilk bask\u0131s\u0131 2005\u2019in ilk aylar\u0131nda yap\u0131lan bu kitap, \u00fclkemizde ve d\u00fcnyada okumay\u0131 sevdirme yollar\u0131 alan\u0131nda belki de bir ilk oldu. Okumay\u0131 sevmek ya da sevdirmek \u00fczerine i\u00e7inde en k\u00fc\u00e7\u00fck bir d\u00fc\u015f\u00fcnce k\u0131r\u0131nt\u0131s\u0131 ta\u015f\u0131yan herkes i\u00e7in bir rehber ve yol arkada\u015f\u0131 olacak bu eseri bir solukta okuyacaks\u0131n\u0131z. <\/p>\n","protected":false},"excerpt":{"rendered":"<p>Okumak hayat\u0131m\u0131z\u0131n neresinde? Bu soruya i\u00e7 a\u00e7\u0131c\u0131 cevaplar veremeyen bir toplumun gelece\u011fe g\u00fcvenle bakmas\u0131 zordur. \u0130ster aile \u00f6zelinde d\u00fc\u015f\u00fcnelim, ister okul ve e\u011fitim hayat\u0131 oda\u011f\u0131nda, istersek<span class=\"excerpt-hellip\"> [\u2026]<\/span><\/p>\n","protected":false},"featured_media":0,"template":"","meta":{"_monsterinsights_skip_tracking":false,"_monsterinsights_sitenote_active":false,"_monsterinsights_sitenote_note":"","_monsterinsights_sitenote_category":0},"product_brand":[],"product_cat":[12364,12376],"product_tag":[],"class_list":{"0":"post-746819","1":"product","2":"type-product","3":"status-publish","5":"product_cat-genel-konular","6":"product_cat-kisisel-gelisim","7":"pa_cilt-ciltsiz","8":"pa_tur-kitap","9":"pa_yayinevi-mosquito-yayinlari","10":"pa_yazar-ahmet-marasli","12":"first","13":"instock","14":"sale","15":"shipping-taxable","16":"purchasable","17":"product-type-simple"},"_links":{"self":[{"href":"https:\/\/roveyayinevi.com.tr\/index.php\/wp-json\/wp\/v2\/product\/746819","targetHints":{"allow":["GET"]}}],"collection":[{"href":"https:\/\/roveyayinevi.com.tr\/index.php\/wp-json\/wp\/v2\/product"}],"about":[{"href":"https:\/\/roveyayinevi.com.tr\/index.php\/wp-json\/wp\/v2\/types\/product"}],"wp:attachment":[{"href":"https:\/\/roveyayinevi.com.tr\/index.php\/wp-json\/wp\/v2\/media?parent=746819"}],"wp:term":[{"taxonomy":"product_brand","embeddable":true,"href":"https:\/\/roveyayinevi.com.tr\/index.php\/wp-json\/wp\/v2\/product_brand?post=746819"},{"taxonomy":"product_cat","embeddable":true,"href":"https:\/\/roveyayinevi.com.tr\/index.php\/wp-json\/wp\/v2\/product_cat?post=746819"},{"taxonomy":"product_tag","embeddable":true,"href":"https:\/\/roveyayinevi.com.tr\/index.php\/wp-json\/wp\/v2\/product_tag?post=746819"}],"curies":[{"name":"wp","href":"https:\/\/api.w.org\/{rel}","templated":true}]}}