{"id":746813,"date":"2025-08-28T02:51:23","date_gmt":"2025-08-27T23:51:23","guid":{"rendered":"https:\/\/roveyayinevi.com.tr\/index.php\/urun\/nurlanmak\/"},"modified":"2026-04-16T02:59:03","modified_gmt":"2026-04-15T23:59:03","slug":"nurlanmak","status":"publish","type":"product","link":"https:\/\/roveyayinevi.com.tr\/index.php\/urun\/nurlanmak\/","title":{"rendered":"Nur&#8217;lanmak"},"content":{"rendered":"<p>Nur ifadesinin g\u00fcnl\u00fck ya\u015famda \u00e7ok kullan\u0131ld\u0131\u011f\u0131n\u0131 biliyoruz. \u00d6rne\u011fin isim olarak; Nur, Nuri, Nurullah, Nurten, Nuray gibi. Bir de c\u00fcmle i\u00e7erisinde; \u201cnurlar i\u00e7inde yatmak\u201d ve \u201cy\u00fcz\u00fc nurlu olmak\u201d gibi. Ancak ilahi bir kar\u015f\u0131l\u0131\u011f\u0131n\u0131n oldu\u011funu ve pek \u00e7ok g\u00fczel m\u00fcjdeler bar\u0131nd\u0131rd\u0131\u011f\u0131n\u0131 biliyor muyuz? Bu m\u00fcjdelerin hemen hepsi, Allah taraf\u0131ndan benzetim \u015feklinde verilmi\u015ftir, \u00e7\u00fcnk\u00fc ortalama bir insan\u0131n \u201cNur\u201d ifadesini (sadece s\u00f6zl\u00fck kar\u015f\u0131l\u0131\u011f\u0131 olarak) anlamas\u0131 \u00e7ok zordur. Hepimizin de \u00e2lim olmas\u0131 m\u00fcmk\u00fcn olamayaca\u011f\u0131na g\u00f6re, o halde Kur\u2019an, hadis ve bilim kaynaklar\u0131n\u0131 birlikte okuyup, anlay\u0131p, \u00e7\u00f6zebilen \u00e2limler sayesinde sonuca gidebiliriz.   Bu ara\u015ft\u0131rmalar\u0131n kar\u015f\u0131m\u0131za \u00e7\u0131kard\u0131\u011f\u0131 sonu\u00e7lar\u0131n\u0131n da en ba\u015f\u0131nda do\u011fru ve g\u00fczel i\u015fler yapmak ve bunlar\u0131n m\u00fck\u00e2fatlar\u0131n\u0131 almak gelmektedir. \u00c7\u00fcnk\u00fc as\u0131l amac\u0131n cennetlerin \u00fcst katlar\u0131na yerle\u015fmek oldu\u011funu da biliyoruz; ancak ne kadar bu ama\u00e7 i\u00e7in \u00e7aba g\u00f6steriyoruz?   <\/p>\n","protected":false},"excerpt":{"rendered":"<p>Nur ifadesinin g\u00fcnl\u00fck ya\u015famda \u00e7ok kullan\u0131ld\u0131\u011f\u0131n\u0131 biliyoruz. \u00d6rne\u011fin isim olarak; Nur, Nuri, Nurullah, Nurten, Nuray gibi. Bir de c\u00fcmle i\u00e7erisinde; \u201cnurlar i\u00e7inde yatmak\u201d ve \u201cy\u00fcz\u00fc nurlu<span class=\"excerpt-hellip\"> [\u2026]<\/span><\/p>\n","protected":false},"featured_media":0,"template":"","meta":{"_monsterinsights_skip_tracking":false,"_monsterinsights_sitenote_active":false,"_monsterinsights_sitenote_note":"","_monsterinsights_sitenote_category":0},"product_brand":[],"product_cat":[12777,12291],"product_tag":[],"class_list":{"0":"post-746813","1":"product","2":"type-product","3":"status-publish","5":"product_cat-deneme","6":"product_cat-edebiyat","7":"pa_cilt-ciltsiz","8":"pa_tur-kitap","9":"pa_yayinevi-gulnar-yayinlari","10":"pa_yazar-sedat-sadioglu","12":"first","13":"instock","14":"sale","15":"shipping-taxable","16":"purchasable","17":"product-type-simple"},"_links":{"self":[{"href":"https:\/\/roveyayinevi.com.tr\/index.php\/wp-json\/wp\/v2\/product\/746813","targetHints":{"allow":["GET"]}}],"collection":[{"href":"https:\/\/roveyayinevi.com.tr\/index.php\/wp-json\/wp\/v2\/product"}],"about":[{"href":"https:\/\/roveyayinevi.com.tr\/index.php\/wp-json\/wp\/v2\/types\/product"}],"wp:attachment":[{"href":"https:\/\/roveyayinevi.com.tr\/index.php\/wp-json\/wp\/v2\/media?parent=746813"}],"wp:term":[{"taxonomy":"product_brand","embeddable":true,"href":"https:\/\/roveyayinevi.com.tr\/index.php\/wp-json\/wp\/v2\/product_brand?post=746813"},{"taxonomy":"product_cat","embeddable":true,"href":"https:\/\/roveyayinevi.com.tr\/index.php\/wp-json\/wp\/v2\/product_cat?post=746813"},{"taxonomy":"product_tag","embeddable":true,"href":"https:\/\/roveyayinevi.com.tr\/index.php\/wp-json\/wp\/v2\/product_tag?post=746813"}],"curies":[{"name":"wp","href":"https:\/\/api.w.org\/{rel}","templated":true}]}}