{"id":746811,"date":"2025-08-28T02:51:20","date_gmt":"2025-08-27T23:51:20","guid":{"rendered":"https:\/\/roveyayinevi.com.tr\/index.php\/urun\/iyimser-babanin-kizi\/"},"modified":"2026-04-16T02:59:03","modified_gmt":"2026-04-15T23:59:03","slug":"iyimser-babanin-kizi","status":"publish","type":"product","link":"https:\/\/roveyayinevi.com.tr\/index.php\/urun\/iyimser-babanin-kizi\/","title":{"rendered":"\u0130yimser Baban\u0131n K\u0131z\u0131"},"content":{"rendered":"<p>Ama insan\u0131n sevdiklerinden uzun ya\u015famas\u0131n\u0131n sebep oldu\u011fu su\u00e7luluk hissini ta\u015f\u0131mas\u0131 gerekti\u011fine de inan\u0131yordu. Onlardan uzun ya\u015famak onlara haks\u0131zl\u0131k etmek gibiydi. \u00d6l\u00fcm fantezileri, ya\u015fam fantezilerinden tuhaf gelmiyordu ona. Hayatta kalmaksa belki de aralar\u0131ndaki en tuhaf fanteziydi.    Yarg\u0131\u00e7 McKelva, Mount Salus adl\u0131 Mississippi kasabas\u0131n\u0131n en muteber ve g\u00fcvenilir isimlerinden biridir. Kar\u0131s\u0131n\u0131n \u00f6l\u00fcm\u00fcnden on y\u0131l sonra Wanda Fay adl\u0131 u\u00e7ar\u0131 bir kad\u0131nla evlenmesiyle herkesi, en \u00e7ok da k\u0131z\u0131 Laurel\u2019\u0131 \u015fa\u015f\u0131rtm\u0131\u015ft\u0131r. Aradan y\u0131llar ge\u00e7er; ani rahats\u0131zl\u0131\u011f\u0131 k\u0131z\u0131n\u0131 do\u011fdu\u011fu topraklara geri getirir. Laurel b\u00fcy\u00fcd\u00fc\u011f\u00fc, ailesine dair hat\u0131ralarla dolu bu evin i\u00e7inde ge\u00e7mi\u015fe dair hayaletler ve hesapla\u015fmalarla kar\u015f\u0131 kar\u015f\u0131ya kalacakt\u0131r.   B\u00fcy\u00fck Buhran y\u0131llar\u0131ndan sonra Amerika\u2019n\u0131n yoksul ta\u015fras\u0131ndan William Faulkner, Truman Capote ve Carson McCullers gibi isimlerle y\u00fckselen G\u00fcney gotik yaz\u0131n\u0131n\u0131n en parlak ve \u00f6zg\u00fcn temsilcilerinden Eudora Welty\u2019nin ba\u015fyap\u0131t\u0131 \u0130yimser Baban\u0131n K\u0131z\u0131, 1973\u2019te Pulitzer \u00d6d\u00fcl\u00fc\u2019ne lay\u0131k g\u00f6r\u00fclm\u00fc\u015f, Ulusal Kitap \u00d6d\u00fcl\u00fc\u2019ne aday g\u00f6sterilmi\u015f ve yazar\u0131n\u0131 b\u00fcy\u00fck bir \u00fcne kavu\u015fturmu\u015ftur.   <\/p>\n","protected":false},"excerpt":{"rendered":"<p>Ama insan\u0131n sevdiklerinden uzun ya\u015famas\u0131n\u0131n sebep oldu\u011fu su\u00e7luluk hissini ta\u015f\u0131mas\u0131 gerekti\u011fine de inan\u0131yordu. Onlardan uzun ya\u015famak onlara haks\u0131zl\u0131k etmek gibiydi. \u00d6l\u00fcm fantezileri, ya\u015fam fantezilerinden tuhaf gelmiyordu<span class=\"excerpt-hellip\"> [\u2026]<\/span><\/p>\n","protected":false},"featured_media":0,"template":"","meta":{"_monsterinsights_skip_tracking":false,"_monsterinsights_sitenote_active":false,"_monsterinsights_sitenote_note":"","_monsterinsights_sitenote_category":0},"product_brand":[],"product_cat":[12291,12711],"product_tag":[],"class_list":{"0":"post-746811","1":"product","2":"type-product","3":"status-publish","5":"product_cat-edebiyat","6":"product_cat-roman-oyku","7":"pa_cilt-ciltsiz","8":"pa_tur-kitap","9":"pa_yayinevi-can-yayinlari","10":"pa_yazar-eudora-welty","12":"first","13":"instock","14":"sale","15":"shipping-taxable","16":"purchasable","17":"product-type-simple"},"_links":{"self":[{"href":"https:\/\/roveyayinevi.com.tr\/index.php\/wp-json\/wp\/v2\/product\/746811","targetHints":{"allow":["GET"]}}],"collection":[{"href":"https:\/\/roveyayinevi.com.tr\/index.php\/wp-json\/wp\/v2\/product"}],"about":[{"href":"https:\/\/roveyayinevi.com.tr\/index.php\/wp-json\/wp\/v2\/types\/product"}],"wp:attachment":[{"href":"https:\/\/roveyayinevi.com.tr\/index.php\/wp-json\/wp\/v2\/media?parent=746811"}],"wp:term":[{"taxonomy":"product_brand","embeddable":true,"href":"https:\/\/roveyayinevi.com.tr\/index.php\/wp-json\/wp\/v2\/product_brand?post=746811"},{"taxonomy":"product_cat","embeddable":true,"href":"https:\/\/roveyayinevi.com.tr\/index.php\/wp-json\/wp\/v2\/product_cat?post=746811"},{"taxonomy":"product_tag","embeddable":true,"href":"https:\/\/roveyayinevi.com.tr\/index.php\/wp-json\/wp\/v2\/product_tag?post=746811"}],"curies":[{"name":"wp","href":"https:\/\/api.w.org\/{rel}","templated":true}]}}