{"id":746810,"date":"2025-08-28T02:51:19","date_gmt":"2025-08-27T23:51:19","guid":{"rendered":"https:\/\/roveyayinevi.com.tr\/index.php\/urun\/bu-isi-kim-yapacak\/"},"modified":"2026-04-08T03:06:12","modified_gmt":"2026-04-08T00:06:12","slug":"bu-isi-kim-yapacak","status":"publish","type":"product","link":"https:\/\/roveyayinevi.com.tr\/index.php\/urun\/bu-isi-kim-yapacak\/","title":{"rendered":"Bu \u0130\u015fi Kim Yapacak"},"content":{"rendered":"<p>Ege evin en k\u00fc\u00e7\u00fck \u00e7ocu\u011fuydu ve baz\u0131 ayr\u0131cal\u0131klar\u0131 oldu\u011funu d\u00fc\u015f\u00fcn\u00fcyordu. Ailesi bu durumu tersine \u00e7evirecek bir uygulamayla gelince ne yapaca\u011f\u0131n\u0131 bilemedi. Sorumluluklar\u0131n\u0131n fark\u0131na vard\u0131\u011f\u0131nda aile \u00fcyelerini mutlu edecek bir fikir bularak herkesi \u015fa\u015fk\u0131na \u00e7evirdi. Bu \u0130\u015fi Kim Yapacak? g\u00f6revlerden ka\u00e7an de\u011fil, farkl\u0131 \u00e7\u00f6z\u00fcm yollar\u0131 bulan herkes i\u00e7in e\u011flenceli bir \u00e7izgi hik\u00e2ye! <\/p>\n","protected":false},"excerpt":{"rendered":"<p>Ege evin en k\u00fc\u00e7\u00fck \u00e7ocu\u011fuydu ve baz\u0131 ayr\u0131cal\u0131klar\u0131 oldu\u011funu d\u00fc\u015f\u00fcn\u00fcyordu. Ailesi bu durumu tersine \u00e7evirecek bir uygulamayla gelince ne yapaca\u011f\u0131n\u0131 bilemedi. Sorumluluklar\u0131n\u0131n fark\u0131na vard\u0131\u011f\u0131nda aile \u00fcyelerini<span class=\"excerpt-hellip\"> [\u2026]<\/span><\/p>\n","protected":false},"featured_media":0,"template":"","meta":{"_monsterinsights_skip_tracking":false,"_monsterinsights_sitenote_active":false,"_monsterinsights_sitenote_note":"","_monsterinsights_sitenote_category":0},"product_brand":[],"product_cat":[12274,12284],"product_tag":[],"class_list":{"0":"post-746810","1":"product","2":"type-product","3":"status-publish","5":"product_cat-cocuk-ve-genclik-kitaplari","6":"product_cat-hikayeler","7":"pa_cilt-ciltsiz","8":"pa_tur-kitap","9":"pa_yayinevi-masalperest","10":"pa_yazar-fatma-akpinar","12":"first","13":"instock","14":"sale","15":"shipping-taxable","16":"purchasable","17":"product-type-simple"},"_links":{"self":[{"href":"https:\/\/roveyayinevi.com.tr\/index.php\/wp-json\/wp\/v2\/product\/746810","targetHints":{"allow":["GET"]}}],"collection":[{"href":"https:\/\/roveyayinevi.com.tr\/index.php\/wp-json\/wp\/v2\/product"}],"about":[{"href":"https:\/\/roveyayinevi.com.tr\/index.php\/wp-json\/wp\/v2\/types\/product"}],"wp:attachment":[{"href":"https:\/\/roveyayinevi.com.tr\/index.php\/wp-json\/wp\/v2\/media?parent=746810"}],"wp:term":[{"taxonomy":"product_brand","embeddable":true,"href":"https:\/\/roveyayinevi.com.tr\/index.php\/wp-json\/wp\/v2\/product_brand?post=746810"},{"taxonomy":"product_cat","embeddable":true,"href":"https:\/\/roveyayinevi.com.tr\/index.php\/wp-json\/wp\/v2\/product_cat?post=746810"},{"taxonomy":"product_tag","embeddable":true,"href":"https:\/\/roveyayinevi.com.tr\/index.php\/wp-json\/wp\/v2\/product_tag?post=746810"}],"curies":[{"name":"wp","href":"https:\/\/api.w.org\/{rel}","templated":true}]}}