{"id":746808,"date":"2025-08-28T02:51:16","date_gmt":"2025-08-27T23:51:16","guid":{"rendered":"https:\/\/roveyayinevi.com.tr\/index.php\/urun\/oz-buyucusu-12\/"},"modified":"2026-04-16T02:59:02","modified_gmt":"2026-04-15T23:59:02","slug":"oz-buyucusu-12","status":"publish","type":"product","link":"https:\/\/roveyayinevi.com.tr\/index.php\/urun\/oz-buyucusu-12\/","title":{"rendered":"Oz B\u00fcy\u00fcc\u00fcs\u00fc"},"content":{"rendered":"<p>Dorothy ve k\u00f6pe\u011fi Toto, Kansas\u2019\u0131 ezip ge\u00e7en hortuma kap\u0131larak kendilerini \u00e7ok uzak diyarlarda, b\u00fcy\u00fcl\u00fc Oz \u00dclkesi\u2019nde bulurlar. Evlerine d\u00f6nebilmek i\u00e7in \u00f6nce sar\u0131 tu\u011flal\u0131 yolu izleyerek Z\u00fcmr\u00fct Kenti\u2019ne gitmeleri ve pek gizemli Oz B\u00fcy\u00fcc\u00fcs\u00fc\u2019n\u00fc bularak ondan yard\u0131m istemeleri gerekmektedir. Yolda tan\u0131\u015ft\u0131klar\u0131 arkada\u015flar\u0131 Korkuluk, Teneke Adam ve Korkak Aslan\u2019la birlikte ilgin\u00e7 ve b\u00fcy\u00fcleyici bir maceraya at\u0131l\u0131rlar.   Oz B\u00fcy\u00fcc\u00fcs\u00fc okurlar\u0131n\u0131 s\u00fcr\u00fckleyici ve fantastik bir d\u00fcnyaya davet ediyor. <\/p>\n","protected":false},"excerpt":{"rendered":"<p>Dorothy ve k\u00f6pe\u011fi Toto, Kansas\u2019\u0131 ezip ge\u00e7en hortuma kap\u0131larak kendilerini \u00e7ok uzak diyarlarda, b\u00fcy\u00fcl\u00fc Oz \u00dclkesi\u2019nde bulurlar. Evlerine d\u00f6nebilmek i\u00e7in \u00f6nce sar\u0131 tu\u011flal\u0131 yolu izleyerek Z\u00fcmr\u00fct<span class=\"excerpt-hellip\"> [\u2026]<\/span><\/p>\n","protected":false},"featured_media":0,"template":"","meta":{"_monsterinsights_skip_tracking":false,"_monsterinsights_sitenote_active":false,"_monsterinsights_sitenote_note":"","_monsterinsights_sitenote_category":0},"product_brand":[],"product_cat":[12689,12274],"product_tag":[],"class_list":{"0":"post-746808","1":"product","2":"type-product","3":"status-publish","5":"product_cat-cizgi-roman-cocuk-ve-genclik-kitaplari","6":"product_cat-cocuk-ve-genclik-kitaplari","7":"pa_cilt-ciltsiz","8":"pa_tur-kitap","9":"pa_yayinevi-mundi","10":"pa_yazar-lyman-frank-baum","12":"first","13":"instock","14":"sale","15":"shipping-taxable","16":"purchasable","17":"product-type-simple"},"_links":{"self":[{"href":"https:\/\/roveyayinevi.com.tr\/index.php\/wp-json\/wp\/v2\/product\/746808","targetHints":{"allow":["GET"]}}],"collection":[{"href":"https:\/\/roveyayinevi.com.tr\/index.php\/wp-json\/wp\/v2\/product"}],"about":[{"href":"https:\/\/roveyayinevi.com.tr\/index.php\/wp-json\/wp\/v2\/types\/product"}],"wp:attachment":[{"href":"https:\/\/roveyayinevi.com.tr\/index.php\/wp-json\/wp\/v2\/media?parent=746808"}],"wp:term":[{"taxonomy":"product_brand","embeddable":true,"href":"https:\/\/roveyayinevi.com.tr\/index.php\/wp-json\/wp\/v2\/product_brand?post=746808"},{"taxonomy":"product_cat","embeddable":true,"href":"https:\/\/roveyayinevi.com.tr\/index.php\/wp-json\/wp\/v2\/product_cat?post=746808"},{"taxonomy":"product_tag","embeddable":true,"href":"https:\/\/roveyayinevi.com.tr\/index.php\/wp-json\/wp\/v2\/product_tag?post=746808"}],"curies":[{"name":"wp","href":"https:\/\/api.w.org\/{rel}","templated":true}]}}