{"id":746807,"date":"2025-08-28T02:51:15","date_gmt":"2025-08-27T23:51:15","guid":{"rendered":"https:\/\/roveyayinevi.com.tr\/index.php\/urun\/45ten-sonra\/"},"modified":"2026-04-16T02:59:02","modified_gmt":"2026-04-15T23:59:02","slug":"45ten-sonra","status":"publish","type":"product","link":"https:\/\/roveyayinevi.com.tr\/index.php\/urun\/45ten-sonra\/","title":{"rendered":"45\u2019ten Sonra"},"content":{"rendered":"<p>Ya\u015flanmay\u0131 yava\u015flat\u0131p, diri ve din\u00e7 kalman\u0131n form\u00fclleri bu kitapta! 20-30\u2019lu ya\u015flar\u0131n\u0131zdaki enerjiniz kalmam\u0131\u015f, cinsel hayat eskisi gibi f\u0131rt\u0131nal\u0131 de\u011fil, motorda, kaportada ufak tefek ar\u0131zalar ba\u015flam\u0131\u015f\u2026 \u0130\u015fin do\u011frusu, ya\u015flanmaya ve \u00f6l\u00fcme \u00e7are yok. Ebedi gen\u00e7li\u011fin de maalesef iksiri yok! Ama gen\u00e7lik enerjisinin eksikli\u011fini deneyimli olgunlu\u011funuzla kapatabiliyorsunuz. Daha az enerji ile daha kaliteli i\u015fler ba\u015farabiliyorsunuz. Evet, avantajlar\u0131n\u0131z\u0131 tan\u0131y\u0131p kullanarak \u00f6n\u00fcn\u00fczdeki harika y\u0131llar\u0131 en iyi \u015fekilde de\u011ferlendirmek elinizde!Do\u011fru beslenme ve aktif bir ya\u015fam tarz\u0131 ile \u00f6mr\u00fc uzatmak ve ya\u015fad\u0131\u011f\u0131n\u0131z hayat\u0131 \u00e7ok daha kaliteli hale getirmek m\u00fcmk\u00fcn. Ya\u015flanma s\u00fcrecini yava\u015flatabilir, bedeninizi diri ve din\u00e7, g\u00f6r\u00fcnt\u00fcn\u00fcz\u00fc sa\u011fl\u0131kl\u0131 ve gen\u00e7 tutabilir, ya\u015fam kalitenizi art\u0131rabilirsiniz.Ya\u015fam tarz\u0131n\u0131z, 65 ya\u015f\u0131nda tenis oynamak ile koroner bypass ameliyat\u0131 olmak aras\u0131ndaki fark\u0131 belirler. Bu kitapta usta bir kalp-damar cerrah\u0131yla sohbet k\u0131vam\u0131nda, konunun ciddiyetini vurgulamak i\u00e7in yer yer biraz \u2018ha\u015fin\u2019 yaz\u0131lm\u0131\u015f hayat\u0131n ger\u00e7eklerini bulacaks\u0131n\u0131z. Bir anlamda orta ya\u015fa \u2018ince ayar\u2019 \u00e7ekme operasyonu&#8230;Uygulamas\u0131 kolay bir yol haritas\u0131!<\/p>\n","protected":false},"excerpt":{"rendered":"<p>Ya\u015flanmay\u0131 yava\u015flat\u0131p, diri ve din\u00e7 kalman\u0131n form\u00fclleri bu kitapta! 20-30\u2019lu ya\u015flar\u0131n\u0131zdaki enerjiniz kalmam\u0131\u015f, cinsel hayat eskisi gibi f\u0131rt\u0131nal\u0131 de\u011fil, motorda, kaportada ufak tefek ar\u0131zalar ba\u015flam\u0131\u015f\u2026 \u0130\u015fin<span class=\"excerpt-hellip\"> [\u2026]<\/span><\/p>\n","protected":false},"featured_media":0,"template":"","meta":{"_monsterinsights_skip_tracking":false,"_monsterinsights_sitenote_active":false,"_monsterinsights_sitenote_note":"","_monsterinsights_sitenote_category":0},"product_brand":[],"product_cat":[13366,13365],"product_tag":[],"class_list":{"0":"post-746807","1":"product","2":"type-product","3":"status-publish","5":"product_cat-diger-saglik","6":"product_cat-saglik","7":"pa_cilt-ciltsiz","8":"pa_tur-kitap","9":"pa_yayinevi-nemesis-kitap","10":"pa_yazar-yavuz-yorukoglu","12":"first","13":"instock","14":"sale","15":"shipping-taxable","16":"purchasable","17":"product-type-simple"},"_links":{"self":[{"href":"https:\/\/roveyayinevi.com.tr\/index.php\/wp-json\/wp\/v2\/product\/746807","targetHints":{"allow":["GET"]}}],"collection":[{"href":"https:\/\/roveyayinevi.com.tr\/index.php\/wp-json\/wp\/v2\/product"}],"about":[{"href":"https:\/\/roveyayinevi.com.tr\/index.php\/wp-json\/wp\/v2\/types\/product"}],"wp:attachment":[{"href":"https:\/\/roveyayinevi.com.tr\/index.php\/wp-json\/wp\/v2\/media?parent=746807"}],"wp:term":[{"taxonomy":"product_brand","embeddable":true,"href":"https:\/\/roveyayinevi.com.tr\/index.php\/wp-json\/wp\/v2\/product_brand?post=746807"},{"taxonomy":"product_cat","embeddable":true,"href":"https:\/\/roveyayinevi.com.tr\/index.php\/wp-json\/wp\/v2\/product_cat?post=746807"},{"taxonomy":"product_tag","embeddable":true,"href":"https:\/\/roveyayinevi.com.tr\/index.php\/wp-json\/wp\/v2\/product_tag?post=746807"}],"curies":[{"name":"wp","href":"https:\/\/api.w.org\/{rel}","templated":true}]}}