{"id":746805,"date":"2025-08-28T02:51:13","date_gmt":"2025-08-27T23:51:13","guid":{"rendered":"https:\/\/roveyayinevi.com.tr\/index.php\/urun\/etkili-genclerin-7-aliskanligi\/"},"modified":"2026-04-03T03:02:00","modified_gmt":"2026-04-03T00:02:00","slug":"etkili-genclerin-7-aliskanligi","status":"publish","type":"product","link":"https:\/\/roveyayinevi.com.tr\/index.php\/urun\/etkili-genclerin-7-aliskanligi\/","title":{"rendered":"Etkili Gen\u00e7lerin 7 Al\u0131\u015fkanl\u0131\u011f\u0131"},"content":{"rendered":"<p>New York Times\u2019\u0131n \u00e7oksatanlar listesine girenEtkili \u0130nsanlar\u0131n 7 Al\u0131\u015fkanl\u0131\u011f\u0131 kitab\u0131ndan uyarland\u0131. Sean Covey\u2019in d\u00f6n\u00fcm noktas\u0131 niteli\u011findeki kitab\u0131 Etkili Gen\u00e7lerin 7 Al\u0131\u015fkanl\u0131\u011f\u0131 milyonlarca gencin yolunu ayd\u0131nlatmaya devam ediyor. \u00d6zg\u00fcven ve ba\u015far\u0131 i\u00e7in harika bir el kitab\u0131. \u015eimdi dijital \u00e7a\u011f i\u00e7in g\u00fcncellenen bu klasik kitap, gen\u00e7lerin ya\u015fad\u0131\u011f\u0131 zorluklara ve hayat\u0131m\u0131z\u0131 de\u011fi\u015ftiren kararlara 7 Al\u0131\u015fkanl\u0131\u011f\u0131n zamans\u0131z ilkeleriyle yeniden dokunuyor. Covey, gen\u00e7lerin \u00f6z sayg\u0131lar\u0131n\u0131 geli\u015ftirmelerine, sa\u011fl\u0131kl\u0131 arkada\u015fl\u0131klar kurmalar\u0131na, akran bask\u0131s\u0131na direnmelerine, hedeflerine ula\u015fmalar\u0131na, ebeveynlerinin \u00f6nemini bilmelerine ve siber zorbal\u0131k ile sosyal medya gibi zaman\u0131m\u0131z\u0131n yeni zorluklar\u0131n\u0131n \u00fcstesinden gelmeleri i\u00e7in okurlar\u0131na olduk\u00e7a basit bir yakla\u015f\u0131m sunuyor. Ayr\u0131ca bu kitab\u0131 okurken s\u0131k\u0131c\u0131 ola\u011fan kitap sayfalar\u0131yla de\u011fil d\u00fcnyan\u0131n d\u00f6rt bir yan\u0131ndan gencin inan\u0131lmaz deneyimleriyle, ilham veren karikat\u00fcrlerle, yarat\u0131c\u0131 fikirlerle ve ezberlemek isteyece\u011finiz al\u0131nt\u0131larla kar\u015f\u0131la\u015facaks\u0131n\u0131z.Etkili Gen\u00e7lerin 7 Al\u0131\u015fkanl\u0131\u011f\u0131, bir gen\u00e7 olarak hayata tutunmak vegeli\u015fmek i\u00e7in okunmas\u0131 gereken bir k\u0131lavuz niteli\u011finde. \u201cHer gen\u00e7, Etkili Gen\u00e7lerin 7 Al\u0131\u015fkanl\u0131\u011f\u0131 kitab\u0131n\u0131 okumal\u0131. T\u00fcm \u00f6\u011frencilerimin okumas\u0131 gereken bir kitap!\u201d-SALOME THOMAS-EL Etkili Gen\u00e7lerin 7 Al\u0131\u015fkanl\u0131\u011f\u0131, g\u00fcn\u00fcm\u00fcz\u00fcn dijital \u00e7a\u011f\u0131 i\u00e7in g\u00fcncellenmi\u015f haliyle gen\u00e7lerin en \u00f6nemli ba\u015far\u0131 rehberi olmaya aday.<\/p>\n","protected":false},"excerpt":{"rendered":"<p>New York Times\u2019\u0131n \u00e7oksatanlar listesine girenEtkili \u0130nsanlar\u0131n 7 Al\u0131\u015fkanl\u0131\u011f\u0131 kitab\u0131ndan uyarland\u0131. Sean Covey\u2019in d\u00f6n\u00fcm noktas\u0131 niteli\u011findeki kitab\u0131 Etkili Gen\u00e7lerin 7 Al\u0131\u015fkanl\u0131\u011f\u0131 milyonlarca gencin yolunu ayd\u0131nlatmaya devam<span class=\"excerpt-hellip\"> [\u2026]<\/span><\/p>\n","protected":false},"featured_media":0,"template":"","meta":{"_monsterinsights_skip_tracking":false,"_monsterinsights_sitenote_active":false,"_monsterinsights_sitenote_note":"","_monsterinsights_sitenote_category":0},"product_brand":[],"product_cat":[12364,12376],"product_tag":[],"class_list":{"0":"post-746805","1":"product","2":"type-product","3":"status-publish","5":"product_cat-genel-konular","6":"product_cat-kisisel-gelisim","7":"pa_cilt-ciltsiz","8":"pa_tur-kitap","9":"pa_yayinevi-nemesis-kitap","10":"pa_yazar-sean-covey","12":"first","13":"instock","14":"sale","15":"shipping-taxable","16":"purchasable","17":"product-type-simple"},"_links":{"self":[{"href":"https:\/\/roveyayinevi.com.tr\/index.php\/wp-json\/wp\/v2\/product\/746805","targetHints":{"allow":["GET"]}}],"collection":[{"href":"https:\/\/roveyayinevi.com.tr\/index.php\/wp-json\/wp\/v2\/product"}],"about":[{"href":"https:\/\/roveyayinevi.com.tr\/index.php\/wp-json\/wp\/v2\/types\/product"}],"wp:attachment":[{"href":"https:\/\/roveyayinevi.com.tr\/index.php\/wp-json\/wp\/v2\/media?parent=746805"}],"wp:term":[{"taxonomy":"product_brand","embeddable":true,"href":"https:\/\/roveyayinevi.com.tr\/index.php\/wp-json\/wp\/v2\/product_brand?post=746805"},{"taxonomy":"product_cat","embeddable":true,"href":"https:\/\/roveyayinevi.com.tr\/index.php\/wp-json\/wp\/v2\/product_cat?post=746805"},{"taxonomy":"product_tag","embeddable":true,"href":"https:\/\/roveyayinevi.com.tr\/index.php\/wp-json\/wp\/v2\/product_tag?post=746805"}],"curies":[{"name":"wp","href":"https:\/\/api.w.org\/{rel}","templated":true}]}}