{"id":746803,"date":"2025-08-28T02:51:10","date_gmt":"2025-08-27T23:51:10","guid":{"rendered":"https:\/\/roveyayinevi.com.tr\/index.php\/urun\/az-bilinen-ulkeler-atlasi\/"},"modified":"2026-04-16T02:59:02","modified_gmt":"2026-04-15T23:59:02","slug":"az-bilinen-ulkeler-atlasi","status":"publish","type":"product","link":"https:\/\/roveyayinevi.com.tr\/index.php\/urun\/az-bilinen-ulkeler-atlasi\/","title":{"rendered":"Az Bilinen \u00dclkeler Atlas\u0131"},"content":{"rendered":"<p>ADI EN AZ B\u0130L\u0130NEN\u00dcLKELER SAHNEYE \u00c7IKIYOR!  Mikronezya, Tonga Krall\u0131\u011f\u0131, Palau, Esvatini,Gabon&#8230; Uzay foto\u011fraflar\u0131nda k\u00fc\u00e7\u00fcc\u00fck bir noktagibi g\u00f6r\u00fcnen gezegenimizin gizli kalmay\u0131ba\u015farm\u0131\u015f cennet yerleri. D\u00fcnyam\u0131zda ad\u0131 san\u0131 neredeyse hi\u00e7 duyulmam\u0131\u015f,o kadar \u00fclke var ki! Bu sefer spot \u0131\u015f\u0131klar\u0131di\u011ferlerinde! Fatih T\u00fcrkmeno\u011flu, i\u00e7indeki k\u00e2\u015fifibeslemek isteyen t\u00fcm \u00e7ocuklar ve onlar\u0131npe\u015finden keyifle giden anne ve babalar i\u00e7inara\u015ft\u0131rd\u0131 ve kaleme ald\u0131.<\/p>\n","protected":false},"excerpt":{"rendered":"<p>ADI EN AZ B\u0130L\u0130NEN\u00dcLKELER SAHNEYE \u00c7IKIYOR! Mikronezya, Tonga Krall\u0131\u011f\u0131, Palau, Esvatini,Gabon&#8230; Uzay foto\u011fraflar\u0131nda k\u00fc\u00e7\u00fcc\u00fck bir noktagibi g\u00f6r\u00fcnen gezegenimizin gizli kalmay\u0131ba\u015farm\u0131\u015f cennet yerleri. D\u00fcnyam\u0131zda ad\u0131 san\u0131 neredeyse<span class=\"excerpt-hellip\"> [\u2026]<\/span><\/p>\n","protected":false},"featured_media":0,"template":"","meta":{"_monsterinsights_skip_tracking":false,"_monsterinsights_sitenote_active":false,"_monsterinsights_sitenote_note":"","_monsterinsights_sitenote_category":0},"product_brand":[],"product_cat":[12274,15842],"product_tag":[],"class_list":{"0":"post-746803","1":"product","2":"type-product","3":"status-publish","5":"product_cat-cocuk-ve-genclik-kitaplari","6":"product_cat-egitici-kitaplar","7":"pa_cilt-ciltsiz","8":"pa_tur-kitap","9":"pa_yayinevi-masalperest","10":"pa_yazar-fatih-turkmenoglu","12":"first","13":"instock","14":"sale","15":"shipping-taxable","16":"purchasable","17":"product-type-simple"},"_links":{"self":[{"href":"https:\/\/roveyayinevi.com.tr\/index.php\/wp-json\/wp\/v2\/product\/746803","targetHints":{"allow":["GET"]}}],"collection":[{"href":"https:\/\/roveyayinevi.com.tr\/index.php\/wp-json\/wp\/v2\/product"}],"about":[{"href":"https:\/\/roveyayinevi.com.tr\/index.php\/wp-json\/wp\/v2\/types\/product"}],"wp:attachment":[{"href":"https:\/\/roveyayinevi.com.tr\/index.php\/wp-json\/wp\/v2\/media?parent=746803"}],"wp:term":[{"taxonomy":"product_brand","embeddable":true,"href":"https:\/\/roveyayinevi.com.tr\/index.php\/wp-json\/wp\/v2\/product_brand?post=746803"},{"taxonomy":"product_cat","embeddable":true,"href":"https:\/\/roveyayinevi.com.tr\/index.php\/wp-json\/wp\/v2\/product_cat?post=746803"},{"taxonomy":"product_tag","embeddable":true,"href":"https:\/\/roveyayinevi.com.tr\/index.php\/wp-json\/wp\/v2\/product_tag?post=746803"}],"curies":[{"name":"wp","href":"https:\/\/api.w.org\/{rel}","templated":true}]}}