{"id":746799,"date":"2025-08-28T02:51:05","date_gmt":"2025-08-27T23:51:05","guid":{"rendered":"https:\/\/roveyayinevi.com.tr\/index.php\/urun\/ruzgar-gulu\/"},"modified":"2026-04-16T02:59:02","modified_gmt":"2026-04-15T23:59:02","slug":"ruzgar-gulu","status":"publish","type":"product","link":"https:\/\/roveyayinevi.com.tr\/index.php\/urun\/ruzgar-gulu\/","title":{"rendered":"R\u00fczg\u00e2r &amp; G\u00fcl\u00fc"},"content":{"rendered":"<p>Sevgili Sen, Kim bilir ka\u00e7 defa ruhunu, bedenini ve o h\u00e2l\u00e2 masum bakan g\u00f6zlerinden seni ald\u0131lar\u2026 Seni sana b\u0131rakmayanlar, i\u00e7inde sadece k\u00f6t\u00fcl\u00fc\u011f\u00fc ile bilinen insanlar aras\u0131nda ne kadar da yorulmu\u015fsun\u2026 Hayret ediyorsun\u2026 A\u015fk\u0131n ve mutlulu\u011fun da olabildi\u011fi bir d\u00fcnyada nas\u0131l bu kadar ac\u0131 m\u00fcmk\u00fcn olabilir? A\u015fk nas\u0131l da sar\u0131yor sarma\u015f\u0131klar gibi\u2026 G\u00f6r\u00fcyorum sende bizdensin\u2026 Anlamayanlar, anlamak istemeyenler var\u2026 Onlara ra\u011fmen elimize kalemi al\u0131p hayk\u0131ral\u0131m k\u00e2\u011f\u0131tlara! Lakin k\u00e2\u011f\u0131tlar yetmezdi \u015fu dery\u00e2dil olmu\u015f hislerini anlatmaya\u2026 \u015eimdi elinde tutuyorsun bu \u015fifa misali kitab\u0131\u2026 Dur ve dinle beni. Etraf\u0131na bak hangi ku\u015flar seni bekliyor? Hangi yapraklar senin r\u00fczg\u00e2r\u0131n ile savruluyor. Hangi g\u00fcller senin kokuna sar\u0131l\u0131yor? Sen ne istersen o olur! Aray\u0131\u015f i\u00e7inde olan insanlar\u0131z biz, neyi arad\u0131\u011f\u0131m\u0131z\u0131 dahi bilmeden yola \u00e7\u0131kan insanlar\u0131z. Bu hayat yolculu\u011funda biraz da benim s\u00f6zlerime katlan\u0131r m\u0131s\u0131n? Biraz da ben \u015fifa olmak isterim sana. Sadece sana\u2026 \u0130nan ki ayn\u0131 ac\u0131lar\u0131 payla\u015f\u0131yoruz, birbirimizi hi\u00e7 g\u00f6rmemi\u015f olsak da\u2026 Ne olursa olsun hisler ayn\u0131d\u0131r. R\u00fczg\u00e2r\u0131n ve g\u00fcllerin bulu\u015ftu\u011fu nokta vard\u0131r, r\u00fczg\u00e2r tenini ok\u015fas\u0131n, g\u00fcller ise a\u015fk diye kalbine \u015fifa olsun\u2026<\/p>\n","protected":false},"excerpt":{"rendered":"<p>Sevgili Sen, Kim bilir ka\u00e7 defa ruhunu, bedenini ve o h\u00e2l\u00e2 masum bakan g\u00f6zlerinden seni ald\u0131lar\u2026 Seni sana b\u0131rakmayanlar, i\u00e7inde sadece k\u00f6t\u00fcl\u00fc\u011f\u00fc ile bilinen insanlar aras\u0131nda<span class=\"excerpt-hellip\"> [\u2026]<\/span><\/p>\n","protected":false},"featured_media":0,"template":"","meta":{"_monsterinsights_skip_tracking":false,"_monsterinsights_sitenote_active":false,"_monsterinsights_sitenote_note":"","_monsterinsights_sitenote_category":0},"product_brand":[],"product_cat":[12291,12509],"product_tag":[],"class_list":{"0":"post-746799","1":"product","2":"type-product","3":"status-publish","5":"product_cat-edebiyat","6":"product_cat-siir","7":"pa_cilt-ciltsiz","8":"pa_tur-kitap","9":"pa_yayinevi-elpis-yayinlari","10":"pa_yazar-ikranur-karakus","12":"first","13":"instock","14":"sale","15":"shipping-taxable","16":"purchasable","17":"product-type-simple"},"_links":{"self":[{"href":"https:\/\/roveyayinevi.com.tr\/index.php\/wp-json\/wp\/v2\/product\/746799","targetHints":{"allow":["GET"]}}],"collection":[{"href":"https:\/\/roveyayinevi.com.tr\/index.php\/wp-json\/wp\/v2\/product"}],"about":[{"href":"https:\/\/roveyayinevi.com.tr\/index.php\/wp-json\/wp\/v2\/types\/product"}],"wp:attachment":[{"href":"https:\/\/roveyayinevi.com.tr\/index.php\/wp-json\/wp\/v2\/media?parent=746799"}],"wp:term":[{"taxonomy":"product_brand","embeddable":true,"href":"https:\/\/roveyayinevi.com.tr\/index.php\/wp-json\/wp\/v2\/product_brand?post=746799"},{"taxonomy":"product_cat","embeddable":true,"href":"https:\/\/roveyayinevi.com.tr\/index.php\/wp-json\/wp\/v2\/product_cat?post=746799"},{"taxonomy":"product_tag","embeddable":true,"href":"https:\/\/roveyayinevi.com.tr\/index.php\/wp-json\/wp\/v2\/product_tag?post=746799"}],"curies":[{"name":"wp","href":"https:\/\/api.w.org\/{rel}","templated":true}]}}