{"id":746798,"date":"2025-08-28T02:51:03","date_gmt":"2025-08-27T23:51:03","guid":{"rendered":"https:\/\/roveyayinevi.com.tr\/index.php\/urun\/batman-ve-justice-league-cilt-1\/"},"modified":"2026-04-16T02:59:02","modified_gmt":"2026-04-15T23:59:02","slug":"batman-ve-justice-league-cilt-1","status":"publish","type":"product","link":"https:\/\/roveyayinevi.com.tr\/index.php\/urun\/batman-ve-justice-league-cilt-1\/","title":{"rendered":"Batman ve Justice League &#8211; Cilt 1"},"content":{"rendered":"<p>Batman ve Justice League &#8211; Cilt 1Her ikisi de bilim insan\u0131 olan anne ve babas\u0131n\u0131n, bundan bir y\u0131l \u00f6nce, deneysel bir enerji santralinde olu\u015fan patlama sonucu \u00f6ld\u00fckleri varsay\u0131l\u0131yor; ama Rui, ailesinin h\u00e2l\u00e2 ya\u015fad\u0131\u011f\u0131na inan\u0131yor. En az\u0131ndan onlar\u0131n ba\u015f\u0131na ger\u00e7ekte neler geldi\u011fini \u00f6\u011frenmekte kararl\u0131. Ancak Gotham sokaklar\u0131ndaki aray\u0131\u015f\u0131, onu k\u0131sa s\u00fcre i\u00e7erisinde birtak\u0131m k\u00f6t\u00fc niyetli g\u00fc\u00e7lerle kar\u015f\u0131 kar\u015f\u0131ya getiriyor ve bu konuda ona sadece Batman ve Justice League yard\u0131m edebilir!<\/p>\n","protected":false},"excerpt":{"rendered":"<p>Batman ve Justice League &#8211; Cilt 1Her ikisi de bilim insan\u0131 olan anne ve babas\u0131n\u0131n, bundan bir y\u0131l \u00f6nce, deneysel bir enerji santralinde olu\u015fan patlama sonucu<span class=\"excerpt-hellip\"> [\u2026]<\/span><\/p>\n","protected":false},"featured_media":0,"template":"","meta":{"_monsterinsights_skip_tracking":false,"_monsterinsights_sitenote_active":false,"_monsterinsights_sitenote_note":"","_monsterinsights_sitenote_category":0},"product_brand":[],"product_cat":[12416,12291],"product_tag":[],"class_list":{"0":"post-746798","1":"product","2":"type-product","3":"status-publish","5":"product_cat-cizgi-roman","6":"product_cat-edebiyat","7":"pa_cilt-ciltsiz","8":"pa_tur-kitap","9":"pa_yayinevi-jbc-yayincilik","10":"pa_yazar-siori-tesirogi","12":"first","13":"instock","14":"sale","15":"shipping-taxable","16":"purchasable","17":"product-type-simple"},"_links":{"self":[{"href":"https:\/\/roveyayinevi.com.tr\/index.php\/wp-json\/wp\/v2\/product\/746798","targetHints":{"allow":["GET"]}}],"collection":[{"href":"https:\/\/roveyayinevi.com.tr\/index.php\/wp-json\/wp\/v2\/product"}],"about":[{"href":"https:\/\/roveyayinevi.com.tr\/index.php\/wp-json\/wp\/v2\/types\/product"}],"wp:attachment":[{"href":"https:\/\/roveyayinevi.com.tr\/index.php\/wp-json\/wp\/v2\/media?parent=746798"}],"wp:term":[{"taxonomy":"product_brand","embeddable":true,"href":"https:\/\/roveyayinevi.com.tr\/index.php\/wp-json\/wp\/v2\/product_brand?post=746798"},{"taxonomy":"product_cat","embeddable":true,"href":"https:\/\/roveyayinevi.com.tr\/index.php\/wp-json\/wp\/v2\/product_cat?post=746798"},{"taxonomy":"product_tag","embeddable":true,"href":"https:\/\/roveyayinevi.com.tr\/index.php\/wp-json\/wp\/v2\/product_tag?post=746798"}],"curies":[{"name":"wp","href":"https:\/\/api.w.org\/{rel}","templated":true}]}}