{"id":746796,"date":"2025-08-28T02:51:00","date_gmt":"2025-08-27T23:51:00","guid":{"rendered":"https:\/\/roveyayinevi.com.tr\/index.php\/urun\/erimel\/"},"modified":"2026-04-16T02:59:02","modified_gmt":"2026-04-15T23:59:02","slug":"erimel","status":"publish","type":"product","link":"https:\/\/roveyayinevi.com.tr\/index.php\/urun\/erimel\/","title":{"rendered":"Erimel"},"content":{"rendered":"<p>\u00c7ok uzak g\u00f6r\u00fcnen \u0131\u015f\u0131\u011fa birka\u00e7 dakika i\u00e7inde yakla\u015fm\u0131\u015ft\u0131. Yolun sonunu g\u00f6rm\u00fc\u015f gibiydi. \u0130lerideki karalt\u0131lar\u0131n onu buradan kurtarabilece\u011fini d\u00fc\u015f\u00fcnd\u00fc. \u00c7al\u0131l\u0131klara girdi\u011finde g\u00f6zlerini kapatm\u0131\u015ft\u0131. Lakin birka\u00e7 saniye i\u00e7inde sa\u011f aya\u011f\u0131n\u0131n bo\u015flu\u011fa d\u00fc\u015ft\u00fc\u011f\u00fcn\u00fc anlad\u0131. Kurtulu\u015f ararken daha b\u00fcy\u00fck bir belan\u0131n i\u00e7ine girmi\u015fti. Y\u00fcksek ihtimalle u\u00e7urumdan a\u015fa\u011f\u0131 d\u00fc\u015f\u00fcyordu. G\u00f6zleri h\u00e2l\u00e2 kapal\u0131yd\u0131. A\u00e7t\u0131\u011f\u0131nda bu r\u00fcyadan uyanaca\u011f\u0131n\u0131 d\u00fc\u015f\u00fcnerek ba\u015f\u0131n\u0131 yukar\u0131ya \u00e7evirdi ve g\u00f6zlerini a\u00e7mas\u0131yla i\u00e7ine d\u00fc\u015ft\u00fc\u011f\u00fc deh\u015fet, kendisine do\u011fru gelen iki k\u0131z\u0131l g\u00f6z ve b\u00fcy\u00fck di\u015fleriyle onu i\u00e7ine alan a\u011f\u0131zd\u0131.<\/p>\n","protected":false},"excerpt":{"rendered":"<p>\u00c7ok uzak g\u00f6r\u00fcnen \u0131\u015f\u0131\u011fa birka\u00e7 dakika i\u00e7inde yakla\u015fm\u0131\u015ft\u0131. Yolun sonunu g\u00f6rm\u00fc\u015f gibiydi. \u0130lerideki karalt\u0131lar\u0131n onu buradan kurtarabilece\u011fini d\u00fc\u015f\u00fcnd\u00fc. \u00c7al\u0131l\u0131klara girdi\u011finde g\u00f6zlerini kapatm\u0131\u015ft\u0131. Lakin birka\u00e7 saniye i\u00e7inde<span class=\"excerpt-hellip\"> [\u2026]<\/span><\/p>\n","protected":false},"featured_media":0,"template":"","meta":{"_monsterinsights_skip_tracking":false,"_monsterinsights_sitenote_active":false,"_monsterinsights_sitenote_note":"","_monsterinsights_sitenote_category":0},"product_brand":[],"product_cat":[12291,14777],"product_tag":[],"class_list":{"0":"post-746796","1":"product","2":"type-product","3":"status-publish","5":"product_cat-edebiyat","6":"product_cat-fantastik","7":"pa_cilt-ciltsiz","8":"pa_tur-kitap","9":"pa_yayinevi-perseus","10":"pa_yazar-tayfun-kocacoban","12":"first","13":"instock","14":"sale","15":"shipping-taxable","16":"purchasable","17":"product-type-simple"},"_links":{"self":[{"href":"https:\/\/roveyayinevi.com.tr\/index.php\/wp-json\/wp\/v2\/product\/746796","targetHints":{"allow":["GET"]}}],"collection":[{"href":"https:\/\/roveyayinevi.com.tr\/index.php\/wp-json\/wp\/v2\/product"}],"about":[{"href":"https:\/\/roveyayinevi.com.tr\/index.php\/wp-json\/wp\/v2\/types\/product"}],"wp:attachment":[{"href":"https:\/\/roveyayinevi.com.tr\/index.php\/wp-json\/wp\/v2\/media?parent=746796"}],"wp:term":[{"taxonomy":"product_brand","embeddable":true,"href":"https:\/\/roveyayinevi.com.tr\/index.php\/wp-json\/wp\/v2\/product_brand?post=746796"},{"taxonomy":"product_cat","embeddable":true,"href":"https:\/\/roveyayinevi.com.tr\/index.php\/wp-json\/wp\/v2\/product_cat?post=746796"},{"taxonomy":"product_tag","embeddable":true,"href":"https:\/\/roveyayinevi.com.tr\/index.php\/wp-json\/wp\/v2\/product_tag?post=746796"}],"curies":[{"name":"wp","href":"https:\/\/api.w.org\/{rel}","templated":true}]}}