{"id":746786,"date":"2025-08-28T02:50:45","date_gmt":"2025-08-27T23:50:45","guid":{"rendered":"https:\/\/roveyayinevi.com.tr\/index.php\/urun\/bahcede-solucan-deligi-buldugum-gun\/"},"modified":"2026-04-16T02:59:02","modified_gmt":"2026-04-15T23:59:02","slug":"bahcede-solucan-deligi-buldugum-gun","status":"publish","type":"product","link":"https:\/\/roveyayinevi.com.tr\/index.php\/urun\/bahcede-solucan-deligi-buldugum-gun\/","title":{"rendered":"Bah\u00e7ede Solucan Deli\u011fi Buldu\u011fum G\u00fcn"},"content":{"rendered":"<p>Billy bah\u00e7ede hazine ararken yanl\u0131\u015fl\u0131kla evren i\u00e7inde uzak mesafeler aras\u0131nda h\u0131zl\u0131ca yol kat edebilmeyi sa\u011flayan bir solucan deli\u011fi a\u00e7ar! Her zaman oldu\u011fu gibi i\u015fleri daha da k\u00f6t\u00fcle\u015ftirmek i\u00e7in ge\u00e7mi\u015ften gelen her t\u00fcrl\u00fc insan bu deli\u011fin d\u0131\u015f\u0131na \u00e7\u0131kmaya ba\u015flar. Tarih sonsuza kadar de\u011fi\u015fmeden \u00f6nce Billy ve sad\u0131k k\u00f6pe\u011fi Shakespeare h\u0131zl\u0131ca bu deli\u011fi kapatmal\u0131d\u0131r!<\/p>\n","protected":false},"excerpt":{"rendered":"<p>Billy bah\u00e7ede hazine ararken yanl\u0131\u015fl\u0131kla evren i\u00e7inde uzak mesafeler aras\u0131nda h\u0131zl\u0131ca yol kat edebilmeyi sa\u011flayan bir solucan deli\u011fi a\u00e7ar! Her zaman oldu\u011fu gibi i\u015fleri daha da<span class=\"excerpt-hellip\"> [\u2026]<\/span><\/p>\n","protected":false},"featured_media":0,"template":"","meta":{"_monsterinsights_skip_tracking":false,"_monsterinsights_sitenote_active":false,"_monsterinsights_sitenote_note":"","_monsterinsights_sitenote_category":0},"product_brand":[],"product_cat":[12274,12284],"product_tag":[],"class_list":{"0":"post-746786","1":"product","2":"type-product","3":"status-publish","5":"product_cat-cocuk-ve-genclik-kitaplari","6":"product_cat-hikayeler","7":"pa_cilt-ciltsiz","8":"pa_tur-kitap","9":"pa_yayinevi-timas-cocuk","10":"pa_yazar-tom-mclaughlin","12":"first","13":"instock","14":"sale","15":"shipping-taxable","16":"purchasable","17":"product-type-simple"},"_links":{"self":[{"href":"https:\/\/roveyayinevi.com.tr\/index.php\/wp-json\/wp\/v2\/product\/746786","targetHints":{"allow":["GET"]}}],"collection":[{"href":"https:\/\/roveyayinevi.com.tr\/index.php\/wp-json\/wp\/v2\/product"}],"about":[{"href":"https:\/\/roveyayinevi.com.tr\/index.php\/wp-json\/wp\/v2\/types\/product"}],"wp:attachment":[{"href":"https:\/\/roveyayinevi.com.tr\/index.php\/wp-json\/wp\/v2\/media?parent=746786"}],"wp:term":[{"taxonomy":"product_brand","embeddable":true,"href":"https:\/\/roveyayinevi.com.tr\/index.php\/wp-json\/wp\/v2\/product_brand?post=746786"},{"taxonomy":"product_cat","embeddable":true,"href":"https:\/\/roveyayinevi.com.tr\/index.php\/wp-json\/wp\/v2\/product_cat?post=746786"},{"taxonomy":"product_tag","embeddable":true,"href":"https:\/\/roveyayinevi.com.tr\/index.php\/wp-json\/wp\/v2\/product_tag?post=746786"}],"curies":[{"name":"wp","href":"https:\/\/api.w.org\/{rel}","templated":true}]}}