{"id":746783,"date":"2025-08-28T02:50:41","date_gmt":"2025-08-27T23:50:41","guid":{"rendered":"https:\/\/roveyayinevi.com.tr\/index.php\/urun\/gir-kanima\/"},"modified":"2026-04-16T02:59:02","modified_gmt":"2026-04-15T23:59:02","slug":"gir-kanima","status":"publish","type":"product","link":"https:\/\/roveyayinevi.com.tr\/index.php\/urun\/gir-kanima\/","title":{"rendered":"Gir Kan\u0131ma"},"content":{"rendered":"<p>Kan emiciler her yerde! John Ajvide Lindqvist&#8217;in uluslararas\u0131 \u00e7oksatan\u0131 Gir Kan\u0131ma, kadim vampir efsanelerinden g\u00fcn\u00fcm\u00fcz insan\u0131n\u0131n s\u0131k\u0131\u015fm\u0131\u015fl\u0131\u011f\u0131na uzanan; kan, vah\u015fet ve kara mizahla yo\u011frulmu\u015f do\u011fa\u00fcst\u00fc bir polisiye roman\u0131.  Tasarlad\u0131\u011f\u0131 deh\u015fetengiz atmosferin orta yerinde filizlendirdi\u011fi tedirgin edici dostluk hik\u00e2yesiyle okuru \u0131ss\u0131z bir karanl\u0131\u011fa \u00e7eken yazar, b\u00fcy\u00fcmenin getirdi\u011fi ac\u0131y\u0131 hi\u00e7 b\u00fcy\u00fcyemeyen kan emicilerin bitimsiz hayatlar\u0131 \u00fczerinden anlat\u0131yor.     \u0130ki kez beyazperdede kendine yer bulan, yak\u0131n ge\u00e7mi\u015fte b\u00fcy\u00fck prod\u00fcksiyonlu bir dizi filme de uyarlanan bu k\u00fclt kitap; zorbal\u0131k, taciz ve yaln\u0131zla\u015fma gibi meseleleri ayk\u0131r\u0131 bir yolla ele alarak klasik bir vampir hik\u00e2yesinden \u00e7ok daha fazlas\u0131n\u0131 vadediyor.  Ben yokum, o y\u00fczden kimse bana bir \u015fey yapamaz.   Y\u0131l 1981. Stockholm&#8217;\u00fcn k\u00fc\u00e7\u00fck bir banliy\u00f6s\u00fcndeyiz. Havan\u0131n dondurucu so\u011fuklu\u011fu yetmezmi\u015f gibi gri apartmanlar\u0131ndan \u00e7\u0131kmaya erinen \u00e7evre sakinlerinin ruhlar\u0131 da \u00e2deta so\u011fuktan buz tutmu\u015f durumda. \u0130nsanlar i\u00e7lerindeki devasa bo\u015flu\u011fa s\u0131\u011f\u0131nmakla me\u015fgulken ya\u015fad\u0131klar\u0131 \u015fehrin kaderi ise yeni ba\u015ftan yaz\u0131lmak \u00fczere, hem de kanla&#8230; Pe\u015fi s\u0131ra i\u015flenen korkun\u00e7 cinayetler y\u00fcz\u00fcnden herkes endi\u015feli, herkes tedirgin. Ve t\u00fcm bu sars\u0131c\u0131 olaylar\u0131n ortas\u0131nda, hayat\u0131n\u0131 de\u011fi\u015ftirmeyi d\u00fc\u015f\u00fcnemeyecek kadar bile \u00fcmitsiz bir \u00e7ocuk var: Oskar. Okulda zorbal\u0131\u011fa maruz kalan, kendisine yaln\u0131zl\u0131ktan ve hayallerden ibaret bir d\u00fcnya kuran on iki ya\u015f\u0131ndaki Oskar. Oysa \u015fimdilik fark\u0131nda de\u011filse de hayat\u0131 \u00e7ok yak\u0131nda t\u00fcmden de\u011fi\u015fecek. Hatta d\u00f6n\u00fc\u015fecek.  Eli sayesinde. On iki ya\u015f\u0131ndaki Eli sayesinde. 200 y\u0131ld\u0131r on iki ya\u015f\u0131nda olan, yeni yan kom\u015fusu Eli sayesinde. D\u00fcnya bas\u0131n\u0131 taraf\u0131ndan &#8221;iyi bir Stephen King roman\u0131ndan farks\u0131z&#8221; olarak tan\u0131mlanan ve ilk kez \u0130sve\u00e7\u00e7e asl\u0131ndan T\u00fcrk\u00e7ele\u015ftirilen Gir Kan\u0131ma, hacimli yap\u0131s\u0131na ra\u011fmen okuru kendisine ba\u011flamay\u0131 ba\u015faran \u00e7okkatmanl\u0131 bir anlat\u0131 sunuyor.  John Ajvide Lindqvist d\u00fc\u015f g\u00fcc\u00fcn\u00fc c\u00f6mert\u00e7e sergileme f\u0131rsat\u0131 buldu\u011fu bu ilk kitab\u0131nda, vampir edebiyat\u0131na Kuzey&#8217;in so\u011fuklu\u011fu ve \u0131ss\u0131zl\u0131\u011f\u0131yla yepyeni bir yorum getiriyor.  &#8221;Bir yan\u0131yla korkun\u00e7 bir vampir hik\u00e2yesi, di\u011fer yan\u0131yla dokunakl\u0131 bir dostluk ve kurtulu\u015f \u00f6yk\u00fcs\u00fc&#8230;&#8221; The Guardian<\/p>\n","protected":false},"excerpt":{"rendered":"<p>Kan emiciler her yerde! John Ajvide Lindqvist&#8217;in uluslararas\u0131 \u00e7oksatan\u0131 Gir Kan\u0131ma, kadim vampir efsanelerinden g\u00fcn\u00fcm\u00fcz insan\u0131n\u0131n s\u0131k\u0131\u015fm\u0131\u015fl\u0131\u011f\u0131na uzanan; kan, vah\u015fet ve kara mizahla yo\u011frulmu\u015f do\u011fa\u00fcst\u00fc bir<span class=\"excerpt-hellip\"> [\u2026]<\/span><\/p>\n","protected":false},"featured_media":0,"template":"","meta":{"_monsterinsights_skip_tracking":false,"_monsterinsights_sitenote_active":false,"_monsterinsights_sitenote_note":"","_monsterinsights_sitenote_category":0},"product_brand":[],"product_cat":[12291,12711],"product_tag":[],"class_list":{"0":"post-746783","1":"product","2":"type-product","3":"status-publish","5":"product_cat-edebiyat","6":"product_cat-roman-oyku","7":"pa_cilt-ciltsiz","8":"pa_tur-kitap","9":"pa_yayinevi-delidolu","10":"pa_yazar-john-ajvide-lindqvist","12":"first","13":"instock","14":"sale","15":"shipping-taxable","16":"purchasable","17":"product-type-simple"},"_links":{"self":[{"href":"https:\/\/roveyayinevi.com.tr\/index.php\/wp-json\/wp\/v2\/product\/746783","targetHints":{"allow":["GET"]}}],"collection":[{"href":"https:\/\/roveyayinevi.com.tr\/index.php\/wp-json\/wp\/v2\/product"}],"about":[{"href":"https:\/\/roveyayinevi.com.tr\/index.php\/wp-json\/wp\/v2\/types\/product"}],"wp:attachment":[{"href":"https:\/\/roveyayinevi.com.tr\/index.php\/wp-json\/wp\/v2\/media?parent=746783"}],"wp:term":[{"taxonomy":"product_brand","embeddable":true,"href":"https:\/\/roveyayinevi.com.tr\/index.php\/wp-json\/wp\/v2\/product_brand?post=746783"},{"taxonomy":"product_cat","embeddable":true,"href":"https:\/\/roveyayinevi.com.tr\/index.php\/wp-json\/wp\/v2\/product_cat?post=746783"},{"taxonomy":"product_tag","embeddable":true,"href":"https:\/\/roveyayinevi.com.tr\/index.php\/wp-json\/wp\/v2\/product_tag?post=746783"}],"curies":[{"name":"wp","href":"https:\/\/api.w.org\/{rel}","templated":true}]}}