{"id":746781,"date":"2025-08-28T02:50:38","date_gmt":"2025-08-27T23:50:38","guid":{"rendered":"https:\/\/roveyayinevi.com.tr\/index.php\/urun\/ibni-sina-hekimlerin-sultani\/"},"modified":"2026-04-16T02:59:02","modified_gmt":"2026-04-15T23:59:02","slug":"ibni-sina-hekimlerin-sultani","status":"publish","type":"product","link":"https:\/\/roveyayinevi.com.tr\/index.php\/urun\/ibni-sina-hekimlerin-sultani\/","title":{"rendered":"\u0130bni Sina Hekimlerin Sultan\u0131"},"content":{"rendered":"<p>T\u00fcrk-\u0130slam bilginlerinden ka\u00e7\u0131n\u0131n ismini sayabilirsiniz? \u00dc\u00e7, be\u015f, on? Say\u0131 ka\u00e7 olursa olsun sayd\u0131klar\u0131n\u0131z aras\u0131nda bir isim mutlaka yer alacakt\u0131r: \u0130bni Sina&#8230; O, hepimizin haf\u0131zas\u0131na kaz\u0131nm\u0131\u015f \u00e7ok ama \u00e7ok b\u00fcy\u00fck bir bilgin, unutulmaz tarih\u00ee bir \u015fahsiyet ve \u00e7al\u0131\u015fma azmiyle e\u015fsiz bir karakterdir. \u015eimdi \u0130bni Sina\u2019n\u0131n g\u00fcn\u00fcm\u00fczden bin y\u0131l \u00f6nceki ilham veren hayat\u0131n\u0131, \u015fa\u015f\u0131rt\u0131c\u0131 \u00e7al\u0131\u015fmalar\u0131n\u0131 ve modern t\u0131bba katk\u0131lar\u0131n\u0131 \u201cE\u011flenceli Bilim\u201d tad\u0131nda \u00f6\u011frenme ve onu rol model zaman\u0131!<\/p>\n","protected":false},"excerpt":{"rendered":"<p>T\u00fcrk-\u0130slam bilginlerinden ka\u00e7\u0131n\u0131n ismini sayabilirsiniz? \u00dc\u00e7, be\u015f, on? Say\u0131 ka\u00e7 olursa olsun sayd\u0131klar\u0131n\u0131z aras\u0131nda bir isim mutlaka yer alacakt\u0131r: \u0130bni Sina&#8230; O, hepimizin haf\u0131zas\u0131na kaz\u0131nm\u0131\u015f \u00e7ok<span class=\"excerpt-hellip\"> [\u2026]<\/span><\/p>\n","protected":false},"featured_media":0,"template":"","meta":{"_monsterinsights_skip_tracking":false,"_monsterinsights_sitenote_active":false,"_monsterinsights_sitenote_note":"","_monsterinsights_sitenote_category":0},"product_brand":[],"product_cat":[13829,12274],"product_tag":[],"class_list":{"0":"post-746781","1":"product","2":"type-product","3":"status-publish","5":"product_cat-bilimsel-kitaplar","6":"product_cat-cocuk-ve-genclik-kitaplari","7":"pa_cilt-ciltsiz","8":"pa_tur-kitap","9":"pa_yayinevi-eglenceli-bilgi-yayinlari","10":"pa_yazar-metin-ozdamarlar","12":"first","13":"instock","14":"sale","15":"shipping-taxable","16":"purchasable","17":"product-type-simple"},"_links":{"self":[{"href":"https:\/\/roveyayinevi.com.tr\/index.php\/wp-json\/wp\/v2\/product\/746781","targetHints":{"allow":["GET"]}}],"collection":[{"href":"https:\/\/roveyayinevi.com.tr\/index.php\/wp-json\/wp\/v2\/product"}],"about":[{"href":"https:\/\/roveyayinevi.com.tr\/index.php\/wp-json\/wp\/v2\/types\/product"}],"wp:attachment":[{"href":"https:\/\/roveyayinevi.com.tr\/index.php\/wp-json\/wp\/v2\/media?parent=746781"}],"wp:term":[{"taxonomy":"product_brand","embeddable":true,"href":"https:\/\/roveyayinevi.com.tr\/index.php\/wp-json\/wp\/v2\/product_brand?post=746781"},{"taxonomy":"product_cat","embeddable":true,"href":"https:\/\/roveyayinevi.com.tr\/index.php\/wp-json\/wp\/v2\/product_cat?post=746781"},{"taxonomy":"product_tag","embeddable":true,"href":"https:\/\/roveyayinevi.com.tr\/index.php\/wp-json\/wp\/v2\/product_tag?post=746781"}],"curies":[{"name":"wp","href":"https:\/\/api.w.org\/{rel}","templated":true}]}}