{"id":746780,"date":"2025-08-28T02:50:36","date_gmt":"2025-08-27T23:50:36","guid":{"rendered":"https:\/\/roveyayinevi.com.tr\/index.php\/urun\/sahildeki-gizemli-ev\/"},"modified":"2026-04-16T02:59:02","modified_gmt":"2026-04-15T23:59:02","slug":"sahildeki-gizemli-ev","status":"publish","type":"product","link":"https:\/\/roveyayinevi.com.tr\/index.php\/urun\/sahildeki-gizemli-ev\/","title":{"rendered":"Sahildeki Gizemli Ev"},"content":{"rendered":"<p>Eski bir sahil evi, uzayan koridorlar, yer de\u011fi\u015ftiren odalar, kilitli eski bir sand\u0131k, garip r\u00fcyalar, gizemli bir kedi ve esrarengiz \u015feylerle dolu bir kutu\u2026 Kiara on \u00fc\u00e7 ya\u015f\u0131na bast\u0131\u011f\u0131nda, Quentin Q ad\u0131ndaki birinden tuhaf bir mektup al\u0131r. \u0130ngiltere, Cornwall\u2019daki bir sahil evinde ya\u015fayan Quentin\u2019in tavan aras\u0131nda buldu\u011fu bir kutuda, onu ilgilendiren \u00e7ok \u00f6nemli \u015feyler vard\u0131r. Kiara, ge\u00e7mi\u015fiyle ilgili s\u0131rlar\u0131 \u00e7\u00f6zmek \u00fczere Cornwall\u2019a do\u011fru yola \u00e7\u0131kar. Oraya vard\u0131\u011f\u0131nda Quentin&#8217;in ye\u011feni Paul ile tan\u0131\u015f\u0131r. Sahildeki gizemli evde, birlikte ipu\u00e7lar\u0131n\u0131n pe\u015fine d\u00fc\u015ferler. Y\u0131llarca sakl\u0131 kalm\u0131\u015f s\u0131rlar a\u00e7\u0131\u011fa \u00e7\u0131kmaya ba\u015flad\u0131\u011f\u0131nda, kendilerini, kay\u0131p k\u0131ta Atlantis\u2019e kadar uzanan inan\u0131lmaz bir maceran\u0131n tam ortas\u0131nda bulacaklard\u0131r.<\/p>\n","protected":false},"excerpt":{"rendered":"<p>Eski bir sahil evi, uzayan koridorlar, yer de\u011fi\u015ftiren odalar, kilitli eski bir sand\u0131k, garip r\u00fcyalar, gizemli bir kedi ve esrarengiz \u015feylerle dolu bir kutu\u2026 Kiara on<span class=\"excerpt-hellip\"> [\u2026]<\/span><\/p>\n","protected":false},"featured_media":0,"template":"","meta":{"_monsterinsights_skip_tracking":false,"_monsterinsights_sitenote_active":false,"_monsterinsights_sitenote_note":"","_monsterinsights_sitenote_category":0},"product_brand":[],"product_cat":[12291,14777],"product_tag":[],"class_list":{"0":"post-746780","1":"product","2":"type-product","3":"status-publish","5":"product_cat-edebiyat","6":"product_cat-fantastik","7":"pa_cilt-ciltsiz","8":"pa_tur-kitap","9":"pa_yayinevi-carpe-diem-kitaplari","10":"pa_yazar-isolde-boers","12":"first","13":"instock","14":"sale","15":"shipping-taxable","16":"purchasable","17":"product-type-simple"},"_links":{"self":[{"href":"https:\/\/roveyayinevi.com.tr\/index.php\/wp-json\/wp\/v2\/product\/746780","targetHints":{"allow":["GET"]}}],"collection":[{"href":"https:\/\/roveyayinevi.com.tr\/index.php\/wp-json\/wp\/v2\/product"}],"about":[{"href":"https:\/\/roveyayinevi.com.tr\/index.php\/wp-json\/wp\/v2\/types\/product"}],"wp:attachment":[{"href":"https:\/\/roveyayinevi.com.tr\/index.php\/wp-json\/wp\/v2\/media?parent=746780"}],"wp:term":[{"taxonomy":"product_brand","embeddable":true,"href":"https:\/\/roveyayinevi.com.tr\/index.php\/wp-json\/wp\/v2\/product_brand?post=746780"},{"taxonomy":"product_cat","embeddable":true,"href":"https:\/\/roveyayinevi.com.tr\/index.php\/wp-json\/wp\/v2\/product_cat?post=746780"},{"taxonomy":"product_tag","embeddable":true,"href":"https:\/\/roveyayinevi.com.tr\/index.php\/wp-json\/wp\/v2\/product_tag?post=746780"}],"curies":[{"name":"wp","href":"https:\/\/api.w.org\/{rel}","templated":true}]}}