{"id":746779,"date":"2025-08-28T02:50:35","date_gmt":"2025-08-27T23:50:35","guid":{"rendered":"https:\/\/roveyayinevi.com.tr\/index.php\/urun\/cilli-begonya-ciltli\/"},"modified":"2026-04-16T02:59:02","modified_gmt":"2026-04-15T23:59:02","slug":"cilli-begonya-ciltli","status":"publish","type":"product","link":"https:\/\/roveyayinevi.com.tr\/index.php\/urun\/cilli-begonya-ciltli\/","title":{"rendered":"\u00c7illi Begonya (Ciltli)"},"content":{"rendered":"<p>\u00c7illi Begonya \u00e7illerinden bir an evvel kurtulmak istiyor. Bunun i\u00e7in boya kalemleri de d\u00e2hil her \u015feyi deniyor. Ama nafile. \u00c7illeri bana m\u0131s\u0131n demiyor. \u00c7illeri kaybolmad\u0131\u011f\u0131na g\u00f6re geriye yapacak bir tek \u015fey kal\u0131yor\u2026 \u00dcnl\u00fc oyuncu Jualianne Moore&#8217;un kendi \u00e7ocukluk deneyimlerinden ilham alarak yazd\u0131\u011f\u0131, \u00f6d\u00fcll\u00fc \u00e7izer LeUyen Pham&#8217;\u0131n birbirinden e\u011flenceli resimlerle s\u00fcsledi\u011fi \u00c7illi Begonya, bizi biz yapan \u015feyleri sevmek \u00fczerine evrensel bir hik\u00e2ye. <\/p>\n","protected":false},"excerpt":{"rendered":"<p>\u00c7illi Begonya \u00e7illerinden bir an evvel kurtulmak istiyor. Bunun i\u00e7in boya kalemleri de d\u00e2hil her \u015feyi deniyor. Ama nafile. \u00c7illeri bana m\u0131s\u0131n demiyor. \u00c7illeri kaybolmad\u0131\u011f\u0131na g\u00f6re<span class=\"excerpt-hellip\"> [\u2026]<\/span><\/p>\n","protected":false},"featured_media":0,"template":"","meta":{"_monsterinsights_skip_tracking":false,"_monsterinsights_sitenote_active":false,"_monsterinsights_sitenote_note":"","_monsterinsights_sitenote_category":0},"product_brand":[],"product_cat":[12274,12284],"product_tag":[],"class_list":{"0":"post-746779","1":"product","2":"type-product","3":"status-publish","5":"product_cat-cocuk-ve-genclik-kitaplari","6":"product_cat-hikayeler","7":"pa_cilt-ciltli","8":"pa_tur-kitap","9":"pa_yayinevi-beyaz-balina-yayinlari","10":"pa_yazar-julianne-moore","12":"first","13":"instock","14":"sale","15":"shipping-taxable","16":"purchasable","17":"product-type-simple"},"_links":{"self":[{"href":"https:\/\/roveyayinevi.com.tr\/index.php\/wp-json\/wp\/v2\/product\/746779","targetHints":{"allow":["GET"]}}],"collection":[{"href":"https:\/\/roveyayinevi.com.tr\/index.php\/wp-json\/wp\/v2\/product"}],"about":[{"href":"https:\/\/roveyayinevi.com.tr\/index.php\/wp-json\/wp\/v2\/types\/product"}],"wp:attachment":[{"href":"https:\/\/roveyayinevi.com.tr\/index.php\/wp-json\/wp\/v2\/media?parent=746779"}],"wp:term":[{"taxonomy":"product_brand","embeddable":true,"href":"https:\/\/roveyayinevi.com.tr\/index.php\/wp-json\/wp\/v2\/product_brand?post=746779"},{"taxonomy":"product_cat","embeddable":true,"href":"https:\/\/roveyayinevi.com.tr\/index.php\/wp-json\/wp\/v2\/product_cat?post=746779"},{"taxonomy":"product_tag","embeddable":true,"href":"https:\/\/roveyayinevi.com.tr\/index.php\/wp-json\/wp\/v2\/product_tag?post=746779"}],"curies":[{"name":"wp","href":"https:\/\/api.w.org\/{rel}","templated":true}]}}