{"id":746778,"date":"2025-08-28T02:50:34","date_gmt":"2025-08-27T23:50:34","guid":{"rendered":"https:\/\/roveyayinevi.com.tr\/index.php\/urun\/ogul-sen-sen-ol\/"},"modified":"2026-04-16T02:59:02","modified_gmt":"2026-04-15T23:59:02","slug":"ogul-sen-sen-ol","status":"publish","type":"product","link":"https:\/\/roveyayinevi.com.tr\/index.php\/urun\/ogul-sen-sen-ol\/","title":{"rendered":"O\u011ful Sen Sen Ol"},"content":{"rendered":"<p>Nasihatn\u00e2melerin unutulmaya y\u00fcz tuttu\u011fu; \u201ci\u015f tutma\u201dn\u0131n, \u201cki\u015fisel geli\u015fim\u201din ya da ba\u015far\u0131n\u0131n yollar\u0131n\u0131n daha ziyade pragmatik sebeplerle \u00f6\u011frenilmek istendi\u011fi g\u00fcn\u00fcm\u00fczde genelde kadim bilgeli\u011fin, \u00f6zelde ise T\u00fcrk-\u0130slam k\u00fclt\u00fcr\u00fcn\u00fcn i\u00e7inde geli\u015fen k\u0131ssa, tarih\u00ee hik\u00e2ye, menk\u0131be aktar\u0131m\u0131n\u0131 tekrar hat\u0131rlamaya ve hat\u0131rlatmaya ihtiya\u00e7 duyuyoruz. Bu g\u00f6rev ise belki de en \u00e7ok, bu k\u00fclt\u00fcr\u00fc k\u0131y\u0131s\u0131ndan yakalam\u0131\u015f, \u00e7ocukluklar\u0131nda b\u00fcy\u00fcklerinin etraf\u0131nda toplanarak onlardan dinledikleri yahut k\u00fct\u00fcphanelerinde denk geldikleri \u0130mam Gazz\u00e2l\u00ee\u2019nin Ey O\u011ful\u2019undan nasiplenebilmi\u015f, Mesnev\u00ee, Att\u00e2r\u2019dan menk\u0131beler, Dede Korkut\u2019tan hik\u00e2yeler, Beydeb\u00e2\u2019dan Kel\u00eele ve Dimne dinlemi\u015f; kula\u011f\u0131na Kutadgu Bilig\u2019den \u00f6\u011fretiler \u00e7al\u0131nm\u0131\u015f, Atebet\u00fc\u2019l-Hak\u00e2y\u0131k\u2019\u0131n fark\u0131nda olan bir nesle d\u00fc\u015f\u00fcyor. \u0130\u015fte Bilal Kemikli, O\u011ful, Sen Sen Ol\u2019da \u00e7ocuklar\u0131ndan ayr\u0131 kald\u0131\u011f\u0131 ve idareci oldu\u011fu bir d\u00f6nemde y\u00fcre\u011findeki hasret duygusuyla ve idarecilerin genel olarak d\u00fc\u015ft\u00fckleri pragmatizm hatas\u0131n\u0131 g\u00f6zlemleyerek \u00f6\u011frencilerin, gen\u00e7lerin ve bu k\u00fclt\u00fcrden uzak kalanlar\u0131n oda\u011f\u0131nda, Peygamber Efendimizin(sav) \u201cDin nasihattir,\u201d d\u00fcsturu ile bir t\u00fcr \u201cpendn\u00e2me\u201d haz\u0131rlayarak bu gelene\u011fin izini s\u00fcr\u00fcyor. Oda\u011f\u0131nda hem gen\u00e7ler hem de ebeveynler olan bu eser, didaktik bir tecr\u00fcbe aktar\u0131m\u0131ndan ziyade, Kemikli\u2019nin latif dili ve zarif T\u00fcrk\u00e7esi ile okuruna ge\u00e7mi\u015ften g\u00fcn\u00fcm\u00fcze muhabbetli bir sohbet meclisi a\u00e7\u0131yor.<\/p>\n","protected":false},"excerpt":{"rendered":"<p>Nasihatn\u00e2melerin unutulmaya y\u00fcz tuttu\u011fu; \u201ci\u015f tutma\u201dn\u0131n, \u201cki\u015fisel geli\u015fim\u201din ya da ba\u015far\u0131n\u0131n yollar\u0131n\u0131n daha ziyade pragmatik sebeplerle \u00f6\u011frenilmek istendi\u011fi g\u00fcn\u00fcm\u00fczde genelde kadim bilgeli\u011fin, \u00f6zelde ise T\u00fcrk-\u0130slam k\u00fclt\u00fcr\u00fcn\u00fcn<span class=\"excerpt-hellip\"> [\u2026]<\/span><\/p>\n","protected":false},"featured_media":0,"template":"","meta":{"_monsterinsights_skip_tracking":false,"_monsterinsights_sitenote_active":false,"_monsterinsights_sitenote_note":"","_monsterinsights_sitenote_category":0},"product_brand":[],"product_cat":[12718,12719,15238],"product_tag":[],"class_list":{"0":"post-746778","1":"product","2":"type-product","3":"status-publish","5":"product_cat-din","6":"product_cat-islam","7":"product_cat-tasavvuf","8":"pa_cilt-ciltsiz","9":"pa_tur-kitap","10":"pa_yayinevi-sufi-kitap","11":"pa_yazar-bilal-kemikli","13":"first","14":"instock","15":"sale","16":"shipping-taxable","17":"purchasable","18":"product-type-simple"},"_links":{"self":[{"href":"https:\/\/roveyayinevi.com.tr\/index.php\/wp-json\/wp\/v2\/product\/746778","targetHints":{"allow":["GET"]}}],"collection":[{"href":"https:\/\/roveyayinevi.com.tr\/index.php\/wp-json\/wp\/v2\/product"}],"about":[{"href":"https:\/\/roveyayinevi.com.tr\/index.php\/wp-json\/wp\/v2\/types\/product"}],"wp:attachment":[{"href":"https:\/\/roveyayinevi.com.tr\/index.php\/wp-json\/wp\/v2\/media?parent=746778"}],"wp:term":[{"taxonomy":"product_brand","embeddable":true,"href":"https:\/\/roveyayinevi.com.tr\/index.php\/wp-json\/wp\/v2\/product_brand?post=746778"},{"taxonomy":"product_cat","embeddable":true,"href":"https:\/\/roveyayinevi.com.tr\/index.php\/wp-json\/wp\/v2\/product_cat?post=746778"},{"taxonomy":"product_tag","embeddable":true,"href":"https:\/\/roveyayinevi.com.tr\/index.php\/wp-json\/wp\/v2\/product_tag?post=746778"}],"curies":[{"name":"wp","href":"https:\/\/api.w.org\/{rel}","templated":true}]}}