{"id":746777,"date":"2025-08-28T02:50:33","date_gmt":"2025-08-27T23:50:33","guid":{"rendered":"https:\/\/roveyayinevi.com.tr\/index.php\/urun\/halifenin-ruyalari\/"},"modified":"2026-04-16T02:59:02","modified_gmt":"2026-04-15T23:59:02","slug":"halifenin-ruyalari","status":"publish","type":"product","link":"https:\/\/roveyayinevi.com.tr\/index.php\/urun\/halifenin-ruyalari\/","title":{"rendered":"Halifenin R\u00fcyalar\u0131"},"content":{"rendered":"<p>Pek \u00e7ok insan \u00f6mr\u00fcn\u00fcn \u00fc\u00e7te birini uykuda ge\u00e7irir ve uyurken de \u00e7o\u011fu kere r\u00fcya g\u00f6r\u00fcrler. R\u00fcyalar\u0131n ger\u00e7ekli\u011finden \u015f\u00fcphe etmek, \u0130slam d\u00fcnyas\u0131 i\u00e7in m\u00fcmk\u00fcn de\u011fildir. \u00c7\u00fcnk\u00fc M\u00fcsl\u00fcmanlar, g\u00f6z\u00fcm\u00fcz\u00fcn g\u00f6rd\u00fc\u011f\u00fc d\u00fcnya ile manevi d\u00fcnya aras\u0131ndaki kopmaz ba\u011f\u0131n fark\u0131ndad\u0131r. \u0130kisi aras\u0131na keskin bir s\u0131n\u0131r koymazlar; d\u00fcnya hayat\u0131ndan daha y\u00fcksek olan o \u00e2lemi nas\u0131l tan\u0131mlarlarsa tan\u0131mlas\u0131nlar, buna ister d\u00fcnyan\u0131n ba\u015flang\u0131c\u0131ndan itibaren olacak olan her \u015feyin; insan akl\u0131n\u0131n anlayamad\u0131\u011f\u0131 harflerle \u00fczerine yaz\u0131l\u0131 oldu\u011fu Levh-i Mahf\u00fbz desinler, ister e\u015fyan\u0131n asl\u0131n\u0131n yer ald\u0131\u011f\u0131 ara d\u00fcnya olan \u00e2lem-i misal ad\u0131n\u0131 versinler, bu insanlar i\u00e7in r\u00fcyada olan \u015fey, o y\u00fcksek \u00e2lemde \u00f6nceden kararla\u015ft\u0131r\u0131lm\u0131\u015f olanlardan ba\u015fka bir \u015fey de\u011fildir. Duyusal olmayan\u0131n d\u00fcnyas\u0131 da insanlar\u0131n g\u00f6z\u00fcn\u00fcn \u00f6n\u00fcnde duran, herkes\u00e7e g\u00f6r\u00fclebilen d\u00fcnya kadar ger\u00e7ektir. \u0130slam tasavvufu \u00fczerine yapt\u0131\u011f\u0131 \u00f6nemli \u00e7al\u0131\u015fmalarla d\u00fcnya \u00e7ap\u0131nda b\u00fcy\u00fck bir \u015f\u00f6hrete sahip Annemarie Schimmel\u2019in bu kapsaml\u0131 monografisi; \u0130slam\u2019da r\u00fcyan\u0131n mahiyeti, anlam\u0131, konumu ve tarihi \u00fczerine yap\u0131lm\u0131\u015f en ayd\u0131nlat\u0131c\u0131 \u00e7al\u0131\u015fmalar\u0131ndan biridir. <\/p>\n","protected":false},"excerpt":{"rendered":"<p>Pek \u00e7ok insan \u00f6mr\u00fcn\u00fcn \u00fc\u00e7te birini uykuda ge\u00e7irir ve uyurken de \u00e7o\u011fu kere r\u00fcya g\u00f6r\u00fcrler. R\u00fcyalar\u0131n ger\u00e7ekli\u011finden \u015f\u00fcphe etmek, \u0130slam d\u00fcnyas\u0131 i\u00e7in m\u00fcmk\u00fcn de\u011fildir. \u00c7\u00fcnk\u00fc M\u00fcsl\u00fcmanlar,<span class=\"excerpt-hellip\"> [\u2026]<\/span><\/p>\n","protected":false},"featured_media":0,"template":"","meta":{"_monsterinsights_skip_tracking":false,"_monsterinsights_sitenote_active":false,"_monsterinsights_sitenote_note":"","_monsterinsights_sitenote_category":0},"product_brand":[],"product_cat":[12718,12719,15238],"product_tag":[],"class_list":{"0":"post-746777","1":"product","2":"type-product","3":"status-publish","5":"product_cat-din","6":"product_cat-islam","7":"product_cat-tasavvuf","8":"pa_cilt-ciltsiz","9":"pa_tur-kitap","10":"pa_yayinevi-sufi-kitap","11":"pa_yazar-annemarie-schimmel","13":"first","14":"instock","15":"sale","16":"shipping-taxable","17":"purchasable","18":"product-type-simple"},"_links":{"self":[{"href":"https:\/\/roveyayinevi.com.tr\/index.php\/wp-json\/wp\/v2\/product\/746777","targetHints":{"allow":["GET"]}}],"collection":[{"href":"https:\/\/roveyayinevi.com.tr\/index.php\/wp-json\/wp\/v2\/product"}],"about":[{"href":"https:\/\/roveyayinevi.com.tr\/index.php\/wp-json\/wp\/v2\/types\/product"}],"wp:attachment":[{"href":"https:\/\/roveyayinevi.com.tr\/index.php\/wp-json\/wp\/v2\/media?parent=746777"}],"wp:term":[{"taxonomy":"product_brand","embeddable":true,"href":"https:\/\/roveyayinevi.com.tr\/index.php\/wp-json\/wp\/v2\/product_brand?post=746777"},{"taxonomy":"product_cat","embeddable":true,"href":"https:\/\/roveyayinevi.com.tr\/index.php\/wp-json\/wp\/v2\/product_cat?post=746777"},{"taxonomy":"product_tag","embeddable":true,"href":"https:\/\/roveyayinevi.com.tr\/index.php\/wp-json\/wp\/v2\/product_tag?post=746777"}],"curies":[{"name":"wp","href":"https:\/\/api.w.org\/{rel}","templated":true}]}}