{"id":746776,"date":"2025-08-28T02:50:32","date_gmt":"2025-08-27T23:50:32","guid":{"rendered":"https:\/\/roveyayinevi.com.tr\/index.php\/urun\/sultan-iii-ahmed\/"},"modified":"2026-04-16T02:59:02","modified_gmt":"2026-04-15T23:59:02","slug":"sultan-iii-ahmed","status":"publish","type":"product","link":"https:\/\/roveyayinevi.com.tr\/index.php\/urun\/sultan-iii-ahmed\/","title":{"rendered":"Sultan III. Ahmed"},"content":{"rendered":"<p>18. y\u00fczy\u0131l\u0131n ba\u015f\u0131ndan itibaren 27 y\u0131l\u0131 a\u015fk\u0131n saltanat s\u00fcren III. Ahmed&#8217;in (1703-1730) \u015fehzadelik ve saltanat y\u0131llar\u0131, Osmanl\u0131 saray\u0131ndaki padi\u015fah merkezli g\u00fcnl\u00fck hayat\u0131 ve patronaj ili\u015fkilerini yar\u0131m as\u0131rl\u0131k bir zaman aral\u0131\u011f\u0131nda g\u00f6stermesi bak\u0131m\u0131ndan \u00f6nemlidir. Sultan\u2019\u0131n hayat\u0131ndaki de\u011fi\u015fim ve devaml\u0131l\u0131k trendlerinin pe\u015fine d\u00fc\u015f\u00fcld\u00fc\u011f\u00fcnde ise saltanat\u0131n\u0131n son 12 y\u0131l\u0131na tekab\u00fcl eden Lale Devri\u2019ne has unsurlar\u0131n hakikaten bu devre \u00f6zel olup olmad\u0131\u011f\u0131 sorusu meydana \u00e7\u0131kar. Zira III. Ahmed\u2019in ya\u015fam tarz\u0131 ve muhitini etrafl\u0131ca incelemeden ne Nev\u015fehirli Damad \u0130brahim Pa\u015fa devri hadiselerini yorumlamak, ne padi\u015fah\u0131n muhalifleriyle ili\u015fkilerine dair tespitlerde bulunmak, ne de y\u00f6neticilerin g\u00fcnl\u00fck ya\u015fant\u0131s\u0131n\u0131 anlamak m\u00fcmk\u00fcnd\u00fcr.Elinizdeki eser, tam da bu motivasyon ile Osmanl\u0131 padi\u015fahlar\u0131n\u0131n \u201cki\u015fi\u201d eksenli ele al\u0131nd\u0131\u011f\u0131 m\u00fcstakil \u00e7al\u0131\u015fmalara ait literat\u00fcre katk\u0131 sa\u011flamay\u0131 hedeflemektedir. III. Ahmed\u2019in hemen hemen her konudaki tutumunda, y\u00f6nelimlerinde ve tercihlerinde de\u011fi\u015fim ve devaml\u0131l\u0131k unsurlar\u0131n\u0131 tespit eden \u015eaduman Tuncer yaln\u0131zca padi\u015fah\u0131n hayat\u0131n\u0131 de\u011fil bir devrin biyografisini kaleme alm\u0131\u015ft\u0131r. III. Ahmed\u2019in yeti\u015fti\u011fi muhit, \u015fehzadelik y\u0131llar\u0131 ve ona taht yolunu a\u00e7an olaylar, 1703\u2019te kanl\u0131 bir isyanla ba\u015flayan 27 y\u0131ll\u0131k saltanat\u0131, yak\u0131n \u00e7evresinde siyaseti y\u00f6nlendirici g\u00fcce sahip olan fig\u00fcrler, g\u00fcnl\u00fck hayat pratikleri, ya\u015fam alanlar\u0131, e\u011flence dinamikleri, bireysel ilgileri, rutinleri, merasimlere kat\u0131l\u0131m\u0131, \u201caile\u201d \u00e7evresi, kalabal\u0131k haremindeki kad\u0131nlar ve \u00e7ocuklar, hanedan \u00fcyeleriyle ili\u015fkileri gibi konular hakk\u0131nda etrafl\u0131ca tespitlerin bulundu\u011fu Sultan III. Ahmed, \u015eaduman Tuncer\u2019in kalemiyle bug\u00fcne kadar yap\u0131lan \u00e7al\u0131\u015fmalar aras\u0131nda en kapsaml\u0131 III. Ahmed biyografisi olma \u00f6zelli\u011fi ta\u015f\u0131makta ve bu anlamda literat\u00fcrde b\u00fcy\u00fck bir bo\u015flu\u011fu doldurmaktad\u0131r.<\/p>\n","protected":false},"excerpt":{"rendered":"<p>18. y\u00fczy\u0131l\u0131n ba\u015f\u0131ndan itibaren 27 y\u0131l\u0131 a\u015fk\u0131n saltanat s\u00fcren III. Ahmed&#8217;in (1703-1730) \u015fehzadelik ve saltanat y\u0131llar\u0131, Osmanl\u0131 saray\u0131ndaki padi\u015fah merkezli g\u00fcnl\u00fck hayat\u0131 ve patronaj ili\u015fkilerini yar\u0131m<span class=\"excerpt-hellip\"> [\u2026]<\/span><\/p>\n","protected":false},"featured_media":0,"template":"","meta":{"_monsterinsights_skip_tracking":false,"_monsterinsights_sitenote_active":false,"_monsterinsights_sitenote_note":"","_monsterinsights_sitenote_category":0},"product_brand":[],"product_cat":[13946,12304],"product_tag":[],"class_list":{"0":"post-746776","1":"product","2":"type-product","3":"status-publish","5":"product_cat-biyografi-otobiyografi","6":"product_cat-tarih","7":"pa_cilt-ciltsiz","8":"pa_tur-kitap","9":"pa_yayinevi-timas-akademi-yayinlari","10":"pa_yazar-saduman-tuncer","12":"first","13":"instock","14":"sale","15":"shipping-taxable","16":"purchasable","17":"product-type-simple"},"_links":{"self":[{"href":"https:\/\/roveyayinevi.com.tr\/index.php\/wp-json\/wp\/v2\/product\/746776","targetHints":{"allow":["GET"]}}],"collection":[{"href":"https:\/\/roveyayinevi.com.tr\/index.php\/wp-json\/wp\/v2\/product"}],"about":[{"href":"https:\/\/roveyayinevi.com.tr\/index.php\/wp-json\/wp\/v2\/types\/product"}],"wp:attachment":[{"href":"https:\/\/roveyayinevi.com.tr\/index.php\/wp-json\/wp\/v2\/media?parent=746776"}],"wp:term":[{"taxonomy":"product_brand","embeddable":true,"href":"https:\/\/roveyayinevi.com.tr\/index.php\/wp-json\/wp\/v2\/product_brand?post=746776"},{"taxonomy":"product_cat","embeddable":true,"href":"https:\/\/roveyayinevi.com.tr\/index.php\/wp-json\/wp\/v2\/product_cat?post=746776"},{"taxonomy":"product_tag","embeddable":true,"href":"https:\/\/roveyayinevi.com.tr\/index.php\/wp-json\/wp\/v2\/product_tag?post=746776"}],"curies":[{"name":"wp","href":"https:\/\/api.w.org\/{rel}","templated":true}]}}