{"id":746773,"date":"2025-08-28T02:50:28","date_gmt":"2025-08-27T23:50:28","guid":{"rendered":"https:\/\/roveyayinevi.com.tr\/index.php\/urun\/yazarin-yol-haritasi\/"},"modified":"2026-04-16T02:59:02","modified_gmt":"2026-04-15T23:59:02","slug":"yazarin-yol-haritasi","status":"publish","type":"product","link":"https:\/\/roveyayinevi.com.tr\/index.php\/urun\/yazarin-yol-haritasi\/","title":{"rendered":"Yazar\u0131n Yol Haritas\u0131"},"content":{"rendered":"<p>D\u00fcnyan\u0131n en prestijli edebiyat dergilerinden The Paris Review\u2019da yay\u0131mlanan r\u00f6portaj se\u00e7kileri Yazar\u0131n Odas\u0131 1 ve 2\u2019nin ard\u0131ndan Yazar\u0131n Yol Haritas\u0131\u2019yla \u00e7a\u011fda\u015f d\u00fcnya edebiyat\u0131n\u0131n \u00f6nemli isimlerinin yazma eylemiyle ve edebiyatla \u015fekillenen d\u00fcnyalar\u0131na konuk oluyoruz.  Bu derleme tematik ba\u015fl\u0131kland\u0131rmas\u0131yla Italo Calvino, Ursula K. Le Guin, Jorge Luis Borges, Simone de Beauvoir, Carlos Fuentes, Julian Barnes, Elena Ferrante gibi pek \u00e7ok yazar\u0131n yazmaya nas\u0131l ba\u015flad\u0131\u011f\u0131na, \u00e7al\u0131\u015fma al\u0131\u015fkanl\u0131klar\u0131na, kulland\u0131\u011f\u0131 y\u00f6ntemlere, edit\u00f6rler, okurlar ve yazarlarla ili\u015fkisine ve farkl\u0131 yaz\u0131n t\u00fcrlerine yakla\u015f\u0131mlar\u0131na dair d\u00fc\u015f\u00fcncelerini i\u00e7eriyor. Teknik meselelerden politikan\u0131n edebiyattaki rol\u00fcne, yazarlar aras\u0131 arkada\u015fl\u0131klardan ideal okur tan\u0131mlamas\u0131na kadar pek \u00e7ok meseleyi masaya yat\u0131r\u0131yor. Yazar\u0131n Yol Haritas\u0131, yazar adaylar\u0131, yazma eylemine merakl\u0131 okurlar ve t\u00fcm edebiyatseverler i\u00e7in ilham verici bir ba\u015fucu kitab\u0131 ve edebiyat \u015f\u00f6leni\u2026Nicole Rudick&#8217;in \u00f6ns\u00f6z\u00fcnden:\u201cOkur, \u2018Yazar\u0131n Yol Haritas\u0131\u2019n\u0131n amac\u0131 ne?\u2019 diye sorabilir. [\u2026]Bir okur yazarlar\u0131n eserlerine nas\u0131l isim buldu\u011funu, eserlerini nas\u0131l d\u00fczeltti\u011fini ya da yazamad\u0131klar\u0131nda ne yapt\u0131klar\u0131n\u0131 \u00f6\u011frenmek isterse, \u00e7ok zor bir i\u015fe giri\u015fmesi gerekir. Bu kitap, t\u00fcm bu sorular\u0131 ve daha fazlas\u0131n\u0131 temalar\u0131na uygun ba\u015fl\u0131klara ay\u0131r\u0131p her t\u00fcrl\u00fc yazar\u0131n g\u00f6r\u00fc\u015flerinden, g\u00f6zlemlerinden ve tavsiyelerinden \u00f6rnekleri bir araya getiriyor.\u201d \u201cGizli cevherlerle dolu, edebiyata dair muhte\u015fem bir derleme.\u201d \u2013Guardian\u201cYazarlar nas\u0131l \u00e7al\u0131\u015f\u0131yor ve edebiyat nas\u0131l h\u00e2l\u00e2 var olmaya devam ediyor diye merak edenler i\u00e7in vazge\u00e7ilmez bir kaynak.\u201d \u2013Daily Telegraph\u201cBu r\u00f6portajlar, edebiyatla ilgilenen her okur ve yazar\u0131n vazge\u00e7ilmezi olacak. \u0130lham verici&#8230;\u201d \u2013Times Literary Supplement<\/p>\n","protected":false},"excerpt":{"rendered":"<p>D\u00fcnyan\u0131n en prestijli edebiyat dergilerinden The Paris Review\u2019da yay\u0131mlanan r\u00f6portaj se\u00e7kileri Yazar\u0131n Odas\u0131 1 ve 2\u2019nin ard\u0131ndan Yazar\u0131n Yol Haritas\u0131\u2019yla \u00e7a\u011fda\u015f d\u00fcnya edebiyat\u0131n\u0131n \u00f6nemli isimlerinin yazma<span class=\"excerpt-hellip\"> [\u2026]<\/span><\/p>\n","protected":false},"featured_media":0,"template":"","meta":{"_monsterinsights_skip_tracking":false,"_monsterinsights_sitenote_active":false,"_monsterinsights_sitenote_note":"","_monsterinsights_sitenote_category":0},"product_brand":[],"product_cat":[12291,30969],"product_tag":[],"class_list":{"0":"post-746773","1":"product","2":"type-product","3":"status-publish","5":"product_cat-edebiyat","6":"product_cat-soylesi-edebiyat","7":"pa_cilt-ciltsiz","8":"pa_tur-kitap","9":"pa_yayinevi-timas-yayinlari","10":"pa_yazar-kolektif","12":"first","13":"instock","14":"sale","15":"shipping-taxable","16":"purchasable","17":"product-type-simple"},"_links":{"self":[{"href":"https:\/\/roveyayinevi.com.tr\/index.php\/wp-json\/wp\/v2\/product\/746773","targetHints":{"allow":["GET"]}}],"collection":[{"href":"https:\/\/roveyayinevi.com.tr\/index.php\/wp-json\/wp\/v2\/product"}],"about":[{"href":"https:\/\/roveyayinevi.com.tr\/index.php\/wp-json\/wp\/v2\/types\/product"}],"wp:attachment":[{"href":"https:\/\/roveyayinevi.com.tr\/index.php\/wp-json\/wp\/v2\/media?parent=746773"}],"wp:term":[{"taxonomy":"product_brand","embeddable":true,"href":"https:\/\/roveyayinevi.com.tr\/index.php\/wp-json\/wp\/v2\/product_brand?post=746773"},{"taxonomy":"product_cat","embeddable":true,"href":"https:\/\/roveyayinevi.com.tr\/index.php\/wp-json\/wp\/v2\/product_cat?post=746773"},{"taxonomy":"product_tag","embeddable":true,"href":"https:\/\/roveyayinevi.com.tr\/index.php\/wp-json\/wp\/v2\/product_tag?post=746773"}],"curies":[{"name":"wp","href":"https:\/\/api.w.org\/{rel}","templated":true}]}}