{"id":746772,"date":"2025-08-28T02:50:27","date_gmt":"2025-08-27T23:50:27","guid":{"rendered":"https:\/\/roveyayinevi.com.tr\/index.php\/urun\/insanin-huzur-arayisi\/"},"modified":"2026-04-08T03:06:12","modified_gmt":"2026-04-08T00:06:12","slug":"insanin-huzur-arayisi","status":"publish","type":"product","link":"https:\/\/roveyayinevi.com.tr\/index.php\/urun\/insanin-huzur-arayisi\/","title":{"rendered":"\u0130nsan\u0131n Huzur Aray\u0131\u015f\u0131"},"content":{"rendered":"<p>Mutluluk \u00fczerine yap\u0131lan ara\u015ft\u0131rmalar son zamanlarda hi\u00e7 olmad\u0131\u011f\u0131 kadar \u00e7o\u011falm\u0131\u015f durumda. \u0130nsanlar her f\u0131rsatta mutluluk denilen \u015feyi tatmak ve bunu kal\u0131c\u0131 hale getirmek istiyor. \u00c7o\u011fu insan da ac\u0131lar\u0131, zorluklar\u0131, engelleri, olumsuzluklar\u0131 hayat\u0131n\u0131n d\u0131\u015f\u0131nda tutarak b\u00fcy\u00fck mutluluk \u00f6d\u00fcl\u00fcne ula\u015fman\u0131n pe\u015finde. B\u00fct\u00fcn bu \u00e7abaya ra\u011fmen mutlu de\u011filiz ve ruhsal patolojilerimiz giderek \u00e7o\u011fal\u0131yor. Psikiyatri kitaplar\u0131na s\u00fcrekli yeni psikolojik rahats\u0131zl\u0131klar ekleniyor. Depresyon, kayg\u0131, yeme bozukluklar\u0131, intiharlar, ba\u011f\u0131ml\u0131l\u0131k, cinsel sorunlar, alkolizm, yaln\u0131zl\u0131k, d\u00fc\u015f\u00fck benlik sayg\u0131s\u0131, kumar ba\u011f\u0131ml\u0131l\u0131\u011f\u0131 gibi sorunlar hi\u00e7 olmad\u0131\u011f\u0131 kadar fazla ve h\u0131zla artmaya devam ediyor. Mutluluk meselesi s\u00f6z konusu olunca yanl\u0131\u015f yerde yanl\u0131\u015f \u015feyi aramak, insan\u0131n trajedisini derinle\u015ftiriyor sadece. Sahip oldu\u011fu hi\u00e7bir \u015feyle yetinmeyen insan can s\u0131k\u0131nt\u0131s\u0131n\u0131n, \u00e7aresizli\u011fin, umutsuzlu\u011fun pen\u00e7esine d\u00fc\u015f\u00fcyor.Oysa b\u00fct\u00fcn zorluklara, ac\u0131 ve imtihanlara ra\u011fmen g\u00fczele ula\u015fmak, iyi hissetmek m\u00fcmk\u00fcn. \u0130htiya\u00e7 duydu\u011fumuz, arad\u0131\u011f\u0131m\u0131z \u015fey hazza dayanan hedonik bir mutluluk de\u011fil; sakinli\u011fe, dinginli\u011fe, kabullenmeye dayanan bir i\u00e7 huzurudur. Mutlulu\u011fu de\u011fil, huzuru aramam\u0131z gerekiyor asl\u0131nda.Do\u00e7. Dr. Ferhat Karda\u015f\u2019tan al\u0131\u015f\u0131lm\u0131\u015f \u00f6rneklerden farkl\u0131, mutluluk ve huzur aray\u0131\u015f\u0131n\u0131 oda\u011f\u0131na alan de\u011ferli bir \u00e7al\u0131\u015fma \u0130nsan\u0131n Huzur Aray\u0131\u015f\u0131&#8230;<\/p>\n","protected":false},"excerpt":{"rendered":"<p>Mutluluk \u00fczerine yap\u0131lan ara\u015ft\u0131rmalar son zamanlarda hi\u00e7 olmad\u0131\u011f\u0131 kadar \u00e7o\u011falm\u0131\u015f durumda. \u0130nsanlar her f\u0131rsatta mutluluk denilen \u015feyi tatmak ve bunu kal\u0131c\u0131 hale getirmek istiyor. \u00c7o\u011fu insan<span class=\"excerpt-hellip\"> [\u2026]<\/span><\/p>\n","protected":false},"featured_media":0,"template":"","meta":{"_monsterinsights_skip_tracking":false,"_monsterinsights_sitenote_active":false,"_monsterinsights_sitenote_note":"","_monsterinsights_sitenote_category":0},"product_brand":[],"product_cat":[12364,12376],"product_tag":[],"class_list":{"0":"post-746772","1":"product","2":"type-product","3":"status-publish","5":"product_cat-genel-konular","6":"product_cat-kisisel-gelisim","7":"pa_cilt-ciltsiz","8":"pa_tur-kitap","9":"pa_yayinevi-timas-yayinlari","10":"pa_yazar-ferhat-kardas","12":"first","13":"instock","14":"sale","15":"shipping-taxable","16":"purchasable","17":"product-type-simple"},"_links":{"self":[{"href":"https:\/\/roveyayinevi.com.tr\/index.php\/wp-json\/wp\/v2\/product\/746772","targetHints":{"allow":["GET"]}}],"collection":[{"href":"https:\/\/roveyayinevi.com.tr\/index.php\/wp-json\/wp\/v2\/product"}],"about":[{"href":"https:\/\/roveyayinevi.com.tr\/index.php\/wp-json\/wp\/v2\/types\/product"}],"wp:attachment":[{"href":"https:\/\/roveyayinevi.com.tr\/index.php\/wp-json\/wp\/v2\/media?parent=746772"}],"wp:term":[{"taxonomy":"product_brand","embeddable":true,"href":"https:\/\/roveyayinevi.com.tr\/index.php\/wp-json\/wp\/v2\/product_brand?post=746772"},{"taxonomy":"product_cat","embeddable":true,"href":"https:\/\/roveyayinevi.com.tr\/index.php\/wp-json\/wp\/v2\/product_cat?post=746772"},{"taxonomy":"product_tag","embeddable":true,"href":"https:\/\/roveyayinevi.com.tr\/index.php\/wp-json\/wp\/v2\/product_tag?post=746772"}],"curies":[{"name":"wp","href":"https:\/\/api.w.org\/{rel}","templated":true}]}}