{"id":746771,"date":"2025-08-28T02:50:26","date_gmt":"2025-08-27T23:50:26","guid":{"rendered":"https:\/\/roveyayinevi.com.tr\/index.php\/urun\/emanet\/"},"modified":"2026-04-16T02:59:02","modified_gmt":"2026-04-15T23:59:02","slug":"emanet","status":"publish","type":"product","link":"https:\/\/roveyayinevi.com.tr\/index.php\/urun\/emanet\/","title":{"rendered":"Emanet"},"content":{"rendered":"<p>Mihnetten zevk almaya ba\u015flad\u0131n m\u0131, a\u015fk y\u00fcr\u00fcrm\u00fc\u015f damarlar\u0131nda bir yol bulup.\u0130lk kez a\u015fk\u0131n pe\u015finden gidiyordu, bilmeden.Yola \u00e7\u0131k\u0131\u015f hakikate ula\u015fmak i\u00e7in ilk ad\u0131md\u0131. En y\u00fckseklerdeydi i\u015fte&#8230;Biliyordu, daha da y\u00fckse\u011fi vard\u0131. Yerlerin ve g\u00f6klerin sahibine ula\u015fmak i\u00e7in bekliyordu. Bir melek kanad\u0131nda, bir su damlas\u0131nda, ad\u0131n\u0131 zikretmi\u015fti her vakit. Biliyordu, O kulunu hi\u00e7 b\u0131rakmazd\u0131. R\u00fczg\u00e2r\u0131n esintisi vurdu y\u00fcz\u00fcne, savrulan \u00f6rt\u00fcs\u00fcn\u00fc tekrar dolad\u0131 ba\u015f\u0131na ve o dem duydu en sevgilinin \u00e7a\u011fr\u0131s\u0131n\u0131 kulaklar\u0131nda. Yer sustu, g\u00f6k dinledi; ku\u015f oldu u\u00e7tu semaya&#8230; Dr. Asl\u0131 kendisini d\u00f6n\u00fc\u015ft\u00fcren ve hayat\u0131nda baz\u0131 k\u0131r\u0131lmalara yol a\u00e7an Kud\u00fcs yolculu\u011fundan sonra e\u015fiyle ve sosyal \u00e7evresiyle aras\u0131nda a\u00e7\u0131lan mesafenin etkisiyle yeni bir d\u00f6neme girmi\u015ftir. Ya\u015fad\u0131\u011f\u0131 derin kay\u0131p duygusuyla mesle\u011fini d\u00fcnyan\u0131n mazlum \u00e7ocuklar\u0131na hizmet etmek i\u00e7in kullanmaya karar verir ve bir yola \u00e7\u0131kar. Ancak \u00f6ncesinde sahibine teslim etmek istedi\u011fi bir emanet vard\u0131r.Hz. Eyy\u00fbb ve Hz. \u0130brahim makamlar\u0131na, Urfa\u2019n\u0131n manevi iklimine, Harran\u2019a ve hayat\u0131n\u0131n d\u00f6n\u00fcm noktas\u0131na do\u011fru giden yolculuk onu insano\u011flunun y\u00fcklendi\u011fi en b\u00fcy\u00fck emanetin bilgisine yakla\u015ft\u0131r\u0131r.<\/p>\n","protected":false},"excerpt":{"rendered":"<p>Mihnetten zevk almaya ba\u015flad\u0131n m\u0131, a\u015fk y\u00fcr\u00fcrm\u00fc\u015f damarlar\u0131nda bir yol bulup.\u0130lk kez a\u015fk\u0131n pe\u015finden gidiyordu, bilmeden.Yola \u00e7\u0131k\u0131\u015f hakikate ula\u015fmak i\u00e7in ilk ad\u0131md\u0131. En y\u00fckseklerdeydi i\u015fte&#8230;Biliyordu, daha<span class=\"excerpt-hellip\"> [\u2026]<\/span><\/p>\n","protected":false},"featured_media":0,"template":"","meta":{"_monsterinsights_skip_tracking":false,"_monsterinsights_sitenote_active":false,"_monsterinsights_sitenote_note":"","_monsterinsights_sitenote_category":0},"product_brand":[],"product_cat":[12291,12711],"product_tag":[],"class_list":{"0":"post-746771","1":"product","2":"type-product","3":"status-publish","5":"product_cat-edebiyat","6":"product_cat-roman-oyku","7":"pa_cilt-ciltsiz","8":"pa_tur-kitap","9":"pa_yayinevi-timas-yayinlari","10":"pa_yazar-nalan-guven","12":"first","13":"instock","14":"sale","15":"shipping-taxable","16":"purchasable","17":"product-type-simple"},"_links":{"self":[{"href":"https:\/\/roveyayinevi.com.tr\/index.php\/wp-json\/wp\/v2\/product\/746771","targetHints":{"allow":["GET"]}}],"collection":[{"href":"https:\/\/roveyayinevi.com.tr\/index.php\/wp-json\/wp\/v2\/product"}],"about":[{"href":"https:\/\/roveyayinevi.com.tr\/index.php\/wp-json\/wp\/v2\/types\/product"}],"wp:attachment":[{"href":"https:\/\/roveyayinevi.com.tr\/index.php\/wp-json\/wp\/v2\/media?parent=746771"}],"wp:term":[{"taxonomy":"product_brand","embeddable":true,"href":"https:\/\/roveyayinevi.com.tr\/index.php\/wp-json\/wp\/v2\/product_brand?post=746771"},{"taxonomy":"product_cat","embeddable":true,"href":"https:\/\/roveyayinevi.com.tr\/index.php\/wp-json\/wp\/v2\/product_cat?post=746771"},{"taxonomy":"product_tag","embeddable":true,"href":"https:\/\/roveyayinevi.com.tr\/index.php\/wp-json\/wp\/v2\/product_tag?post=746771"}],"curies":[{"name":"wp","href":"https:\/\/api.w.org\/{rel}","templated":true}]}}