{"id":746770,"date":"2025-08-28T02:50:24","date_gmt":"2025-08-27T23:50:24","guid":{"rendered":"https:\/\/roveyayinevi.com.tr\/index.php\/urun\/direnis-5\/"},"modified":"2026-04-08T03:06:12","modified_gmt":"2026-04-08T00:06:12","slug":"direnis-5","status":"publish","type":"product","link":"https:\/\/roveyayinevi.com.tr\/index.php\/urun\/direnis-5\/","title":{"rendered":"Direni\u015f"},"content":{"rendered":"<p>Abisine ithafen onun ve ailesinin hik\u00e2yesini kaleme alan anlat\u0131c\u0131 Sebasti\u00e1n, Arjantin sokaklar\u0131nda dola\u015f\u0131rken ge\u00e7mi\u015fe d\u00f6ner, k\u00f6klerinin pe\u015fine d\u00fc\u015fer. Anlat\u0131c\u0131n\u0131n annesi ve babas\u0131 t\u0131p e\u011fitimi alm\u0131\u015f ve 70\u2019lerde Arjantin\u2019de cunta d\u00f6nemini ya\u015fam\u0131\u015f devrim destekleyicileridir. Babas\u0131 i\u015fkence g\u00f6rm\u00fc\u015f bir Yahudi, annesiyse Katolik\u2019tir. Tedavide insani y\u00f6ntemleri geli\u015ftirmek i\u00e7in \u00e7al\u0131\u015fan bu iki psikanalist solun farkl\u0131 g\u00f6r\u00fc\u015flerini destekler: Baba silahlanmay\u0131 savunurken, anne silahs\u0131z m\u00fccadele taraftar\u0131d\u0131r. \u0130li\u015fkilerindeki ortak nokta cunta d\u00f6nemine dair ta\u015f\u0131d\u0131klar\u0131 korku ve travmad\u0131r. Arjantin\u2019de evlat edinecekleri yeni do\u011fmu\u015f bir bebek hik\u00e2yenin merkezine oturacak \u201cabi\u201dye d\u00f6n\u00fc\u015f\u00fcr. Bir karde\u015fin d\u00fcnyaya geli\u015fi ve Brezilya\u2019ya zorunlu g\u00f6\u00e7, aile i\u00e7in yeni k\u0131r\u0131lmalara sebep olacakt\u0131r.Direni\u015f, kimli\u011fin, aile ba\u011flar\u0131n\u0131n, s\u00fcrg\u00fcn\u00fcn alabilece\u011fi farkl\u0131 bi\u00e7imlerin; bir yere, bir aileye, kendi ge\u00e7mi\u015finize ait olman\u0131n ne anlama geldi\u011fine dair bir anlat\u0131. Jabuti Y\u0131l\u0131n Kitab\u0131 \u00d6d\u00fcl\u00fc 2016 (Brezilya), Jos\u00e9 Saramago Edebiyat \u00d6d\u00fcl\u00fc 2017 (Portekiz) ve Anna Seghers \u00d6d\u00fcl\u00fc 2018\u2019i (Almanya) kazanan Direni\u015f, Brezilya\u2019n\u0131n y\u00fckselen edebiyat y\u0131ld\u0131zlar\u0131ndan Juli\u00e1n Fuks\u2019un ola\u011fan\u00fcst\u00fc cesaretini ve becerisini sergiliyor.\u201cBu k\u00fc\u00e7\u00fck kitap b\u00fcy\u00fck bir etki yarat\u0131yor. Brezilya, Portekiz ve Almanya\u2019da prestijli \u00f6d\u00fcller kazand\u0131. Fuks, izlenmesi gereken gen\u00e7 bir yazar.\u201d \u2015The Guardian\u201cFuks\u2019un becerisi, alenen ya da dolayl\u0131 olarak sergilenen d\u0131\u015flanman\u0131n aile i\u00e7indeki deneyimi nas\u0131l \u015fekillendirdi\u011fini sessizce ke\u015ffetmesinde yat\u0131yor.\u201d \u2015New York Times\u201cEtkileyici, sars\u0131c\u0131 ve son derece derinlikli.\u201d \u2015Financial Times\u201cFuks\u2019un yap\u0131t\u0131, bi\u00e7im a\u00e7\u0131s\u0131ndan g\u00fc\u00e7l\u00fc bir meydan okuma. Bu, kimlik ve s\u00fcrg\u00fcn \u00fczerine d\u00fc\u015f\u00fcnd\u00fcr\u00fcc\u00fc bir roman.\u201d \u2015Publishers Weekly\u201cDireni\u015f okunmas\u0131 gereken, derin bir roman; aile, ev ve yerinden edilme \u00fczerine bir d\u00fc\u015f\u00fcnme bi\u00e7imi. Fuks, Arjantin\u2019den ka\u00e7t\u0131ktan sonra Brezilya\u2019da ya\u015fayan bir aileye odaklan\u0131yor. Brezilya\u2019n\u0131n asker\u00ee rejimden sonraki nesli hakk\u0131nda okudu\u011fum en iyi romanlardan biri. Fuks\u2019un yaz\u0131n\u0131 keskin ve insanc\u0131l, samimi ve lirik. \u00c7arp\u0131c\u0131 bir \u00e7al\u0131\u015fma.\u201d \u2015Mark Haber\u201cHer \u015feyiyle b\u00fcy\u00fcleyici.\u201d \u2015Irish Times\u201cHarikulade bir roman.\u201d \u2015Mia Couto\u201cSessiz bir ba\u015fyap\u0131t.\u201d \u2015Asymptote<\/p>\n","protected":false},"excerpt":{"rendered":"<p>Abisine ithafen onun ve ailesinin hik\u00e2yesini kaleme alan anlat\u0131c\u0131 Sebasti\u00e1n, Arjantin sokaklar\u0131nda dola\u015f\u0131rken ge\u00e7mi\u015fe d\u00f6ner, k\u00f6klerinin pe\u015fine d\u00fc\u015fer. Anlat\u0131c\u0131n\u0131n annesi ve babas\u0131 t\u0131p e\u011fitimi alm\u0131\u015f ve<span class=\"excerpt-hellip\"> [\u2026]<\/span><\/p>\n","protected":false},"featured_media":0,"template":"","meta":{"_monsterinsights_skip_tracking":false,"_monsterinsights_sitenote_active":false,"_monsterinsights_sitenote_note":"","_monsterinsights_sitenote_category":0},"product_brand":[],"product_cat":[12291,12711],"product_tag":[],"class_list":{"0":"post-746770","1":"product","2":"type-product","3":"status-publish","5":"product_cat-edebiyat","6":"product_cat-roman-oyku","7":"pa_cilt-ciltsiz","8":"pa_tur-kitap","9":"pa_yayinevi-timas-yayinlari","10":"pa_yazar-julian-fuks","12":"first","13":"instock","14":"sale","15":"shipping-taxable","16":"purchasable","17":"product-type-simple"},"_links":{"self":[{"href":"https:\/\/roveyayinevi.com.tr\/index.php\/wp-json\/wp\/v2\/product\/746770","targetHints":{"allow":["GET"]}}],"collection":[{"href":"https:\/\/roveyayinevi.com.tr\/index.php\/wp-json\/wp\/v2\/product"}],"about":[{"href":"https:\/\/roveyayinevi.com.tr\/index.php\/wp-json\/wp\/v2\/types\/product"}],"wp:attachment":[{"href":"https:\/\/roveyayinevi.com.tr\/index.php\/wp-json\/wp\/v2\/media?parent=746770"}],"wp:term":[{"taxonomy":"product_brand","embeddable":true,"href":"https:\/\/roveyayinevi.com.tr\/index.php\/wp-json\/wp\/v2\/product_brand?post=746770"},{"taxonomy":"product_cat","embeddable":true,"href":"https:\/\/roveyayinevi.com.tr\/index.php\/wp-json\/wp\/v2\/product_cat?post=746770"},{"taxonomy":"product_tag","embeddable":true,"href":"https:\/\/roveyayinevi.com.tr\/index.php\/wp-json\/wp\/v2\/product_tag?post=746770"}],"curies":[{"name":"wp","href":"https:\/\/api.w.org\/{rel}","templated":true}]}}