{"id":746769,"date":"2025-08-28T02:50:23","date_gmt":"2025-08-27T23:50:23","guid":{"rendered":"https:\/\/roveyayinevi.com.tr\/index.php\/urun\/bakara-suresi-sohbetleri\/"},"modified":"2026-04-16T02:59:02","modified_gmt":"2026-04-15T23:59:02","slug":"bakara-suresi-sohbetleri","status":"publish","type":"product","link":"https:\/\/roveyayinevi.com.tr\/index.php\/urun\/bakara-suresi-sohbetleri\/","title":{"rendered":"Bakara Suresi Sohbetleri"},"content":{"rendered":"<p>M\u00fcsl\u00fcman bir toplumda bile iman\u0131n azalmas\u0131 m\u00fcmk\u00fcn m\u00fcd\u00fcr?Bir nesilden sonrakine ge\u00e7tik\u00e7e Allah\u2019tan uzakla\u015fmak m\u00fcmk\u00fcn m\u00fcd\u00fcr?Gittik\u00e7e maneviyattan daha uzak, daha maddeci, daha gafil mi oluyoruz?Art\u0131k namazlarda a\u011flam\u0131yoruz, Kur\u2019\u00e2n okurken d\u00fc\u015f\u00fcnm\u00fcyoruz. Dualar\u0131m\u0131z bile bo\u015fald\u0131, ne anlama geldi\u011fini bile bilmedi\u011fimiz s\u00f6zler s\u00f6yleyip duruyoruz\u2026Peki nas\u0131l yeniden dirilebiliriz?\u0130\u015fte ayetler burada! Cevaplar burada!Allah\u2019\u0131n kelam\u0131na yeniden ba\u011flanmam\u0131z gerekiyor, Allah\u2019\u0131n kelam\u0131n\u0131 okurken derin derin d\u00fc\u015f\u00fcnmemiz gerekiyor. Her seferinde \u201cAllah benimle konu\u015fuyor\u201d ger\u00e7e\u011fini idrak etmemiz gerekiyor.Allah benimle konu\u015fuyor, Allah seninle konu\u015fuyor\u2026 Bu, hayatta alabilece\u011fimiz en m\u00fckemmel hediye!Nouman Ali Khan D\u00fcnyan\u0131n pek \u00e7ok \u00fclkesinde ilgiyle takip edilen, milyonlara ula\u015fan bir davet\u00e7i Nouman Ali Khan&#8230; Hedefi Kur\u2019an\u2019\u0131n anla\u015f\u0131lmas\u0131 ve hayata aktar\u0131lmas\u0131nda bir k\u00f6pr\u00fc vazifesi g\u00f6rmek. Bunun i\u00e7in yapt\u0131\u011f\u0131 Kur\u2019an \u00e7al\u0131\u015fmalar\u0131, Kur\u2019an dilinin kolayl\u0131kla anla\u015f\u0131lmas\u0131 i\u00e7in geli\u015ftirdi\u011fi metot d\u00fcnya \u00e7ap\u0131nda yank\u0131 buluyor. Her \u015feyden \u00f6nemlisi Kur\u2019an\u2019\u0131n mesaj\u0131n\u0131n d\u00fcnyan\u0131n d\u00f6rt bir k\u00f6\u015fesine ula\u015fmas\u0131 i\u00e7in \u00e7al\u0131\u015f\u0131yor.Bakara Suresi Sohbetleri, surenin ilk 29 ayetini derinlikli d\u00fc\u015f\u00fcnme metoduyla okurlar\u0131na sunuyor. \u00c7\u00fcnk\u00fc Kur\u2019an derin d\u00fc\u015f\u00fcnmeyi talep eder&#8230;<\/p>\n","protected":false},"excerpt":{"rendered":"<p>M\u00fcsl\u00fcman bir toplumda bile iman\u0131n azalmas\u0131 m\u00fcmk\u00fcn m\u00fcd\u00fcr?Bir nesilden sonrakine ge\u00e7tik\u00e7e Allah\u2019tan uzakla\u015fmak m\u00fcmk\u00fcn m\u00fcd\u00fcr?Gittik\u00e7e maneviyattan daha uzak, daha maddeci, daha gafil mi oluyoruz?Art\u0131k namazlarda a\u011flam\u0131yoruz,<span class=\"excerpt-hellip\"> [\u2026]<\/span><\/p>\n","protected":false},"featured_media":0,"template":"","meta":{"_monsterinsights_skip_tracking":false,"_monsterinsights_sitenote_active":false,"_monsterinsights_sitenote_note":"","_monsterinsights_sitenote_category":0},"product_brand":[],"product_cat":[13036,12718,12719],"product_tag":[],"class_list":{"0":"post-746769","1":"product","2":"type-product","3":"status-publish","5":"product_cat-arastirma-inceleme-islam","6":"product_cat-din","7":"product_cat-islam","8":"pa_cilt-ciltsiz","9":"pa_tur-kitap","10":"pa_yayinevi-timas-yayinlari","11":"pa_yazar-nouman-ali-khan","13":"first","14":"instock","15":"sale","16":"shipping-taxable","17":"purchasable","18":"product-type-simple"},"_links":{"self":[{"href":"https:\/\/roveyayinevi.com.tr\/index.php\/wp-json\/wp\/v2\/product\/746769","targetHints":{"allow":["GET"]}}],"collection":[{"href":"https:\/\/roveyayinevi.com.tr\/index.php\/wp-json\/wp\/v2\/product"}],"about":[{"href":"https:\/\/roveyayinevi.com.tr\/index.php\/wp-json\/wp\/v2\/types\/product"}],"wp:attachment":[{"href":"https:\/\/roveyayinevi.com.tr\/index.php\/wp-json\/wp\/v2\/media?parent=746769"}],"wp:term":[{"taxonomy":"product_brand","embeddable":true,"href":"https:\/\/roveyayinevi.com.tr\/index.php\/wp-json\/wp\/v2\/product_brand?post=746769"},{"taxonomy":"product_cat","embeddable":true,"href":"https:\/\/roveyayinevi.com.tr\/index.php\/wp-json\/wp\/v2\/product_cat?post=746769"},{"taxonomy":"product_tag","embeddable":true,"href":"https:\/\/roveyayinevi.com.tr\/index.php\/wp-json\/wp\/v2\/product_tag?post=746769"}],"curies":[{"name":"wp","href":"https:\/\/api.w.org\/{rel}","templated":true}]}}