{"id":746762,"date":"2025-08-28T02:50:14","date_gmt":"2025-08-27T23:50:14","guid":{"rendered":"https:\/\/roveyayinevi.com.tr\/index.php\/urun\/mecnun\/"},"modified":"2026-04-16T02:59:01","modified_gmt":"2026-04-15T23:59:01","slug":"mecnun","status":"publish","type":"product","link":"https:\/\/roveyayinevi.com.tr\/index.php\/urun\/mecnun\/","title":{"rendered":"Mecnun"},"content":{"rendered":"<p>Michael W. Dols\u2019un son halini hasta yata\u011f\u0131ndayken verdi\u011fi Mecnun: Orta\u00e7a\u011f \u0130slam Toplumunda Deli tam bir arma\u011fan: Galenos ve \u0130bn S\u00een\u00e2\u2019dan, Fuzuli ve Niz\u00e2m\u00ee\u2019den, Ser\u00e2biy\u00fbn ve Neys\u00e2b\u00fbr\u00ee\u2019den, C\u00fcneyd-i Ba\u011fd\u00e2d\u00ee ve Hall\u00e2c-\u0131 Mans\u00fbr\u2019dan, Deylemli Yuhanna ve Andreas-Markos-Simeon\u2019dan, aziz ve ermi\u015ften, ukal\u00e2u\u2019l-mec\u00e2n\u00een ve daha nicelerinden kopar\u0131l\u0131p getirilen bir karanfil; say\u0131s\u0131z tarih\u00ee, t\u0131bb\u00ee ve edeb\u00ee kayna\u011fa sahip, e\u015fi benzeri olmayan akademik bir \u00e7al\u0131\u015fma.   \u0130slam toplumuna ilgi duyup da bu \u00e7al\u0131\u015fmay\u0131 b\u00fcy\u00fcleyici bulmayacak tek bir ki\u015fi bile yoktur. \u2013British Journal of Medical Psychology   Michael Dols\u2019un \u0130slam toplumunda delilik ve deli mevzuuna dair bu muhte\u015fem kitab\u0131 zor olan\u0131 ba\u015far\u0131yor. \u2013Newsline   Bu denli kapsaml\u0131 ve katmanl\u0131 bir \u00e7al\u0131\u015fma yap\u0131lmam\u0131\u015ft\u0131. Michael Dols, bilim d\u00fcnyas\u0131na g\u00f6rkemli bir yap\u0131 kazand\u0131rm\u0131\u015f oldu. \u2013International Journal of Middle East Studies     \u00d6nc\u00fc bir anlat\u0131, de\u011feri mutlaka bilinmeli. Bu b\u00fcy\u00fcleyici ve kar\u0131\u015f\u0131k meseleye ilgi duyanlar i\u00e7in bir olmazsa olmaz. \u2013Journal of Islamic Studies <\/p>\n","protected":false},"excerpt":{"rendered":"<p>Michael W. Dols\u2019un son halini hasta yata\u011f\u0131ndayken verdi\u011fi Mecnun: Orta\u00e7a\u011f \u0130slam Toplumunda Deli tam bir arma\u011fan: Galenos ve \u0130bn S\u00een\u00e2\u2019dan, Fuzuli ve Niz\u00e2m\u00ee\u2019den, Ser\u00e2biy\u00fbn ve Neys\u00e2b\u00fbr\u00ee\u2019den,<span class=\"excerpt-hellip\"> [\u2026]<\/span><\/p>\n","protected":false},"featured_media":0,"template":"","meta":{"_monsterinsights_skip_tracking":false,"_monsterinsights_sitenote_active":false,"_monsterinsights_sitenote_note":"","_monsterinsights_sitenote_category":0},"product_brand":[],"product_cat":[13036,12718,12719],"product_tag":[],"class_list":{"0":"post-746762","1":"product","2":"type-product","3":"status-publish","5":"product_cat-arastirma-inceleme-islam","6":"product_cat-din","7":"product_cat-islam","8":"pa_cilt-ciltsiz","9":"pa_tur-kitap","10":"pa_yayinevi-alfa-yayinlari","11":"pa_yazar-michael-w-dols","13":"first","14":"instock","15":"sale","16":"shipping-taxable","17":"purchasable","18":"product-type-simple"},"_links":{"self":[{"href":"https:\/\/roveyayinevi.com.tr\/index.php\/wp-json\/wp\/v2\/product\/746762","targetHints":{"allow":["GET"]}}],"collection":[{"href":"https:\/\/roveyayinevi.com.tr\/index.php\/wp-json\/wp\/v2\/product"}],"about":[{"href":"https:\/\/roveyayinevi.com.tr\/index.php\/wp-json\/wp\/v2\/types\/product"}],"wp:attachment":[{"href":"https:\/\/roveyayinevi.com.tr\/index.php\/wp-json\/wp\/v2\/media?parent=746762"}],"wp:term":[{"taxonomy":"product_brand","embeddable":true,"href":"https:\/\/roveyayinevi.com.tr\/index.php\/wp-json\/wp\/v2\/product_brand?post=746762"},{"taxonomy":"product_cat","embeddable":true,"href":"https:\/\/roveyayinevi.com.tr\/index.php\/wp-json\/wp\/v2\/product_cat?post=746762"},{"taxonomy":"product_tag","embeddable":true,"href":"https:\/\/roveyayinevi.com.tr\/index.php\/wp-json\/wp\/v2\/product_tag?post=746762"}],"curies":[{"name":"wp","href":"https:\/\/api.w.org\/{rel}","templated":true}]}}