{"id":746756,"date":"2025-08-28T02:50:05","date_gmt":"2025-08-27T23:50:05","guid":{"rendered":"https:\/\/roveyayinevi.com.tr\/index.php\/urun\/barbie-renkler-cildirdi-cikartmali-boyama-partisi\/"},"modified":"2026-04-16T02:59:01","modified_gmt":"2026-04-15T23:59:01","slug":"barbie-renkler-cildirdi-cikartmali-boyama-partisi","status":"publish","type":"product","link":"https:\/\/roveyayinevi.com.tr\/index.php\/urun\/barbie-renkler-cildirdi-cikartmali-boyama-partisi\/","title":{"rendered":"Barbie &#8211; Renkler \u00c7\u0131ld\u0131rd\u0131! \u00c7\u0131kartmal\u0131 Boyama Partisi"},"content":{"rendered":"<p>Parti ba\u015flamak \u00fczere, acele et! En \u00e7\u0131lg\u0131n renkleri se\u00e7, boyamaya ba\u015fla. Muhte\u015fem resimleri renklendir, \u00e7\u0131kartmalarla s\u00fcslemeyi de unutma! <\/p>\n","protected":false},"excerpt":{"rendered":"<p>Parti ba\u015flamak \u00fczere, acele et! En \u00e7\u0131lg\u0131n renkleri se\u00e7, boyamaya ba\u015fla. Muhte\u015fem resimleri renklendir, \u00e7\u0131kartmalarla s\u00fcslemeyi de unutma!<\/p>\n","protected":false},"featured_media":0,"template":"","meta":{"_monsterinsights_skip_tracking":false,"_monsterinsights_sitenote_active":false,"_monsterinsights_sitenote_note":"","_monsterinsights_sitenote_category":0},"product_brand":[],"product_cat":[12644,12274],"product_tag":[],"class_list":{"0":"post-746756","1":"product","2":"type-product","3":"status-publish","5":"product_cat-boyama-kitaplari","6":"product_cat-cocuk-ve-genclik-kitaplari","7":"pa_cilt-ciltsiz","8":"pa_tur-kitap","9":"pa_yayinevi-dogan-cocuk","10":"pa_yazar-kolektif","12":"first","13":"instock","14":"sale","15":"shipping-taxable","16":"purchasable","17":"product-type-simple"},"_links":{"self":[{"href":"https:\/\/roveyayinevi.com.tr\/index.php\/wp-json\/wp\/v2\/product\/746756","targetHints":{"allow":["GET"]}}],"collection":[{"href":"https:\/\/roveyayinevi.com.tr\/index.php\/wp-json\/wp\/v2\/product"}],"about":[{"href":"https:\/\/roveyayinevi.com.tr\/index.php\/wp-json\/wp\/v2\/types\/product"}],"wp:attachment":[{"href":"https:\/\/roveyayinevi.com.tr\/index.php\/wp-json\/wp\/v2\/media?parent=746756"}],"wp:term":[{"taxonomy":"product_brand","embeddable":true,"href":"https:\/\/roveyayinevi.com.tr\/index.php\/wp-json\/wp\/v2\/product_brand?post=746756"},{"taxonomy":"product_cat","embeddable":true,"href":"https:\/\/roveyayinevi.com.tr\/index.php\/wp-json\/wp\/v2\/product_cat?post=746756"},{"taxonomy":"product_tag","embeddable":true,"href":"https:\/\/roveyayinevi.com.tr\/index.php\/wp-json\/wp\/v2\/product_tag?post=746756"}],"curies":[{"name":"wp","href":"https:\/\/api.w.org\/{rel}","templated":true}]}}